{"id":187316,"date":"2026-03-30T14:50:01","date_gmt":"2026-03-30T14:50:01","guid":{"rendered":"https:\/\/modesthanim.com\/product\/a-kesim-poplin-etek\/"},"modified":"2026-03-30T15:08:11","modified_gmt":"2026-03-30T15:08:11","slug":"a-kesim-poplin-etek","status":"publish","type":"product","link":"https:\/\/mod.wisdar.net\/tr\/urun\/a-kesim-poplin-etek\/","title":{"rendered":"A Kesim Poplin Etek"},"content":{"rendered":"<p>A Kesim Poplin Etek, hafif ve nefes alabilir poplin kuma\u015f\u0131yla konforlu bir kullan\u0131m sunar. A kesim tasar\u0131m\u0131 zarif bir siluet yarat\u0131rken, g\u00fcnl\u00fck ve \u015f\u0131k kombinler i\u00e7in ideal bir tercih sa\u011flar.<\/p>\n<p>\u2014 Technical Details \u2014<br \/>\ngender: Kad\u0131n<br \/>\nfabric: Poplin<br \/>\ncut: A Kesim<br \/>\nproduct_type: Etek<br \/>\nproduct_height: 95<br \/>\ncolor: Ekru<br \/>\nmodel_measurements: 36 Beden \u2013 1,72cm \u2013 88\/60\/90<br \/>\ncountry_of_origin: TR<\/p>\n","protected":false},"excerpt":{"rendered":"<p>A Kesim Poplin Etek, hafif ve nefes alabilir poplin kuma\u015f\u0131yla konforlu bir kullan\u0131m sunar. A kesim tasar\u0131m\u0131 zarif bir siluet yarat\u0131rken, g\u00fcnl\u00fck ve \u015f\u0131k kombinler i\u00e7in ideal bir tercih sa\u011flar. \u2014 Technical Details \u2014 gender: Kad\u0131n fabric: Poplin cut: A Kesim product_type: Etek product_height: 95 color: Ekru model_measurements: 36 Beden \u2013 1,72cm \u2013 88\/60\/90 country_of_origin: [&hellip;]<\/p>\n","protected":false},"featured_media":187305,"comment_status":"open","ping_status":"closed","template":"","meta":[],"product_brand":[],"product_cat":[1969],"product_tag":[4847,6757],"class_list":{"0":"post-187316","1":"product","2":"type-product","3":"status-publish","4":"has-post-thumbnail","6":"product_cat-etekler","7":"product_tag-a-line","8":"product_tag-ekru","9":"pa_brand-defacto","10":"pa_color-ekru","11":"pa_size-4701","12":"pa_size-4706","13":"pa_size-4711","14":"pa_size-4713","15":"pa_size-4751","17":"first","18":"instock","19":"sale","20":"shipping-taxable","21":"purchasable","22":"product-type-variable"},"_links":{"self":[{"href":"https:\/\/mod.wisdar.net\/tr\/wp-json\/wp\/v2\/product\/187316","targetHints":{"allow":["GET"]}}],"collection":[{"href":"https:\/\/mod.wisdar.net\/tr\/wp-json\/wp\/v2\/product"}],"about":[{"href":"https:\/\/mod.wisdar.net\/tr\/wp-json\/wp\/v2\/types\/product"}],"replies":[{"embeddable":true,"href":"https:\/\/mod.wisdar.net\/tr\/wp-json\/wp\/v2\/comments?post=187316"}],"wp:featuredmedia":[{"embeddable":true,"href":"https:\/\/mod.wisdar.net\/tr\/wp-json\/wp\/v2\/media\/187305"}],"wp:attachment":[{"href":"https:\/\/mod.wisdar.net\/tr\/wp-json\/wp\/v2\/media?parent=187316"}],"wp:term":[{"taxonomy":"product_brand","embeddable":true,"href":"https:\/\/mod.wisdar.net\/tr\/wp-json\/wp\/v2\/product_brand?post=187316"},{"taxonomy":"product_cat","embeddable":true,"href":"https:\/\/mod.wisdar.net\/tr\/wp-json\/wp\/v2\/product_cat?post=187316"},{"taxonomy":"product_tag","embeddable":true,"href":"https:\/\/mod.wisdar.net\/tr\/wp-json\/wp\/v2\/product_tag?post=187316"}],"curies":[{"name":"wp","href":"https:\/\/api.w.org\/{rel}","templated":true}]}}