{"id":187324,"date":"2026-03-30T14:50:04","date_gmt":"2026-03-30T14:50:04","guid":{"rendered":"https:\/\/modesthanim.com\/product\/a-kesim-maxi-etek\/"},"modified":"2026-04-05T03:33:14","modified_gmt":"2026-04-05T03:33:14","slug":"a-kesim-maxi-etek","status":"publish","type":"product","link":"https:\/\/mod.wisdar.net\/tr\/urun\/a-kesim-maxi-etek\/","title":{"rendered":"A Kesim Maxi Etek"},"content":{"rendered":"<p>A Kesim Maxi Etek, belden geni\u015fleyen kesimiyle zarif ve rahat bir siluet sunar. Hafif kuma\u015f\u0131yla hareket \u00f6zg\u00fcrl\u00fc\u011f\u00fc sa\u011flar, hem g\u00fcnl\u00fck hem \u00f6zel kombinlere kolayca uyum sa\u011flar.<\/p>\n<p>\u2014 Teknik Detaylar \u2014<br \/>\ncinsiyet: Kad\u0131n<br \/>\n\u00fcr\u00fcn tipi: Etek<br \/>\n\u00fcr\u00fcn uzunlu\u011fu: Maxi<br \/>\nrenk: Siyah<br \/>\ndesen: A Kesim<br \/>\n\u00fcr\u00fcn y\u00fcksekli\u011fi: 95<br \/>\nmen\u015fei: TR<br \/>\nmodel \u00f6l\u00e7\u00fcleri: 36 Beden \u2013 1,74cm \u2013 84\/61\/92<\/p>\n","protected":false},"excerpt":{"rendered":"<p>A Kesim Maxi Etek, belden geni\u015fleyen kesimiyle zarif ve rahat bir siluet sunar. Hafif kuma\u015f\u0131yla hareket \u00f6zg\u00fcrl\u00fc\u011f\u00fc sa\u011flar, hem g\u00fcnl\u00fck hem \u00f6zel kombinlere kolayca uyum sa\u011flar. \u2014 Teknik Detaylar \u2014 cinsiyet: Kad\u0131n \u00fcr\u00fcn tipi: Etek \u00fcr\u00fcn uzunlu\u011fu: Maxi renk: Siyah desen: A Kesim \u00fcr\u00fcn y\u00fcksekli\u011fi: 95 men\u015fei: TR model \u00f6l\u00e7\u00fcleri: 36 Beden \u2013 1,74cm \u2013 [&hellip;]<\/p>\n","protected":false},"featured_media":187306,"comment_status":"open","ping_status":"closed","template":"","meta":[],"product_brand":[],"product_cat":[1969],"product_tag":[12169,12168,12167,12166],"class_list":{"0":"post-187324","1":"product","2":"type-product","3":"status-publish","4":"has-post-thumbnail","6":"product_cat-etekler","7":"product_tag-a-kesim-maxi-etek","8":"product_tag-kadin-a-kesim-maxi-etek","9":"product_tag-siyah-a-kesim-maxi-etek","10":"product_tag-siyah-kadin-a-kesim-maxi-etek","11":"pa_brand-defacto","12":"pa_color-siyah","13":"pa_size-4701","14":"pa_size-4706","15":"pa_size-4711","16":"pa_size-4713","18":"first","19":"instock","20":"shipping-taxable","21":"purchasable","22":"product-type-variable"},"_links":{"self":[{"href":"https:\/\/mod.wisdar.net\/tr\/wp-json\/wp\/v2\/product\/187324","targetHints":{"allow":["GET"]}}],"collection":[{"href":"https:\/\/mod.wisdar.net\/tr\/wp-json\/wp\/v2\/product"}],"about":[{"href":"https:\/\/mod.wisdar.net\/tr\/wp-json\/wp\/v2\/types\/product"}],"replies":[{"embeddable":true,"href":"https:\/\/mod.wisdar.net\/tr\/wp-json\/wp\/v2\/comments?post=187324"}],"wp:featuredmedia":[{"embeddable":true,"href":"https:\/\/mod.wisdar.net\/tr\/wp-json\/wp\/v2\/media\/187306"}],"wp:attachment":[{"href":"https:\/\/mod.wisdar.net\/tr\/wp-json\/wp\/v2\/media?parent=187324"}],"wp:term":[{"taxonomy":"product_brand","embeddable":true,"href":"https:\/\/mod.wisdar.net\/tr\/wp-json\/wp\/v2\/product_brand?post=187324"},{"taxonomy":"product_cat","embeddable":true,"href":"https:\/\/mod.wisdar.net\/tr\/wp-json\/wp\/v2\/product_cat?post=187324"},{"taxonomy":"product_tag","embeddable":true,"href":"https:\/\/mod.wisdar.net\/tr\/wp-json\/wp\/v2\/product_tag?post=187324"}],"curies":[{"name":"wp","href":"https:\/\/api.w.org\/{rel}","templated":true}]}}