{"id":187391,"date":"2026-03-30T14:51:53","date_gmt":"2026-03-30T14:51:53","guid":{"rendered":"https:\/\/modesthanim.com\/product\/%100-pamuk-regular-fit-flamli-uzun-kollu-tunik\/"},"modified":"2026-03-30T15:08:44","modified_gmt":"2026-03-30T15:08:44","slug":"%100-pamuk-regular-fit-flamli-uzun-kollu-tunik","status":"publish","type":"product","link":"https:\/\/mod.wisdar.net\/tr\/urun\/%100-pamuk-regular-fit-flamli-uzun-kollu-tunik\/","title":{"rendered":"%100 Pamuk Regular F\u0131t Flaml\u0131 Uzun Kollu Tunik"},"content":{"rendered":"<p>Flaml\u0131 pamuk tunik, yumu\u015fak dokusu ve rahat kesimiyle g\u00fcnl\u00fck \u015f\u0131kl\u0131k sunar. Hafif yap\u0131s\u0131 sayesinde konforlu bir kullan\u0131m sa\u011flar.<\/p>\n<p>\u2014 Technical Details \u2014<br \/>\nKuma\u015f Kal\u0131nl\u0131k Bilgisi: \u0130nce<br \/>\n\u00dcr\u00fcn Y\u00fcksekli\u011fi: 65<br \/>\nKal\u0131p: Regular F\u0131t<br \/>\nRenk: Kahverengi<br \/>\nCinsiyet: Kad\u0131n<br \/>\nModelin \u00d6l\u00e7\u00fcleri: S Beden \u2013 1,72cm \u2013 88\/60\/90<br \/>\nNumune Bedeni: S<br \/>\nMarka: Defacto<br \/>\nMen\u015fei: TR<br \/>\n\u00dcr\u00fcn Grubu: Kad\u0131n Tunik<\/p>\n","protected":false},"excerpt":{"rendered":"<p>Flaml\u0131 pamuk tunik, yumu\u015fak dokusu ve rahat kesimiyle g\u00fcnl\u00fck \u015f\u0131kl\u0131k sunar. Hafif yap\u0131s\u0131 sayesinde konforlu bir kullan\u0131m sa\u011flar. \u2014 Technical Details \u2014 Kuma\u015f Kal\u0131nl\u0131k Bilgisi: \u0130nce \u00dcr\u00fcn Y\u00fcksekli\u011fi: 65 Kal\u0131p: Regular F\u0131t Renk: Kahverengi Cinsiyet: Kad\u0131n Modelin \u00d6l\u00e7\u00fcleri: S Beden \u2013 1,72cm \u2013 88\/60\/90 Numune Bedeni: S Marka: Defacto Men\u015fei: TR \u00dcr\u00fcn Grubu: Kad\u0131n Tunik<\/p>\n","protected":false},"featured_media":187381,"comment_status":"open","ping_status":"closed","template":"","meta":[],"product_brand":[],"product_cat":[2050],"product_tag":[12177,12173,12171,12175],"class_list":{"0":"post-187391","1":"product","2":"type-product","3":"status-publish","4":"has-post-thumbnail","6":"product_cat-blazer-ceketler","7":"product_tag-100-cotton-regular-fit-flounce-long-sleeve-tunic","8":"product_tag-brown-100-cotton-regular-fit-flounce-long-sleeve-tunic","9":"product_tag-brown-women-100-cotton-regular-fit-flounce-long-sleeve-tunic","10":"product_tag-women-100-cotton-regular-fit-flounce-long-sleeve-tunic","11":"pa_brand-defacto","12":"pa_color-kahve","13":"pa_size-l","14":"pa_size-m","15":"pa_size-s","16":"pa_size-xl","18":"first","19":"instock","20":"shipping-taxable","21":"purchasable","22":"product-type-variable"},"_links":{"self":[{"href":"https:\/\/mod.wisdar.net\/tr\/wp-json\/wp\/v2\/product\/187391","targetHints":{"allow":["GET"]}}],"collection":[{"href":"https:\/\/mod.wisdar.net\/tr\/wp-json\/wp\/v2\/product"}],"about":[{"href":"https:\/\/mod.wisdar.net\/tr\/wp-json\/wp\/v2\/types\/product"}],"replies":[{"embeddable":true,"href":"https:\/\/mod.wisdar.net\/tr\/wp-json\/wp\/v2\/comments?post=187391"}],"wp:featuredmedia":[{"embeddable":true,"href":"https:\/\/mod.wisdar.net\/tr\/wp-json\/wp\/v2\/media\/187381"}],"wp:attachment":[{"href":"https:\/\/mod.wisdar.net\/tr\/wp-json\/wp\/v2\/media?parent=187391"}],"wp:term":[{"taxonomy":"product_brand","embeddable":true,"href":"https:\/\/mod.wisdar.net\/tr\/wp-json\/wp\/v2\/product_brand?post=187391"},{"taxonomy":"product_cat","embeddable":true,"href":"https:\/\/mod.wisdar.net\/tr\/wp-json\/wp\/v2\/product_cat?post=187391"},{"taxonomy":"product_tag","embeddable":true,"href":"https:\/\/mod.wisdar.net\/tr\/wp-json\/wp\/v2\/product_tag?post=187391"}],"curies":[{"name":"wp","href":"https:\/\/api.w.org\/{rel}","templated":true}]}}