{"id":187416,"date":"2026-03-30T14:52:09","date_gmt":"2026-03-30T14:52:09","guid":{"rendered":"https:\/\/modesthanim.com\/product\/%100-pamuk-poplin-gomlek-tunik\/"},"modified":"2026-03-30T15:08:40","modified_gmt":"2026-03-30T15:08:40","slug":"%100-pamuk-poplin-gomlek-tunik","status":"publish","type":"product","link":"https:\/\/mod.wisdar.net\/tr\/urun\/%100-pamuk-poplin-gomlek-tunik\/","title":{"rendered":"%100 Pamuk Poplin G\u00f6mlek Tunik"},"content":{"rendered":"<p>Poplin g\u00f6mlek tunik, hafif ve nefes alabilen kuma\u015f\u0131yla g\u00fcn boyu konfor sa\u011flar. \u015e\u0131k ve sade tasar\u0131m\u0131yla hem g\u00fcnl\u00fck hem i\u015f kombini i\u00e7in ideal bir par\u00e7ad\u0131r.<\/p>\n<p>\u2014 Technical Details \u2014<br \/>\nKal\u0131p: Regular F\u0131t<br \/>\nKuma\u015f: Poplin<br \/>\nKuma\u015f Kal\u0131nl\u0131k Bilgisi: \u0130nce<br \/>\nCinsiyet: Kad\u0131n<br \/>\n\u00dcr\u00fcn Y\u00fcksekli\u011fi: 80<br \/>\nRenk: Mavi<br \/>\nMarka: Defacto<br \/>\nMen\u015fei: TR<br \/>\n\u00dcr\u00fcn Grubu: Kad\u0131n Tunik<br \/>\nNumune Bedeni: S<\/p>\n","protected":false},"excerpt":{"rendered":"<p>Poplin g\u00f6mlek tunik, hafif ve nefes alabilen kuma\u015f\u0131yla g\u00fcn boyu konfor sa\u011flar. \u015e\u0131k ve sade tasar\u0131m\u0131yla hem g\u00fcnl\u00fck hem i\u015f kombini i\u00e7in ideal bir par\u00e7ad\u0131r. \u2014 Technical Details \u2014 Kal\u0131p: Regular F\u0131t Kuma\u015f: Poplin Kuma\u015f Kal\u0131nl\u0131k Bilgisi: \u0130nce Cinsiyet: Kad\u0131n \u00dcr\u00fcn Y\u00fcksekli\u011fi: 80 Renk: Mavi Marka: Defacto Men\u015fei: TR \u00dcr\u00fcn Grubu: Kad\u0131n Tunik Numune Bedeni: [&hellip;]<\/p>\n","protected":false},"featured_media":187398,"comment_status":"open","ping_status":"closed","template":"","meta":[],"product_brand":[],"product_cat":[1909],"product_tag":[12176,12172,12170,12174],"class_list":{"0":"post-187416","1":"product","2":"type-product","3":"status-publish","4":"has-post-thumbnail","6":"product_cat-bluzlar-ve-gomlekler","7":"product_tag-100-cotton-poplin-shirt-tunic","8":"product_tag-blue-100-cotton-poplin-shirt-tunic","9":"product_tag-blue-women-100-cotton-poplin-shirt-tunic","10":"product_tag-women-100-cotton-poplin-shirt-tunic","11":"pa_brand-defacto","12":"pa_color-mavi","13":"pa_size-l","14":"pa_size-m","15":"pa_size-s","16":"pa_size-xl","18":"first","19":"instock","20":"shipping-taxable","21":"purchasable","22":"product-type-variable"},"_links":{"self":[{"href":"https:\/\/mod.wisdar.net\/tr\/wp-json\/wp\/v2\/product\/187416","targetHints":{"allow":["GET"]}}],"collection":[{"href":"https:\/\/mod.wisdar.net\/tr\/wp-json\/wp\/v2\/product"}],"about":[{"href":"https:\/\/mod.wisdar.net\/tr\/wp-json\/wp\/v2\/types\/product"}],"replies":[{"embeddable":true,"href":"https:\/\/mod.wisdar.net\/tr\/wp-json\/wp\/v2\/comments?post=187416"}],"wp:featuredmedia":[{"embeddable":true,"href":"https:\/\/mod.wisdar.net\/tr\/wp-json\/wp\/v2\/media\/187398"}],"wp:attachment":[{"href":"https:\/\/mod.wisdar.net\/tr\/wp-json\/wp\/v2\/media?parent=187416"}],"wp:term":[{"taxonomy":"product_brand","embeddable":true,"href":"https:\/\/mod.wisdar.net\/tr\/wp-json\/wp\/v2\/product_brand?post=187416"},{"taxonomy":"product_cat","embeddable":true,"href":"https:\/\/mod.wisdar.net\/tr\/wp-json\/wp\/v2\/product_cat?post=187416"},{"taxonomy":"product_tag","embeddable":true,"href":"https:\/\/mod.wisdar.net\/tr\/wp-json\/wp\/v2\/product_tag?post=187416"}],"curies":[{"name":"wp","href":"https:\/\/api.w.org\/{rel}","templated":true}]}}