{"id":187461,"date":"2026-03-30T14:53:41","date_gmt":"2026-03-30T14:53:41","guid":{"rendered":"https:\/\/modesthanim.com\/product\/baglamali-poplin-gomlek-tunik\/"},"modified":"2026-03-30T15:09:08","modified_gmt":"2026-03-30T15:09:08","slug":"baglamali-poplin-gomlek-tunik","status":"publish","type":"product","link":"https:\/\/mod.wisdar.net\/tr\/urun\/baglamali-poplin-gomlek-tunik\/","title":{"rendered":"Ba\u011flamal\u0131 Poplin G\u00f6mlek Tunik"},"content":{"rendered":"<p>Arad\u0131\u011f\u0131n Sar\u0131 Kad\u0131n Ba\u011flamal\u0131 Poplin G\u00f6mlek Tunik en uygun fiyatla DeFacto&#8217;da! Yeni sezon Sar\u0131 Kad\u0131n Ba\u011flamal\u0131 Poplin G\u00f6mlek Tunik i\u00e7in hemen DeFacto&#8217;ya t\u0131kla!<\/p>\n<p>\u2014 Technical Details \u2014<br \/>\nKal\u0131p: Regular F\u0131t<br \/>\nRenk: Sar\u0131<br \/>\nKuma\u015f Kal\u0131nl\u0131k Bilgisi: \u0130nce<br \/>\nCinsiyet: Kad\u0131n<br \/>\n\u00dcr\u00fcn Y\u00fcksekli\u011fi: 68<br \/>\nKuma\u015f: Poplin<\/p>\n","protected":false},"excerpt":{"rendered":"<p>Arad\u0131\u011f\u0131n Sar\u0131 Kad\u0131n Ba\u011flamal\u0131 Poplin G\u00f6mlek Tunik en uygun fiyatla DeFacto&#8217;da! Yeni sezon Sar\u0131 Kad\u0131n Ba\u011flamal\u0131 Poplin G\u00f6mlek Tunik i\u00e7in hemen DeFacto&#8217;ya t\u0131kla! \u2014 Technical Details \u2014 Kal\u0131p: Regular F\u0131t Renk: Sar\u0131 Kuma\u015f Kal\u0131nl\u0131k Bilgisi: \u0130nce Cinsiyet: Kad\u0131n \u00dcr\u00fcn Y\u00fcksekli\u011fi: 68 Kuma\u015f: Poplin<\/p>\n","protected":false},"featured_media":187453,"comment_status":"open","ping_status":"closed","template":"","meta":[],"product_brand":[],"product_cat":[2050],"product_tag":[12181,12180,12179,12178],"class_list":{"0":"post-187461","1":"product","2":"type-product","3":"status-publish","4":"has-post-thumbnail","6":"product_cat-blazer-ceketler","7":"product_tag-tie-front-poplin-shirt-tunic","8":"product_tag-womens-tie-front-poplin-shirt-tunic","9":"product_tag-yellow-tie-front-poplin-shirt-tunic","10":"product_tag-yellow-womens-tie-front-poplin-shirt-tunic","11":"pa_brand-defacto","12":"pa_color-acik-sari","13":"pa_size-l","14":"pa_size-m","15":"pa_size-s","16":"pa_size-xl","18":"first","19":"instock","20":"shipping-taxable","21":"purchasable","22":"product-type-variable"},"_links":{"self":[{"href":"https:\/\/mod.wisdar.net\/tr\/wp-json\/wp\/v2\/product\/187461","targetHints":{"allow":["GET"]}}],"collection":[{"href":"https:\/\/mod.wisdar.net\/tr\/wp-json\/wp\/v2\/product"}],"about":[{"href":"https:\/\/mod.wisdar.net\/tr\/wp-json\/wp\/v2\/types\/product"}],"replies":[{"embeddable":true,"href":"https:\/\/mod.wisdar.net\/tr\/wp-json\/wp\/v2\/comments?post=187461"}],"wp:featuredmedia":[{"embeddable":true,"href":"https:\/\/mod.wisdar.net\/tr\/wp-json\/wp\/v2\/media\/187453"}],"wp:attachment":[{"href":"https:\/\/mod.wisdar.net\/tr\/wp-json\/wp\/v2\/media?parent=187461"}],"wp:term":[{"taxonomy":"product_brand","embeddable":true,"href":"https:\/\/mod.wisdar.net\/tr\/wp-json\/wp\/v2\/product_brand?post=187461"},{"taxonomy":"product_cat","embeddable":true,"href":"https:\/\/mod.wisdar.net\/tr\/wp-json\/wp\/v2\/product_cat?post=187461"},{"taxonomy":"product_tag","embeddable":true,"href":"https:\/\/mod.wisdar.net\/tr\/wp-json\/wp\/v2\/product_tag?post=187461"}],"curies":[{"name":"wp","href":"https:\/\/api.w.org\/{rel}","templated":true}]}}