{"id":187492,"date":"2026-03-30T14:54:06","date_gmt":"2026-03-30T14:54:06","guid":{"rendered":"https:\/\/modesthanim.com\/product\/%100-pamuk-regular-fit-polo-yaka-sweatshirt-tunik\/"},"modified":"2026-04-11T05:14:42","modified_gmt":"2026-04-11T05:14:42","slug":"%100-pamuk-regular-fit-polo-yaka-sweatshirt-tunik","status":"publish","type":"product","link":"https:\/\/mod.wisdar.net\/tr\/urun\/%100-pamuk-regular-fit-polo-yaka-sweatshirt-tunik\/","title":{"rendered":"%100 Pamuk Regular Fit Polo Yaka Sweatshirt Tunik"},"content":{"rendered":"<p>\u00c7izgili sweatshirt tunik, rahat kesimi ve \u015f\u0131k \u00e7izgi deseniyle g\u00fcnl\u00fck kombinlere stil katar. Yumu\u015fak kuma\u015f\u0131yla konforlu bir kullan\u0131m sunar.<\/p>\n<p>\u2014 Teknik Detaylar \u2014<br \/>\n\u00dcr\u00fcn Tipi: Sweatshirt Tunik<br \/>\nKal\u0131p: Regular Fit<br \/>\nCinsiyet: Kad\u0131n<br \/>\n\u00dcr\u00fcn Y\u00fcksekli\u011fi: 75 cm<br \/>\nKol Boyu: Uzun Kollu<br \/>\nYaka: Polo Yaka<br \/>\nMarka: Defacto<br \/>\nMen\u015fei: T\u00fcrkiye<br \/>\n\u00dcr\u00fcn Grubu: Kad\u0131n Tunik<\/p>\n","protected":false},"excerpt":{"rendered":"<p>\u00c7izgili sweatshirt tunik, rahat kesimi ve \u015f\u0131k \u00e7izgi deseniyle g\u00fcnl\u00fck kombinlere stil katar. Yumu\u015fak kuma\u015f\u0131yla konforlu bir kullan\u0131m sunar. \u2014 Teknik Detaylar \u2014 \u00dcr\u00fcn Tipi: Sweatshirt Tunik Kal\u0131p: Regular Fit Cinsiyet: Kad\u0131n \u00dcr\u00fcn Y\u00fcksekli\u011fi: 75 cm Kol Boyu: Uzun Kollu Yaka: Polo Yaka Marka: Defacto Men\u015fei: T\u00fcrkiye \u00dcr\u00fcn Grubu: Kad\u0131n Tunik<\/p>\n","protected":false},"featured_media":187485,"comment_status":"open","ping_status":"closed","template":"","meta":[],"product_brand":[],"product_cat":[1927],"product_tag":[12185,12184,12183,12182],"class_list":{"0":"post-187492","1":"product","2":"type-product","3":"status-publish","4":"has-post-thumbnail","6":"product_cat-hoodies-sweatshirtler","7":"product_tag-0-pamuk-regular-fit-polo-yaka-sweatshirt-tunik","8":"product_tag-kadin-0-pamuk-regular-fit-polo-yaka-sweatshirt-tunik","9":"product_tag-lacivert-0-pamuk-regular-fit-polo-yaka-sweatshirt-tunik","10":"product_tag-lacivert-kadin-0-pamuk-regular-fit-polo-yaka-sweatshirt-tunik","11":"pa_brand-defacto","12":"pa_color-lacivert","13":"pa_size-l","14":"pa_size-m","15":"pa_size-s","16":"pa_size-xl","17":"pa_size-xxl","19":"first","20":"instock","21":"shipping-taxable","22":"purchasable","23":"product-type-variable"},"_links":{"self":[{"href":"https:\/\/mod.wisdar.net\/tr\/wp-json\/wp\/v2\/product\/187492","targetHints":{"allow":["GET"]}}],"collection":[{"href":"https:\/\/mod.wisdar.net\/tr\/wp-json\/wp\/v2\/product"}],"about":[{"href":"https:\/\/mod.wisdar.net\/tr\/wp-json\/wp\/v2\/types\/product"}],"replies":[{"embeddable":true,"href":"https:\/\/mod.wisdar.net\/tr\/wp-json\/wp\/v2\/comments?post=187492"}],"wp:featuredmedia":[{"embeddable":true,"href":"https:\/\/mod.wisdar.net\/tr\/wp-json\/wp\/v2\/media\/187485"}],"wp:attachment":[{"href":"https:\/\/mod.wisdar.net\/tr\/wp-json\/wp\/v2\/media?parent=187492"}],"wp:term":[{"taxonomy":"product_brand","embeddable":true,"href":"https:\/\/mod.wisdar.net\/tr\/wp-json\/wp\/v2\/product_brand?post=187492"},{"taxonomy":"product_cat","embeddable":true,"href":"https:\/\/mod.wisdar.net\/tr\/wp-json\/wp\/v2\/product_cat?post=187492"},{"taxonomy":"product_tag","embeddable":true,"href":"https:\/\/mod.wisdar.net\/tr\/wp-json\/wp\/v2\/product_tag?post=187492"}],"curies":[{"name":"wp","href":"https:\/\/api.w.org\/{rel}","templated":true}]}}