{"id":18756,"date":"2025-11-02T13:58:55","date_gmt":"2025-11-02T13:58:55","guid":{"rendered":"https:\/\/modesthanim.com\/product\/ftz-kadin-lacivert-krep-pantolon-takimi-31173\/"},"modified":"2026-03-26T07:31:53","modified_gmt":"2026-03-26T07:31:53","slug":"ftz-kadin-lacivert-krep-pantolon-takimi-31173","status":"publish","type":"product","link":"https:\/\/mod.wisdar.net\/tr\/urun\/ftz-kadin-lacivert-krep-pantolon-takimi-31173\/","title":{"rendered":"FTZ Kad\u0131n Lacivert Krep Pantolon Tak\u0131m\u0131 31173"},"content":{"rendered":"<p>\u2014 Teknik Detaylar \u2014<br \/>\nKuma\u015f T\u00fcr\u00fc: Krep<br \/>\nKal\u0131p: Normal<br \/>\nKal\u0131p \u00d6zellikleri: Standart<br \/>\n\u0130plik T\u00fcr\u00fc: Sidney<br \/>\nUzunluk: 80<br \/>\nDesen: D\u00fcz<br \/>\nAstar Durumu: Astars\u0131z<br \/>\nCepler: Var<br \/>\nKal\u0131nl\u0131k: \u0130nce<br \/>\nKemer Durumu: Kemersiz<br \/>\nKol Tipi: Standart<br \/>\nMalzeme: Krep<br \/>\nPar\u00e7a Say\u0131s\u0131: 2<br \/>\nBeden Aral\u0131\u011f\u0131: 38\/44<\/p>\n","protected":false},"excerpt":{"rendered":"<p>\u2014 Teknik Detaylar \u2014 Kuma\u015f T\u00fcr\u00fc: Krep Kal\u0131p: Normal Kal\u0131p \u00d6zellikleri: Standart \u0130plik T\u00fcr\u00fc: Sidney Uzunluk: 80 Desen: D\u00fcz Astar Durumu: Astars\u0131z Cepler: Var Kal\u0131nl\u0131k: \u0130nce Kemer Durumu: Kemersiz Kol Tipi: Standart Malzeme: Krep Par\u00e7a Say\u0131s\u0131: 2 Beden Aral\u0131\u011f\u0131: 38\/44<\/p>\n","protected":false},"featured_media":18730,"comment_status":"open","ping_status":"closed","template":"","meta":[],"product_brand":[],"product_cat":[1900],"product_tag":[6908,8282],"class_list":{"0":"post-18756","1":"product","2":"type-product","3":"status-publish","4":"has-post-thumbnail","6":"product_cat-koordinatlar-setler","7":"product_tag-kadin-takim","8":"product_tag-lacivert-2","9":"pa_brand-ftz-women","10":"pa_color-lacivert","11":"pa_size-4706","12":"pa_size-4711","13":"pa_size-4713","14":"pa_size-4751","16":"first","17":"outofstock","18":"shipping-taxable","19":"product-type-variable"},"_links":{"self":[{"href":"https:\/\/mod.wisdar.net\/tr\/wp-json\/wp\/v2\/product\/18756","targetHints":{"allow":["GET"]}}],"collection":[{"href":"https:\/\/mod.wisdar.net\/tr\/wp-json\/wp\/v2\/product"}],"about":[{"href":"https:\/\/mod.wisdar.net\/tr\/wp-json\/wp\/v2\/types\/product"}],"replies":[{"embeddable":true,"href":"https:\/\/mod.wisdar.net\/tr\/wp-json\/wp\/v2\/comments?post=18756"}],"wp:featuredmedia":[{"embeddable":true,"href":"https:\/\/mod.wisdar.net\/tr\/wp-json\/wp\/v2\/media\/18730"}],"wp:attachment":[{"href":"https:\/\/mod.wisdar.net\/tr\/wp-json\/wp\/v2\/media?parent=18756"}],"wp:term":[{"taxonomy":"product_brand","embeddable":true,"href":"https:\/\/mod.wisdar.net\/tr\/wp-json\/wp\/v2\/product_brand?post=18756"},{"taxonomy":"product_cat","embeddable":true,"href":"https:\/\/mod.wisdar.net\/tr\/wp-json\/wp\/v2\/product_cat?post=18756"},{"taxonomy":"product_tag","embeddable":true,"href":"https:\/\/mod.wisdar.net\/tr\/wp-json\/wp\/v2\/product_tag?post=18756"}],"curies":[{"name":"wp","href":"https:\/\/api.w.org\/{rel}","templated":true}]}}