{"id":187564,"date":"2026-03-30T14:55:20","date_gmt":"2026-03-30T14:55:20","guid":{"rendered":"https:\/\/modesthanim.com\/product\/relax-fit-gomlek-yaka-cepli-basic-maxi-tesettur-elbise\/"},"modified":"2026-03-30T15:09:45","modified_gmt":"2026-03-30T15:09:45","slug":"relax-fit-gomlek-yaka-cepli-basic-maxi-tesettur-elbise","status":"publish","type":"product","link":"https:\/\/mod.wisdar.net\/tr\/urun\/relax-fit-gomlek-yaka-cepli-basic-maxi-tesettur-elbise\/","title":{"rendered":"Relax Fit G\u00f6mlek Yaka Cepli Bas\u0131c  Maxi Tesett\u00fcr Elbise"},"content":{"rendered":"<p>Yeti\u015fkin bayanlar i\u00e7in g\u00fcnl\u00fck kullan\u0131ma uygun lacivert renkli elbise. Relax fit kesimi ve uzun kollu tasar\u0131m\u0131yla \u00f6ne \u00e7\u0131k\u0131yor. \u0130lkbahar\/Yaz sezonuna uygun, d\u00fc\u015f\u00fck omuz detay\u0131yla \u015f\u0131k bir g\u00f6r\u00fcn\u00fcm sa\u011fl\u0131yor. G\u00f6mlek yaka detay\u0131yla tarz\u0131n\u0131z\u0131 tamamlamak i\u00e7in ideal bir se\u00e7im.<\/p>\n","protected":false},"excerpt":{"rendered":"<p>Yeti\u015fkin bayanlar i\u00e7in g\u00fcnl\u00fck kullan\u0131ma uygun lacivert renkli elbise. Relax fit kesimi ve uzun kollu tasar\u0131m\u0131yla \u00f6ne \u00e7\u0131k\u0131yor. \u0130lkbahar\/Yaz sezonuna uygun, d\u00fc\u015f\u00fck omuz detay\u0131yla \u015f\u0131k bir g\u00f6r\u00fcn\u00fcm sa\u011fl\u0131yor. G\u00f6mlek yaka detay\u0131yla tarz\u0131n\u0131z\u0131 tamamlamak i\u00e7in ideal bir se\u00e7im.<\/p>\n","protected":false},"featured_media":187544,"comment_status":"open","ping_status":"closed","template":"","meta":[],"product_brand":[],"product_cat":[6249,1933],"product_tag":[8048,6771,6882,6768],"class_list":{"0":"post-187564","1":"product","2":"type-product","3":"status-publish","4":"has-post-thumbnail","6":"product_cat-elbiseler","7":"product_cat-gunluk-ve-gunduz-elbiseleri","8":"product_tag-cep-detayi","9":"product_tag-gomlek-yaka","10":"product_tag-rahat-kesim-2","11":"product_tag-uzun-kol","12":"pa_brand-defacto","13":"pa_color-lacivert","14":"pa_size-4701","15":"pa_size-4706","16":"pa_size-4711","18":"first","19":"instock","20":"sale","21":"shipping-taxable","22":"purchasable","23":"product-type-variable"},"_links":{"self":[{"href":"https:\/\/mod.wisdar.net\/tr\/wp-json\/wp\/v2\/product\/187564","targetHints":{"allow":["GET"]}}],"collection":[{"href":"https:\/\/mod.wisdar.net\/tr\/wp-json\/wp\/v2\/product"}],"about":[{"href":"https:\/\/mod.wisdar.net\/tr\/wp-json\/wp\/v2\/types\/product"}],"replies":[{"embeddable":true,"href":"https:\/\/mod.wisdar.net\/tr\/wp-json\/wp\/v2\/comments?post=187564"}],"wp:featuredmedia":[{"embeddable":true,"href":"https:\/\/mod.wisdar.net\/tr\/wp-json\/wp\/v2\/media\/187544"}],"wp:attachment":[{"href":"https:\/\/mod.wisdar.net\/tr\/wp-json\/wp\/v2\/media?parent=187564"}],"wp:term":[{"taxonomy":"product_brand","embeddable":true,"href":"https:\/\/mod.wisdar.net\/tr\/wp-json\/wp\/v2\/product_brand?post=187564"},{"taxonomy":"product_cat","embeddable":true,"href":"https:\/\/mod.wisdar.net\/tr\/wp-json\/wp\/v2\/product_cat?post=187564"},{"taxonomy":"product_tag","embeddable":true,"href":"https:\/\/mod.wisdar.net\/tr\/wp-json\/wp\/v2\/product_tag?post=187564"}],"curies":[{"name":"wp","href":"https:\/\/api.w.org\/{rel}","templated":true}]}}