{"id":187573,"date":"2026-03-30T14:55:53","date_gmt":"2026-03-30T14:55:53","guid":{"rendered":"https:\/\/modesthanim.com\/product\/elbise-kiz-bebek-3\/"},"modified":"2026-03-30T14:56:47","modified_gmt":"2026-03-30T14:56:47","slug":"elbise-kiz-bebek-3","status":"publish","type":"product","link":"https:\/\/mod.wisdar.net\/tr\/urun\/elbise-kiz-bebek-3\/","title":{"rendered":"Elbise K\u0131z Bebek"},"content":{"rendered":"<p>K\u0131z \u00e7ocuk k\u0131rm\u0131z\u0131 elbise, \u015f\u0131k fiyonk detayl\u0131 geni\u015f yaka tasar\u0131m\u0131yla dikkat \u00e7eker. Yumu\u015fak ve kaliteli kuma\u015f\u0131, miniklere g\u00fcn boyu rahatl\u0131k sa\u011flar. \u00d6zel g\u00fcnler ve davetler i\u00e7in ideal, zarif ve sevimli bir par\u00e7ad\u0131r.<\/p>\n<p>\u2014 Technical Details \u2014<br \/>\ngender: K\u0131z Bebek<br \/>\nsleeve_length: K\u0131sa Kollu<br \/>\ncollar: Bisiklet Yaka<br \/>\nspecial_occasion: 23 Nisan \u00c7ocuk Bayram\u0131<br \/>\nproduct_type: G\u00fcnl\u00fck<br \/>\ncountry_of_origin: TR<br \/>\nsize_system: EU<br \/>\nsize_group: regular<\/p>\n","protected":false},"excerpt":{"rendered":"<p>K\u0131z \u00e7ocuk k\u0131rm\u0131z\u0131 elbise, \u015f\u0131k fiyonk detayl\u0131 geni\u015f yaka tasar\u0131m\u0131yla dikkat \u00e7eker. Yumu\u015fak ve kaliteli kuma\u015f\u0131, miniklere g\u00fcn boyu rahatl\u0131k<\/p>\n","protected":false},"featured_media":187568,"comment_status":"open","ping_status":"closed","template":"","meta":[],"product_brand":[],"product_cat":[12977],"product_tag":[8779,12188,12186,12187],"class_list":{"0":"post-187573","1":"product","2":"type-product","3":"status-publish","4":"has-post-thumbnail","6":"product_cat-accessories-men","7":"product_tag-baby-girl-dress","8":"product_tag-dress-baby-girl","9":"product_tag-red-baby-girl-dress","10":"product_tag-red-dress-baby-girl","12":"first","13":"instock","14":"sale","15":"shipping-taxable","16":"purchasable","17":"product-type-variable"},"_links":{"self":[{"href":"https:\/\/mod.wisdar.net\/tr\/wp-json\/wp\/v2\/product\/187573","targetHints":{"allow":["GET"]}}],"collection":[{"href":"https:\/\/mod.wisdar.net\/tr\/wp-json\/wp\/v2\/product"}],"about":[{"href":"https:\/\/mod.wisdar.net\/tr\/wp-json\/wp\/v2\/types\/product"}],"replies":[{"embeddable":true,"href":"https:\/\/mod.wisdar.net\/tr\/wp-json\/wp\/v2\/comments?post=187573"}],"version-history":[{"count":0,"href":"https:\/\/mod.wisdar.net\/tr\/wp-json\/wp\/v2\/product\/187573\/revisions"}],"wp:featuredmedia":[{"embeddable":true,"href":"https:\/\/mod.wisdar.net\/tr\/wp-json\/wp\/v2\/media\/187568"}],"wp:attachment":[{"href":"https:\/\/mod.wisdar.net\/tr\/wp-json\/wp\/v2\/media?parent=187573"}],"wp:term":[{"taxonomy":"product_brand","embeddable":true,"href":"https:\/\/mod.wisdar.net\/tr\/wp-json\/wp\/v2\/product_brand?post=187573"},{"taxonomy":"product_cat","embeddable":true,"href":"https:\/\/mod.wisdar.net\/tr\/wp-json\/wp\/v2\/product_cat?post=187573"},{"taxonomy":"product_tag","embeddable":true,"href":"https:\/\/mod.wisdar.net\/tr\/wp-json\/wp\/v2\/product_tag?post=187573"}],"curies":[{"name":"wp","href":"https:\/\/api.w.org\/{rel}","templated":true}]}}