{"id":187669,"date":"2026-03-30T21:10:48","date_gmt":"2026-03-30T21:10:48","guid":{"rendered":"https:\/\/modesthanim.com\/product\/ekru-simli-kiz-cocuk-fitilli-tayt-2li\/"},"modified":"2026-04-11T09:50:43","modified_gmt":"2026-04-11T09:50:43","slug":"ekru-simli-kiz-cocuk-fitilli-tayt-2li","status":"publish","type":"product","link":"https:\/\/mod.wisdar.net\/tr\/urun\/ekru-simli-kiz-cocuk-fitilli-tayt-2li\/","title":{"rendered":"Ekru Simli K\u0131z \u00c7ocuk Fitilli Tayt 2&#8217;li"},"content":{"rendered":"<p>LCW Kids Ekru Simli K\u0131z \u00c7ocuk Fitilli Tayt 2&#8217;li size \u00f6zel indirim, taksit ve kap\u0131da \u00f6deme avantajlar\u0131yla LCW&#8217;de! Hemen online al\u0131\u015fveri\u015f yap, \u00fcr\u00fcn kap\u0131na gelsin! \u2013 S6K068Z1-LRA<\/p>\n<p>\u2014 Technical Details \u2014<br \/>\nSat\u0131c\u0131: LC Waikiki<br \/>\nMarka: LCW Kids<br \/>\n\u00dcr\u00fcn Tipi: Tayt<br \/>\nCinsiyet: K\u0131z \u00c7ocuk<br \/>\nKal\u0131p: S\u00fcper Skinny &amp; Ekstra Dar<br \/>\nKuma\u015f: Ka\u015fkorse<br \/>\nDesen: Bask\u0131l\u0131<br \/>\nPa\u00e7a Fiti: Dar Pa\u00e7a<br \/>\nKal\u0131nl\u0131k: Orta Kal\u0131nl\u0131k<br \/>\nUzunluk: Uzun<br \/>\nMalzeme: Y\u00fcksek Pamuk \u0130\u00e7erir<br \/>\nPaket \u0130\u00e7eri\u011fi: 2&#8217;li Paket<br \/>\nPar\u00e7a Say\u0131s\u0131: 2 Par\u00e7a<br \/>\nBel Fiti: Beli Lastikli<\/p>\n","protected":false},"excerpt":{"rendered":"<p>LCW Kids Ekru Simli K\u0131z \u00c7ocuk Fitilli Tayt 2&#8217;li size \u00f6zel indirim, taksit ve kap\u0131da \u00f6deme avantajlar\u0131yla LCW&#8217;de! Hemen online al\u0131\u015fveri\u015f yap, \u00fcr\u00fcn kap\u0131na gelsin! \u2013 S6K068Z1-LRA \u2014 Technical Details \u2014 Sat\u0131c\u0131: LC Waikiki Marka: LCW Kids \u00dcr\u00fcn Tipi: Tayt Cinsiyet: K\u0131z \u00c7ocuk Kal\u0131p: S\u00fcper Skinny &amp; Ekstra Dar Kuma\u015f: Ka\u015fkorse Desen: Bask\u0131l\u0131 Pa\u00e7a Fiti: [&hellip;]<\/p>\n","protected":false},"featured_media":187664,"comment_status":"open","ping_status":"closed","template":"","meta":[],"product_brand":[],"product_cat":[8715,8694,8727],"product_tag":[8067],"class_list":{"0":"post-187669","1":"product","2":"type-product","3":"status-publish","4":"has-post-thumbnail","6":"product_cat-kiz-cocuklari-2-14-yas","7":"product_cat-cocuklar","8":"product_cat-pantolon","9":"product_tag-fitilli-tayt","10":"pa_brand-lcw-kids","11":"pa_color-ekru","12":"pa_size-1-2-yas","13":"pa_size-2-3-yas","14":"pa_size-3-4-yas","15":"pa_size-4-5-yas","16":"pa_size-5-6-yas","17":"pa_size-6-7-yas","18":"pa_size-7-8-yas","20":"first","21":"instock","22":"sale","23":"shipping-taxable","24":"purchasable","25":"product-type-variable"},"_links":{"self":[{"href":"https:\/\/mod.wisdar.net\/tr\/wp-json\/wp\/v2\/product\/187669","targetHints":{"allow":["GET"]}}],"collection":[{"href":"https:\/\/mod.wisdar.net\/tr\/wp-json\/wp\/v2\/product"}],"about":[{"href":"https:\/\/mod.wisdar.net\/tr\/wp-json\/wp\/v2\/types\/product"}],"replies":[{"embeddable":true,"href":"https:\/\/mod.wisdar.net\/tr\/wp-json\/wp\/v2\/comments?post=187669"}],"wp:featuredmedia":[{"embeddable":true,"href":"https:\/\/mod.wisdar.net\/tr\/wp-json\/wp\/v2\/media\/187664"}],"wp:attachment":[{"href":"https:\/\/mod.wisdar.net\/tr\/wp-json\/wp\/v2\/media?parent=187669"}],"wp:term":[{"taxonomy":"product_brand","embeddable":true,"href":"https:\/\/mod.wisdar.net\/tr\/wp-json\/wp\/v2\/product_brand?post=187669"},{"taxonomy":"product_cat","embeddable":true,"href":"https:\/\/mod.wisdar.net\/tr\/wp-json\/wp\/v2\/product_cat?post=187669"},{"taxonomy":"product_tag","embeddable":true,"href":"https:\/\/mod.wisdar.net\/tr\/wp-json\/wp\/v2\/product_tag?post=187669"}],"curies":[{"name":"wp","href":"https:\/\/api.w.org\/{rel}","templated":true}]}}