{"id":187696,"date":"2026-03-30T21:12:11","date_gmt":"2026-03-30T21:12:11","guid":{"rendered":"https:\/\/modesthanim.com\/product\/yaprak-elbise-vizon-42-vizon-outlet-new\/"},"modified":"2026-03-31T11:02:47","modified_gmt":"2026-03-31T11:02:47","slug":"yaprak-elbise-vizon-42-vizon-outlet-new","status":"publish","type":"product","link":"https:\/\/mod.wisdar.net\/tr\/urun\/yaprak-elbise-vizon-42-vizon-outlet-new\/","title":{"rendered":"Yaprak Elbise Vizon- 42 Vizon (Outlet: New)"},"content":{"rendered":"<p><strong>Outlet Condition: New<\/strong><br \/><em>Admin Notes: DELIVERY_RETURN<\/em><\/p>\n<p>Elbise Boyun Ba\u011flama Detayl\u0131d\u0131r.<br \/>\nElbise Omuz Vatkas\u0131 Mevcuttur.<br \/>\nElbise Beli Lastiklidir.<br \/>\nElbise Yaka Arkas\u0131ndan Fermuarl\u0131d\u0131r.<\/p>\n","protected":false},"excerpt":{"rendered":"<p>Outlet Condition: NewAdmin Notes: DELIVERY_RETURN Elbise Boyun Ba\u011flama Detayl\u0131d\u0131r. Elbise Omuz Vatkas\u0131 Mevcuttur. Elbise Beli Lastiklidir. Elbise Yaka Arkas\u0131ndan Fermuarl\u0131d\u0131r.<\/p>\n","protected":false},"featured_media":0,"comment_status":"open","ping_status":"closed","template":"","meta":[],"product_brand":[],"product_cat":[8566],"product_tag":[],"class_list":{"0":"post-187696","1":"product","2":"type-product","3":"status-publish","5":"product_cat-outlet","7":"first","8":"instock","9":"shipping-taxable","10":"purchasable","11":"product-type-simple"},"_links":{"self":[{"href":"https:\/\/mod.wisdar.net\/tr\/wp-json\/wp\/v2\/product\/187696","targetHints":{"allow":["GET"]}}],"collection":[{"href":"https:\/\/mod.wisdar.net\/tr\/wp-json\/wp\/v2\/product"}],"about":[{"href":"https:\/\/mod.wisdar.net\/tr\/wp-json\/wp\/v2\/types\/product"}],"replies":[{"embeddable":true,"href":"https:\/\/mod.wisdar.net\/tr\/wp-json\/wp\/v2\/comments?post=187696"}],"wp:attachment":[{"href":"https:\/\/mod.wisdar.net\/tr\/wp-json\/wp\/v2\/media?parent=187696"}],"wp:term":[{"taxonomy":"product_brand","embeddable":true,"href":"https:\/\/mod.wisdar.net\/tr\/wp-json\/wp\/v2\/product_brand?post=187696"},{"taxonomy":"product_cat","embeddable":true,"href":"https:\/\/mod.wisdar.net\/tr\/wp-json\/wp\/v2\/product_cat?post=187696"},{"taxonomy":"product_tag","embeddable":true,"href":"https:\/\/mod.wisdar.net\/tr\/wp-json\/wp\/v2\/product_tag?post=187696"}],"curies":[{"name":"wp","href":"https:\/\/api.w.org\/{rel}","templated":true}]}}