{"id":187700,"date":"2026-03-30T21:12:16","date_gmt":"2026-03-30T21:12:16","guid":{"rendered":"https:\/\/modesthanim.com\/product\/elbiseli-ikili-takim-lacivert-42-lacivert-outlet-new\/"},"modified":"2026-03-30T21:12:22","modified_gmt":"2026-03-30T21:12:22","slug":"elbiseli-ikili-takim-lacivert-42-lacivert-outlet-new","status":"publish","type":"product","link":"https:\/\/mod.wisdar.net\/tr\/urun\/elbiseli-ikili-takim-lacivert-42-lacivert-outlet-new\/","title":{"rendered":"Elbiseli \u0130kili Tak\u0131m \u2013 Lacivert- 42 Lacivert (Outlet: New)"},"content":{"rendered":"<p><strong>Outlet Condition: New<\/strong><br \/><em>Admin Notes: No additional notes.<\/em><\/p>\n<p>Uyumlu elbise ve d\u0131\u015f par\u00e7adan olu\u015fan bu ikili tak\u0131m, sade \u00e7izgileriyle \u015f\u0131kl\u0131\u011f\u0131 en pratik h\u00e2liyle sunar. Ak\u0131c\u0131 formu ve rahat kal\u0131b\u0131 hem g\u00fcnl\u00fck kullan\u0131mda hem de \u00f6zel bulu\u015fmalarda konfor sa\u011flarken, tak\u0131m\u0131n b\u00fct\u00fcnl\u00fckl\u00fc silueti modern bir zarafet olu\u015fturur.<br \/>\n\u00dcST<br \/>\nKuma\u015f \u0130\u00e7eri\u011fi: %60 Rayon, %35 Naylon, %5 Span<br \/>\nDesen: D\u00fcz<br \/>\nYaka Tipi: Kruvaze Yaka<br \/>\nKol Tipi: Uzun Kol<br \/>\nCep: Cepsiz<br \/>\nAstar: Astars\u0131z<br \/>\n\u00dcr\u00fcn Boyu: 135 cm<br \/>\nKal\u0131p Tipi: Rahat Kal\u0131p\u0130\u00c7<br \/>\nKuma\u015f \u0130\u00e7eri\u011fi: %60 Rayon, %35 Naylon, %5 Span<br \/>\nDesen: D\u00fcz<br \/>\nYaka Tipi: S\u0131f\u0131r Yaka<br \/>\nKol Tipi: S\u0131f\u0131r Kol<br \/>\nCep: Cepsiz<br \/>\nAstar: Astars\u0131z<br \/>\n\u00dcr\u00fcn Boyu: 128 cm<br \/>\nKal\u0131p Tipi: Rahat Kal\u0131p<br \/>\nManken \u00d6l\u00e7\u00fcleri:Boy: 173 cmG\u00f6\u011f\u00fcs: 81 cmBel: 63 cmBasen: 90 cm<br \/>\nMankenin Giydi\u011fi Beden: 38<\/p>\n","protected":false},"excerpt":{"rendered":"<p>Outlet Condition: NewAdmin Notes: No additional notes. Uyumlu elbise ve d\u0131\u015f par\u00e7adan olu\u015fan bu ikili tak\u0131m, sade \u00e7izgileriyle \u015f\u0131kl\u0131\u011f\u0131 en pratik h\u00e2liyle sunar. Ak\u0131c\u0131 formu ve rahat kal\u0131b\u0131 hem g\u00fcnl\u00fck kullan\u0131mda hem de \u00f6zel bulu\u015fmalarda konfor sa\u011flarken, tak\u0131m\u0131n b\u00fct\u00fcnl\u00fckl\u00fc silueti modern bir zarafet olu\u015fturur. \u00dcST Kuma\u015f \u0130\u00e7eri\u011fi: %60 Rayon, %35 Naylon, %5 Span Desen: D\u00fcz [&hellip;]<\/p>\n","protected":false},"featured_media":0,"comment_status":"open","ping_status":"closed","template":"","meta":[],"product_brand":[],"product_cat":[8566],"product_tag":[],"class_list":{"0":"post-187700","1":"product","2":"type-product","3":"status-publish","5":"product_cat-outlet","7":"first","8":"instock","9":"shipping-taxable","10":"purchasable","11":"product-type-simple"},"_links":{"self":[{"href":"https:\/\/mod.wisdar.net\/tr\/wp-json\/wp\/v2\/product\/187700","targetHints":{"allow":["GET"]}}],"collection":[{"href":"https:\/\/mod.wisdar.net\/tr\/wp-json\/wp\/v2\/product"}],"about":[{"href":"https:\/\/mod.wisdar.net\/tr\/wp-json\/wp\/v2\/types\/product"}],"replies":[{"embeddable":true,"href":"https:\/\/mod.wisdar.net\/tr\/wp-json\/wp\/v2\/comments?post=187700"}],"wp:attachment":[{"href":"https:\/\/mod.wisdar.net\/tr\/wp-json\/wp\/v2\/media?parent=187700"}],"wp:term":[{"taxonomy":"product_brand","embeddable":true,"href":"https:\/\/mod.wisdar.net\/tr\/wp-json\/wp\/v2\/product_brand?post=187700"},{"taxonomy":"product_cat","embeddable":true,"href":"https:\/\/mod.wisdar.net\/tr\/wp-json\/wp\/v2\/product_cat?post=187700"},{"taxonomy":"product_tag","embeddable":true,"href":"https:\/\/mod.wisdar.net\/tr\/wp-json\/wp\/v2\/product_tag?post=187700"}],"curies":[{"name":"wp","href":"https:\/\/api.w.org\/{rel}","templated":true}]}}