{"id":187733,"date":"2026-03-30T21:13:57","date_gmt":"2026-03-30T21:13:57","guid":{"rendered":"https:\/\/modesthanim.com\/product\/ekru-puantiyeli-kiz-cocuk-3lu-takim\/"},"modified":"2026-03-31T14:38:57","modified_gmt":"2026-03-31T14:38:57","slug":"ekru-puantiyeli-kiz-cocuk-3lu-takim","status":"publish","type":"product","link":"https:\/\/mod.wisdar.net\/tr\/urun\/ekru-puantiyeli-kiz-cocuk-3lu-takim\/","title":{"rendered":"Ekru Puantiyeli K\u0131z \u00c7ocuk 3&#8217;l\u00fc Tak\u0131m"},"content":{"rendered":"<p>LCW Kids Ekru Puantiyeli K\u0131z \u00c7ocuk 3&#8217;l\u00fc Tak\u0131m size \u00f6zel indirim, taksit ve kap\u0131da \u00f6deme avantajlar\u0131yla LCW&#8217;de! Hemen online al\u0131\u015fveri\u015f yap, \u00fcr\u00fcn kap\u0131na gelsin! \u2013 S6E439Z1-LRA<\/p>\n<p>\u2014 Technical Details \u2014<br \/>\nMen\u015fei: Turk\u0131ye<br \/>\nSat\u0131c\u0131: LC Waikiki<br \/>\nMarka: LCW Kids<br \/>\n\u00dcr\u00fcn Tipi: Tak\u0131m<br \/>\nCinsiyet: K\u0131z \u00c7ocuk<br \/>\nKuma\u015f: \u0130nterlok<br \/>\nDesen: Desenli<br \/>\nYaka: Bisiklet Yaka<br \/>\nKal\u0131nl\u0131k: Orta Kal\u0131nl\u0131k<br \/>\nKol Boyu: Uzun Kollu<br \/>\nUzunluk: K\u0131sa<br \/>\nPaket \u0130\u00e7eri\u011fi: 3&#8217;l\u00fc Paket<br \/>\nPar\u00e7a Say\u0131s\u0131: 3 Par\u00e7a<\/p>\n","protected":false},"excerpt":{"rendered":"<p>LCW Kids Ekru Puantiyeli K\u0131z \u00c7ocuk 3&#8217;l\u00fc Tak\u0131m size \u00f6zel indirim, taksit ve kap\u0131da \u00f6deme avantajlar\u0131yla LCW&#8217;de! Hemen online al\u0131\u015fveri\u015f yap, \u00fcr\u00fcn kap\u0131na gelsin! \u2013 S6E439Z1-LRA \u2014 Technical Details \u2014 Men\u015fei: Turk\u0131ye Sat\u0131c\u0131: LC Waikiki Marka: LCW Kids \u00dcr\u00fcn Tipi: Tak\u0131m Cinsiyet: K\u0131z \u00c7ocuk Kuma\u015f: \u0130nterlok Desen: Desenli Yaka: Bisiklet Yaka Kal\u0131nl\u0131k: Orta Kal\u0131nl\u0131k Kol [&hellip;]<\/p>\n","protected":false},"featured_media":187725,"comment_status":"open","ping_status":"closed","template":"","meta":[],"product_brand":[],"product_cat":[8721,8715,8694],"product_tag":[6757,7469],"class_list":{"0":"post-187733","1":"product","2":"type-product","3":"status-publish","4":"has-post-thumbnail","6":"product_cat-kiz-cocuk-takimlari","7":"product_cat-kiz-cocuklari-2-14-yas","8":"product_cat-cocuklar","9":"product_tag-ekru","10":"product_tag-interlock-kumas","11":"pa_brand-lcw-kids","12":"pa_color-ekru","13":"pa_size-1-2-yas","14":"pa_size-2-3-yas","15":"pa_size-3-4-yas","16":"pa_size-4-5-yas","17":"pa_size-5-6-yas","18":"pa_size-6-7-yas","19":"pa_size-7-8-yas","21":"first","22":"instock","23":"sale","24":"shipping-taxable","25":"purchasable","26":"product-type-variable"},"_links":{"self":[{"href":"https:\/\/mod.wisdar.net\/tr\/wp-json\/wp\/v2\/product\/187733","targetHints":{"allow":["GET"]}}],"collection":[{"href":"https:\/\/mod.wisdar.net\/tr\/wp-json\/wp\/v2\/product"}],"about":[{"href":"https:\/\/mod.wisdar.net\/tr\/wp-json\/wp\/v2\/types\/product"}],"replies":[{"embeddable":true,"href":"https:\/\/mod.wisdar.net\/tr\/wp-json\/wp\/v2\/comments?post=187733"}],"wp:featuredmedia":[{"embeddable":true,"href":"https:\/\/mod.wisdar.net\/tr\/wp-json\/wp\/v2\/media\/187725"}],"wp:attachment":[{"href":"https:\/\/mod.wisdar.net\/tr\/wp-json\/wp\/v2\/media?parent=187733"}],"wp:term":[{"taxonomy":"product_brand","embeddable":true,"href":"https:\/\/mod.wisdar.net\/tr\/wp-json\/wp\/v2\/product_brand?post=187733"},{"taxonomy":"product_cat","embeddable":true,"href":"https:\/\/mod.wisdar.net\/tr\/wp-json\/wp\/v2\/product_cat?post=187733"},{"taxonomy":"product_tag","embeddable":true,"href":"https:\/\/mod.wisdar.net\/tr\/wp-json\/wp\/v2\/product_tag?post=187733"}],"curies":[{"name":"wp","href":"https:\/\/api.w.org\/{rel}","templated":true}]}}