{"id":187924,"date":"2026-03-30T21:23:00","date_gmt":"2026-03-30T21:23:00","guid":{"rendered":"https:\/\/modesthanim.com\/product\/pembe-bebe-yaka-nakisli-kiz-cocuk-bluz\/"},"modified":"2026-03-31T14:40:05","modified_gmt":"2026-03-31T14:40:05","slug":"pembe-bebe-yaka-nakisli-kiz-cocuk-bluz","status":"publish","type":"product","link":"https:\/\/mod.wisdar.net\/tr\/urun\/pembe-bebe-yaka-nakisli-kiz-cocuk-bluz\/","title":{"rendered":"Pembe Bebe Yaka Nak\u0131\u015fl\u0131 K\u0131z \u00c7ocuk Bluz"},"content":{"rendered":"<p>LCW Kids Pembe Bebe Yaka Nak\u0131\u015fl\u0131 K\u0131z \u00c7ocuk Bluz size \u00f6zel indirim, taksit ve kap\u0131da \u00f6deme avantajlar\u0131yla LCW&#8217;de! Hemen online al\u0131\u015fveri\u015f yap, \u00fcr\u00fcn kap\u0131na gelsin! \u2013 S67713Z1-FRA<\/p>\n<p>\u2014 Technical Details \u2014<br \/>\nMen\u015fei: Turk\u0131ye<br \/>\nSat\u0131c\u0131: LC Waikiki<br \/>\nMarka: LCW Kids<br \/>\n\u00dcr\u00fcn Tipi: Bluz<br \/>\nCinsiyet: K\u0131z \u00c7ocuk<br \/>\nKal\u0131p: Dar &amp; Slim<br \/>\nKuma\u015f: Ka\u015fkorse<br \/>\nDesen: Nak\u0131\u015fl\u0131<br \/>\nYaka: Bebe Yaka<br \/>\nKal\u0131nl\u0131k: Orta Kal\u0131nl\u0131k<br \/>\nKol Boyu: K\u0131sa Kollu<br \/>\nMalzeme: Y\u00fcksek Pamuk \u0130\u00e7erir<br \/>\nKoleksiyon: 23 Nisan<\/p>\n","protected":false},"excerpt":{"rendered":"<p>LCW Kids Pembe Bebe Yaka Nak\u0131\u015fl\u0131 K\u0131z \u00c7ocuk Bluz size \u00f6zel indirim, taksit ve kap\u0131da \u00f6deme avantajlar\u0131yla LCW&#8217;de! Hemen online al\u0131\u015fveri\u015f yap, \u00fcr\u00fcn kap\u0131na gelsin! \u2013 S67713Z1-FRA \u2014 Technical Details \u2014 Men\u015fei: Turk\u0131ye Sat\u0131c\u0131: LC Waikiki Marka: LCW Kids \u00dcr\u00fcn Tipi: Bluz Cinsiyet: K\u0131z \u00c7ocuk Kal\u0131p: Dar &amp; Slim Kuma\u015f: Ka\u015fkorse Desen: Nak\u0131\u015fl\u0131 Yaka: Bebe [&hellip;]<\/p>\n","protected":false},"featured_media":187922,"comment_status":"open","ping_status":"closed","template":"","meta":[],"product_brand":[],"product_cat":[8715,8694,8724],"product_tag":[9014,6266,9911,8906,11891,5092],"class_list":{"0":"post-187924","1":"product","2":"type-product","3":"status-publish","4":"has-post-thumbnail","6":"product_cat-kiz-cocuklari-2-14-yas","7":"product_cat-cocuklar","8":"product_cat-tisortler-bluzlar","9":"product_tag-baby-collar","10":"product_tag-embroidered-top","11":"product_tag-girls-blouse","12":"product_tag-lcw-kids","13":"product_tag-pink-blouse","14":"product_tag-spring-collection","15":"pa_brand-lcw-kids","16":"pa_color-pembe","17":"pa_size-1-2-yas","18":"pa_size-2-3-yas","19":"pa_size-3-4-yas","20":"pa_size-4-5-yas","21":"pa_size-5-6-yas","22":"pa_size-6-7-yas","23":"pa_size-7-8-yas","25":"first","26":"instock","27":"sale","28":"shipping-taxable","29":"purchasable","30":"product-type-variable"},"_links":{"self":[{"href":"https:\/\/mod.wisdar.net\/tr\/wp-json\/wp\/v2\/product\/187924","targetHints":{"allow":["GET"]}}],"collection":[{"href":"https:\/\/mod.wisdar.net\/tr\/wp-json\/wp\/v2\/product"}],"about":[{"href":"https:\/\/mod.wisdar.net\/tr\/wp-json\/wp\/v2\/types\/product"}],"replies":[{"embeddable":true,"href":"https:\/\/mod.wisdar.net\/tr\/wp-json\/wp\/v2\/comments?post=187924"}],"wp:featuredmedia":[{"embeddable":true,"href":"https:\/\/mod.wisdar.net\/tr\/wp-json\/wp\/v2\/media\/187922"}],"wp:attachment":[{"href":"https:\/\/mod.wisdar.net\/tr\/wp-json\/wp\/v2\/media?parent=187924"}],"wp:term":[{"taxonomy":"product_brand","embeddable":true,"href":"https:\/\/mod.wisdar.net\/tr\/wp-json\/wp\/v2\/product_brand?post=187924"},{"taxonomy":"product_cat","embeddable":true,"href":"https:\/\/mod.wisdar.net\/tr\/wp-json\/wp\/v2\/product_cat?post=187924"},{"taxonomy":"product_tag","embeddable":true,"href":"https:\/\/mod.wisdar.net\/tr\/wp-json\/wp\/v2\/product_tag?post=187924"}],"curies":[{"name":"wp","href":"https:\/\/api.w.org\/{rel}","templated":true}]}}