{"id":187996,"date":"2026-03-30T21:24:50","date_gmt":"2026-03-30T21:24:50","guid":{"rendered":"https:\/\/modesthanim.com\/product\/ekru-payetli-kiz-cocuk-elbise\/"},"modified":"2026-04-04T10:03:11","modified_gmt":"2026-04-04T10:03:11","slug":"ekru-payetli-kiz-cocuk-elbise","status":"publish","type":"product","link":"https:\/\/mod.wisdar.net\/tr\/urun\/ekru-payetli-kiz-cocuk-elbise\/","title":{"rendered":"Ekru Payetli K\u0131z \u00c7ocuk Elbise"},"content":{"rendered":"<p>LCW Kids Ekru Payetli K\u0131z \u00c7ocuk Elbise size \u00f6zel indirim, taksit ve kap\u0131da \u00f6deme avantajlar\u0131yla LCW&#8217;de! Hemen online al\u0131\u015fveri\u015f yap, \u00fcr\u00fcn kap\u0131na gelsin! \u2013 S6B315Z1-FRC<\/p>\n<p>\u2014 Technical Details \u2014<br \/>\nKal\u0131p: Loose &amp; Bol<br \/>\nKuma\u015f: 2 \u0130plik<br \/>\nStil: \u015e\u0131k<br \/>\nAstar Detay: Astarl\u0131<br \/>\nUzunluk: K\u0131sa<br \/>\nMalzeme: %100 Pamuk<br \/>\nYaka: Bisiklet Yaka<br \/>\nKol Boyu: K\u0131sa Kollu<br \/>\nDesen: Payetli<\/p>\n","protected":false},"excerpt":{"rendered":"<p>LCW Kids Ekru Payetli K\u0131z \u00c7ocuk Elbise size \u00f6zel indirim, taksit ve kap\u0131da \u00f6deme avantajlar\u0131yla LCW&#8217;de! Hemen online al\u0131\u015fveri\u015f yap, \u00fcr\u00fcn kap\u0131na gelsin! \u2013 S6B315Z1-FRC \u2014 Technical Details \u2014 Kal\u0131p: Loose &amp; Bol Kuma\u015f: 2 \u0130plik Stil: \u015e\u0131k Astar Detay: Astarl\u0131 Uzunluk: K\u0131sa Malzeme: %100 Pamuk Yaka: Bisiklet Yaka Kol Boyu: K\u0131sa Kollu Desen: Payetli<\/p>\n","protected":false},"featured_media":187988,"comment_status":"open","ping_status":"closed","template":"","meta":[],"product_brand":[],"product_cat":[8718,8715,8694],"product_tag":[4353,9072,10319,9201,5960,12197],"class_list":{"0":"post-187996","1":"product","2":"type-product","3":"status-publish","4":"has-post-thumbnail","6":"product_cat-elbiseler-etekler","7":"product_cat-kiz-cocuklari-2-14-yas","8":"product_cat-cocuklar","9":"product_tag-cotton-dress","10":"product_tag-ecru-dress","11":"product_tag-girls-dress-3","12":"product_tag-kids-fashion","13":"product_tag-party-dress","14":"product_tag-sequin-dress","15":"pa_brand-lcw-kids","16":"pa_color-ekru","17":"pa_size-2-3-yas","18":"pa_size-3-4-yas","19":"pa_size-4-5-yas","20":"pa_size-5-6-yas","21":"pa_size-6-7-yas","22":"pa_size-7-8-yas","24":"first","25":"instock","26":"sale","27":"shipping-taxable","28":"purchasable","29":"product-type-variable"},"_links":{"self":[{"href":"https:\/\/mod.wisdar.net\/tr\/wp-json\/wp\/v2\/product\/187996","targetHints":{"allow":["GET"]}}],"collection":[{"href":"https:\/\/mod.wisdar.net\/tr\/wp-json\/wp\/v2\/product"}],"about":[{"href":"https:\/\/mod.wisdar.net\/tr\/wp-json\/wp\/v2\/types\/product"}],"replies":[{"embeddable":true,"href":"https:\/\/mod.wisdar.net\/tr\/wp-json\/wp\/v2\/comments?post=187996"}],"wp:featuredmedia":[{"embeddable":true,"href":"https:\/\/mod.wisdar.net\/tr\/wp-json\/wp\/v2\/media\/187988"}],"wp:attachment":[{"href":"https:\/\/mod.wisdar.net\/tr\/wp-json\/wp\/v2\/media?parent=187996"}],"wp:term":[{"taxonomy":"product_brand","embeddable":true,"href":"https:\/\/mod.wisdar.net\/tr\/wp-json\/wp\/v2\/product_brand?post=187996"},{"taxonomy":"product_cat","embeddable":true,"href":"https:\/\/mod.wisdar.net\/tr\/wp-json\/wp\/v2\/product_cat?post=187996"},{"taxonomy":"product_tag","embeddable":true,"href":"https:\/\/mod.wisdar.net\/tr\/wp-json\/wp\/v2\/product_tag?post=187996"}],"curies":[{"name":"wp","href":"https:\/\/api.w.org\/{rel}","templated":true}]}}