{"id":188127,"date":"2026-03-30T21:31:40","date_gmt":"2026-03-30T21:31:40","guid":{"rendered":"https:\/\/modesthanim.com\/product\/sari-kare-yaka-papatya-baskili-kiz-cocuk-tul-elbise\/"},"modified":"2026-04-04T09:15:24","modified_gmt":"2026-04-04T09:15:24","slug":"sari-kare-yaka-papatya-baskili-kiz-cocuk-tul-elbise","status":"publish","type":"product","link":"https:\/\/mod.wisdar.net\/tr\/urun\/sari-kare-yaka-papatya-baskili-kiz-cocuk-tul-elbise\/","title":{"rendered":"Sar\u0131 Kare Yaka Papatya Bask\u0131l\u0131 K\u0131z \u00c7ocuk T\u00fcl Elbise"},"content":{"rendered":"<p>LCW Kids Sar\u0131 Kare Yaka Papatya Bask\u0131l\u0131 K\u0131z \u00c7ocuk T\u00fcl Elbise size \u00f6zel indirim, taksit ve kap\u0131da \u00f6deme avantajlar\u0131yla LCW&#8217;de! Hemen online al\u0131\u015fveri\u015f yap, \u00fcr\u00fcn kap\u0131na gelsin! \u2013 S67724Z1-LUG<\/p>\n<p>\u2014 Technical Details \u2014<br \/>\nAna Kuma\u015f: %100 Poliamid<br \/>\nAstar: %100 Pamuk<br \/>\nMen\u015fei: Turk\u0131ye<br \/>\nSat\u0131c\u0131: LC Waikiki<br \/>\n\u00dcr\u00fcn Tipi: Elbise<br \/>\nCinsiyet: K\u0131z \u00c7ocuk<br \/>\nKal\u0131p: Standart &amp; Regular<br \/>\nStil: \u015e\u0131k<br \/>\nSiluet: A Kesim<br \/>\nAstar Detay: Astarl\u0131<br \/>\nUzunluk: K\u0131sa<br \/>\nMalzeme: %100 Pamuk<br \/>\nYaka: Kare Yaka<br \/>\nKol Boyu: K\u0131sa Kollu<br \/>\nDesen: Bask\u0131l\u0131<br \/>\nKol Tipi: Balon Kol<\/p>\n","protected":false},"excerpt":{"rendered":"<p>LCW Kids Sar\u0131 Kare Yaka Papatya Bask\u0131l\u0131 K\u0131z \u00c7ocuk T\u00fcl Elbise size \u00f6zel indirim, taksit ve kap\u0131da \u00f6deme avantajlar\u0131yla LCW&#8217;de! Hemen online al\u0131\u015fveri\u015f yap, \u00fcr\u00fcn kap\u0131na gelsin! \u2013 S67724Z1-LUG \u2014 Technical Details \u2014 Ana Kuma\u015f: %100 Poliamid Astar: %100 Pamuk Men\u015fei: Turk\u0131ye Sat\u0131c\u0131: LC Waikiki \u00dcr\u00fcn Tipi: Elbise Cinsiyet: K\u0131z \u00c7ocuk Kal\u0131p: Standart &amp; Regular [&hellip;]<\/p>\n","protected":false},"featured_media":188123,"comment_status":"open","ping_status":"closed","template":"","meta":[],"product_brand":[],"product_cat":[8718,8715,8694],"product_tag":[6923],"class_list":{"0":"post-188127","1":"product","2":"type-product","3":"status-publish","4":"has-post-thumbnail","6":"product_cat-elbiseler-etekler","7":"product_cat-kiz-cocuklari-2-14-yas","8":"product_cat-cocuklar","9":"product_tag-sari-elbise","10":"pa_brand-lcw-kids","11":"pa_color-sari","12":"pa_size-1-2-yas","13":"pa_size-2-3-yas","14":"pa_size-3-4-yas","15":"pa_size-4-5-yas","16":"pa_size-5-6-yas","17":"pa_size-6-7-yas","18":"pa_size-7-8-yas","20":"first","21":"instock","22":"sale","23":"shipping-taxable","24":"purchasable","25":"product-type-variable"},"_links":{"self":[{"href":"https:\/\/mod.wisdar.net\/tr\/wp-json\/wp\/v2\/product\/188127","targetHints":{"allow":["GET"]}}],"collection":[{"href":"https:\/\/mod.wisdar.net\/tr\/wp-json\/wp\/v2\/product"}],"about":[{"href":"https:\/\/mod.wisdar.net\/tr\/wp-json\/wp\/v2\/types\/product"}],"replies":[{"embeddable":true,"href":"https:\/\/mod.wisdar.net\/tr\/wp-json\/wp\/v2\/comments?post=188127"}],"wp:featuredmedia":[{"embeddable":true,"href":"https:\/\/mod.wisdar.net\/tr\/wp-json\/wp\/v2\/media\/188123"}],"wp:attachment":[{"href":"https:\/\/mod.wisdar.net\/tr\/wp-json\/wp\/v2\/media?parent=188127"}],"wp:term":[{"taxonomy":"product_brand","embeddable":true,"href":"https:\/\/mod.wisdar.net\/tr\/wp-json\/wp\/v2\/product_brand?post=188127"},{"taxonomy":"product_cat","embeddable":true,"href":"https:\/\/mod.wisdar.net\/tr\/wp-json\/wp\/v2\/product_cat?post=188127"},{"taxonomy":"product_tag","embeddable":true,"href":"https:\/\/mod.wisdar.net\/tr\/wp-json\/wp\/v2\/product_tag?post=188127"}],"curies":[{"name":"wp","href":"https:\/\/api.w.org\/{rel}","templated":true}]}}