{"id":188245,"date":"2026-03-30T21:39:49","date_gmt":"2026-03-30T21:39:49","guid":{"rendered":"https:\/\/modesthanim.com\/product\/kiz-bebek-pamuklu-tulum\/"},"modified":"2026-03-30T21:40:29","modified_gmt":"2026-03-30T21:40:29","slug":"kiz-bebek-pamuklu-tulum","status":"publish","type":"product","link":"https:\/\/mod.wisdar.net\/tr\/urun\/kiz-bebek-pamuklu-tulum\/","title":{"rendered":"K\u0131z Bebek Pamuklu Tulum"},"content":{"rendered":"<p>Arad\u0131\u011f\u0131n Mavi K\u0131z Bebek K\u0131z Bebek Pamuklu Tulum en uygun fiyatla DeFacto&#8217;da! Yeni sezon Mavi K\u0131z Bebek K\u0131z Bebek Pamuklu Tulum i\u00e7in hemen DeFacto&#8217;ya t\u0131kla!<\/p>\n","protected":false},"excerpt":{"rendered":"<p>Arad\u0131\u011f\u0131n Mavi K\u0131z Bebek K\u0131z Bebek Pamuklu Tulum en uygun fiyatla DeFacto&#8217;da! Yeni sezon Mavi K\u0131z Bebek K\u0131z Bebek Pamuklu Tulum i\u00e7in hemen DeFacto&#8217;ya t\u0131kla!<\/p>\n","protected":false},"featured_media":188242,"comment_status":"open","ping_status":"closed","template":"","meta":[],"product_brand":[],"product_cat":[8715,8694,8727],"product_tag":[8976,12199,12200,12201],"class_list":{"0":"post-188245","1":"product","2":"type-product","3":"status-publish","4":"has-post-thumbnail","6":"product_cat-kiz-cocuklari-2-14-yas","7":"product_cat-cocuklar","8":"product_cat-pantolon","9":"product_tag-baby-girl-romper","10":"product_tag-blue-girls-cotton-romper","11":"product_tag-girls-cotton-romper","12":"product_tag-infant-romper","13":"pa_brand-defacto","14":"pa_color-acik-mavi","15":"pa_size-12-18-ay-86cm","16":"pa_size-18-24-ay-92cm","17":"pa_size-2-3-yas-98cm","18":"pa_size-3-4-yas-104-cm","19":"pa_size-4-5-yas-110cm","20":"pa_size-5-6-yas-116cm","22":"first","23":"instock","24":"sale","25":"shipping-taxable","26":"purchasable","27":"product-type-variable"},"_links":{"self":[{"href":"https:\/\/mod.wisdar.net\/tr\/wp-json\/wp\/v2\/product\/188245","targetHints":{"allow":["GET"]}}],"collection":[{"href":"https:\/\/mod.wisdar.net\/tr\/wp-json\/wp\/v2\/product"}],"about":[{"href":"https:\/\/mod.wisdar.net\/tr\/wp-json\/wp\/v2\/types\/product"}],"replies":[{"embeddable":true,"href":"https:\/\/mod.wisdar.net\/tr\/wp-json\/wp\/v2\/comments?post=188245"}],"wp:featuredmedia":[{"embeddable":true,"href":"https:\/\/mod.wisdar.net\/tr\/wp-json\/wp\/v2\/media\/188242"}],"wp:attachment":[{"href":"https:\/\/mod.wisdar.net\/tr\/wp-json\/wp\/v2\/media?parent=188245"}],"wp:term":[{"taxonomy":"product_brand","embeddable":true,"href":"https:\/\/mod.wisdar.net\/tr\/wp-json\/wp\/v2\/product_brand?post=188245"},{"taxonomy":"product_cat","embeddable":true,"href":"https:\/\/mod.wisdar.net\/tr\/wp-json\/wp\/v2\/product_cat?post=188245"},{"taxonomy":"product_tag","embeddable":true,"href":"https:\/\/mod.wisdar.net\/tr\/wp-json\/wp\/v2\/product_tag?post=188245"}],"curies":[{"name":"wp","href":"https:\/\/api.w.org\/{rel}","templated":true}]}}