{"id":188285,"date":"2026-03-30T22:05:38","date_gmt":"2026-03-30T22:05:38","guid":{"rendered":"https:\/\/modesthanim.com\/product\/ekru-kiz-bebek-firfirli-penye-tulum-3lu\/"},"modified":"2026-04-11T11:10:48","modified_gmt":"2026-04-11T11:10:48","slug":"ekru-kiz-bebek-firfirli-penye-tulum-3lu","status":"publish","type":"product","link":"https:\/\/mod.wisdar.net\/tr\/urun\/ekru-kiz-bebek-firfirli-penye-tulum-3lu\/","title":{"rendered":"Ekru K\u0131z Bebek F\u0131rf\u0131rl\u0131 Penye Tulum 3&#8217;l\u00fc"},"content":{"rendered":"<p>LCW baby Ekru K\u0131z Bebek F\u0131rf\u0131rl\u0131 Penye Tulum 3&#8217;l\u00fc size \u00f6zel indirim, taksit ve kap\u0131da \u00f6deme avantajlar\u0131yla LCW&#8217;de! Hemen online al\u0131\u015fveri\u015f yap, \u00fcr\u00fcn kap\u0131na gelsin! \u2013 S6CY93Z1-LRB<\/p>\n<p>\u2014 Technical Details \u2014<br \/>\nMen\u015fei: Hindistan,Turk\u0131ye<br \/>\nSat\u0131c\u0131: LC Waikiki<br \/>\nMarka: LCW baby<br \/>\n\u00dcr\u00fcn Tipi: Tulum<br \/>\nCinsiyet: K\u0131z Bebek<br \/>\nKal\u0131p: Standart &amp; Regular<br \/>\nKuma\u015f: Penye<br \/>\nDesen: Bask\u0131l\u0131<br \/>\nYaka: Bisiklet Yaka<br \/>\nKal\u0131nl\u0131k: \u0130nce<br \/>\nKol Boyu: Kolsuz<br \/>\nMalzeme: %100 Pamuk<br \/>\nPaket \u0130\u00e7eri\u011fi: 3&#8217;l\u00fc Paket<br \/>\nKoleksiyon: Yenido\u011fan<br \/>\nPar\u00e7a Say\u0131s\u0131: 3 Par\u00e7a<\/p>\n","protected":false},"excerpt":{"rendered":"<p>LCW baby Ekru K\u0131z Bebek F\u0131rf\u0131rl\u0131 Penye Tulum 3&#8217;l\u00fc size \u00f6zel indirim, taksit ve kap\u0131da \u00f6deme avantajlar\u0131yla LCW&#8217;de! Hemen online al\u0131\u015fveri\u015f yap, \u00fcr\u00fcn kap\u0131na gelsin! \u2013 S6CY93Z1-LRB \u2014 Technical Details \u2014 Men\u015fei: Hindistan,Turk\u0131ye Sat\u0131c\u0131: LC Waikiki Marka: LCW baby \u00dcr\u00fcn Tipi: Tulum Cinsiyet: K\u0131z Bebek Kal\u0131p: Standart &amp; Regular Kuma\u015f: Penye Desen: Bask\u0131l\u0131 Yaka: Bisiklet [&hellip;]<\/p>\n","protected":false},"featured_media":188281,"comment_status":"open","ping_status":"closed","template":"","meta":[],"product_brand":[],"product_cat":[8703,8694,8706,8697],"product_tag":[12205,8832,8976,8857,12202,12203,8834,8867,12204],"class_list":{"0":"post-188285","1":"product","2":"type-product","3":"status-publish","4":"has-post-thumbnail","6":"product_cat-bebek-setleri","7":"product_cat-cocuklar","8":"product_cat-tulum","9":"product_cat-yenidogan-0-12-ay","10":"product_tag-3-pack-romper","11":"product_tag-baby-clothing","12":"product_tag-baby-girl-romper","13":"product_tag-cotton-romper","14":"product_tag-ecru-romper","15":"product_tag-jersey-romper","16":"product_tag-lcw-baby","17":"product_tag-newborn-clothing","18":"product_tag-ruffle-romper","19":"pa_brand-lcw-baby","20":"pa_color-ekru","21":"pa_size-1-3-ay","22":"pa_size-12-18-ay","23":"pa_size-18-24-ay","24":"pa_size-2-3-yas","25":"pa_size-3-6-ay","26":"pa_size-6-9-ay","27":"pa_size-9-12-ay","29":"first","30":"instock","31":"sale","32":"shipping-taxable","33":"purchasable","34":"product-type-variable"},"_links":{"self":[{"href":"https:\/\/mod.wisdar.net\/tr\/wp-json\/wp\/v2\/product\/188285","targetHints":{"allow":["GET"]}}],"collection":[{"href":"https:\/\/mod.wisdar.net\/tr\/wp-json\/wp\/v2\/product"}],"about":[{"href":"https:\/\/mod.wisdar.net\/tr\/wp-json\/wp\/v2\/types\/product"}],"replies":[{"embeddable":true,"href":"https:\/\/mod.wisdar.net\/tr\/wp-json\/wp\/v2\/comments?post=188285"}],"wp:featuredmedia":[{"embeddable":true,"href":"https:\/\/mod.wisdar.net\/tr\/wp-json\/wp\/v2\/media\/188281"}],"wp:attachment":[{"href":"https:\/\/mod.wisdar.net\/tr\/wp-json\/wp\/v2\/media?parent=188285"}],"wp:term":[{"taxonomy":"product_brand","embeddable":true,"href":"https:\/\/mod.wisdar.net\/tr\/wp-json\/wp\/v2\/product_brand?post=188285"},{"taxonomy":"product_cat","embeddable":true,"href":"https:\/\/mod.wisdar.net\/tr\/wp-json\/wp\/v2\/product_cat?post=188285"},{"taxonomy":"product_tag","embeddable":true,"href":"https:\/\/mod.wisdar.net\/tr\/wp-json\/wp\/v2\/product_tag?post=188285"}],"curies":[{"name":"wp","href":"https:\/\/api.w.org\/{rel}","templated":true}]}}