{"id":18841,"date":"2025-11-02T14:00:30","date_gmt":"2025-11-02T14:00:30","guid":{"rendered":"https:\/\/modesthanim.com\/product\/ftz-kadin-modal-etek-takimi-bordo-31174\/"},"modified":"2026-04-10T18:27:25","modified_gmt":"2026-04-10T18:27:25","slug":"ftz-kadin-modal-etek-takimi-bordo-31174","status":"publish","type":"product","link":"https:\/\/mod.wisdar.net\/tr\/urun\/ftz-kadin-modal-etek-takimi-bordo-31174\/","title":{"rendered":"FTZ Kad\u0131n Modal Etek Tak\u0131m\u0131 Bordo 31174"},"content":{"rendered":"<p>\u2014 Teknik Detaylar \u2014<br \/>\nKuma\u015f T\u00fcr\u00fc: Modal<br \/>\nKal\u0131p: Normal<br \/>\nKal\u0131p \u00d6zellikleri: Standart<br \/>\n\u0130plik T\u00fcr\u00fc: Sidney<br \/>\nUzunluk: 100<br \/>\nDesen: D\u00fcz<br \/>\nAstar Durumu: Astars\u0131z<br \/>\nCep: Yok<br \/>\nKal\u0131nl\u0131k: \u0130nce<br \/>\nKemer Durumu: Kemersiz<br \/>\nKol Tipi: Standart<br \/>\nMalzeme: Viskon Kar\u0131\u015f\u0131m\u0131<br \/>\nPar\u00e7a Say\u0131s\u0131: 2<br \/>\nBeden Aral\u0131\u011f\u0131: 38\/44<\/p>\n","protected":false},"excerpt":{"rendered":"<p>\u2014 Teknik Detaylar \u2014 Kuma\u015f T\u00fcr\u00fc: Modal Kal\u0131p: Normal Kal\u0131p \u00d6zellikleri: Standart \u0130plik T\u00fcr\u00fc: Sidney Uzunluk: 100 Desen: D\u00fcz Astar Durumu: Astars\u0131z Cep: Yok Kal\u0131nl\u0131k: \u0130nce Kemer Durumu: Kemersiz Kol Tipi: Standart Malzeme: Viskon Kar\u0131\u015f\u0131m\u0131 Par\u00e7a Say\u0131s\u0131: 2 Beden Aral\u0131\u011f\u0131: 38\/44<\/p>\n","protected":false},"featured_media":0,"comment_status":"open","ping_status":"closed","template":"","meta":[],"product_brand":[],"product_cat":[1900],"product_tag":[7150,8398,6744,7376],"class_list":{"0":"post-18841","1":"product","2":"type-product","3":"status-publish","5":"product_cat-koordinatlar-setler","6":"product_tag-bordo","7":"product_tag-etek-takim","8":"product_tag-kadin-modasi","9":"product_tag-modal","10":"pa_brand-ftz-women","11":"pa_color-bordo","12":"pa_size-4706","13":"pa_size-4711","14":"pa_size-4713","15":"pa_size-4751","17":"first","18":"instock","19":"sale","20":"shipping-taxable","21":"purchasable","22":"product-type-variable"},"_links":{"self":[{"href":"https:\/\/mod.wisdar.net\/tr\/wp-json\/wp\/v2\/product\/18841","targetHints":{"allow":["GET"]}}],"collection":[{"href":"https:\/\/mod.wisdar.net\/tr\/wp-json\/wp\/v2\/product"}],"about":[{"href":"https:\/\/mod.wisdar.net\/tr\/wp-json\/wp\/v2\/types\/product"}],"replies":[{"embeddable":true,"href":"https:\/\/mod.wisdar.net\/tr\/wp-json\/wp\/v2\/comments?post=18841"}],"wp:attachment":[{"href":"https:\/\/mod.wisdar.net\/tr\/wp-json\/wp\/v2\/media?parent=18841"}],"wp:term":[{"taxonomy":"product_brand","embeddable":true,"href":"https:\/\/mod.wisdar.net\/tr\/wp-json\/wp\/v2\/product_brand?post=18841"},{"taxonomy":"product_cat","embeddable":true,"href":"https:\/\/mod.wisdar.net\/tr\/wp-json\/wp\/v2\/product_cat?post=18841"},{"taxonomy":"product_tag","embeddable":true,"href":"https:\/\/mod.wisdar.net\/tr\/wp-json\/wp\/v2\/product_tag?post=18841"}],"curies":[{"name":"wp","href":"https:\/\/api.w.org\/{rel}","templated":true}]}}