{"id":188427,"date":"2026-03-30T22:11:03","date_gmt":"2026-03-30T22:11:03","guid":{"rendered":"https:\/\/modesthanim.com\/product\/mavi-polo-yaka-erkek-bebek-tulum\/"},"modified":"2026-04-11T10:50:40","modified_gmt":"2026-04-11T10:50:40","slug":"mavi-polo-yaka-erkek-bebek-tulum","status":"publish","type":"product","link":"https:\/\/mod.wisdar.net\/tr\/urun\/mavi-polo-yaka-erkek-bebek-tulum\/","title":{"rendered":"Mavi Polo Yaka Erkek Bebek Tulum"},"content":{"rendered":"<p>LCW baby Mavi Polo Yaka Erkek Bebek Tulum size \u00f6zel indirim, taksit ve kap\u0131da \u00f6deme avantajlar\u0131yla LCW&#8217;de! Hemen online al\u0131\u015fveri\u015f yap, \u00fcr\u00fcn kap\u0131na gelsin! \u2013 S6CB88Z1-HPQ<\/p>\n<p>\u2014 Technical Details \u2014<br \/>\nSat\u0131c\u0131: LC Waikiki<br \/>\nMarka: LCW baby<br \/>\n\u00dcr\u00fcn Tipi: Tulum<br \/>\nCinsiyet: Erkek Bebek<br \/>\nKal\u0131p: Standart &amp; Regular<br \/>\nKuma\u015f: Pike<br \/>\nDesen: D\u00fcz<br \/>\nYaka: Polo Yaka<br \/>\nKal\u0131nl\u0131k: \u0130nce<br \/>\nKol Boyu: K\u0131sa Kollu<br \/>\nMalzeme: %100 Pamuk<br \/>\nKoleksiyon: Bayram Koleksiyonu<br \/>\nEk \u00d6zellik: D\u00fc\u011fmeli<\/p>\n","protected":false},"excerpt":{"rendered":"<p>LCW baby Mavi Polo Yaka Erkek Bebek Tulum size \u00f6zel indirim, taksit ve kap\u0131da \u00f6deme avantajlar\u0131yla LCW&#8217;de! Hemen online al\u0131\u015fveri\u015f<\/p>\n","protected":false},"featured_media":188423,"comment_status":"open","ping_status":"closed","template":"","meta":[],"product_brand":[],"product_cat":[12977],"product_tag":[],"class_list":{"0":"post-188427","1":"product","2":"type-product","3":"status-publish","4":"has-post-thumbnail","6":"product_cat-accessories-men","8":"first","9":"instock","10":"sale","11":"shipping-taxable","12":"purchasable","13":"product-type-variable"},"_links":{"self":[{"href":"https:\/\/mod.wisdar.net\/tr\/wp-json\/wp\/v2\/product\/188427","targetHints":{"allow":["GET"]}}],"collection":[{"href":"https:\/\/mod.wisdar.net\/tr\/wp-json\/wp\/v2\/product"}],"about":[{"href":"https:\/\/mod.wisdar.net\/tr\/wp-json\/wp\/v2\/types\/product"}],"replies":[{"embeddable":true,"href":"https:\/\/mod.wisdar.net\/tr\/wp-json\/wp\/v2\/comments?post=188427"}],"version-history":[{"count":0,"href":"https:\/\/mod.wisdar.net\/tr\/wp-json\/wp\/v2\/product\/188427\/revisions"}],"wp:featuredmedia":[{"embeddable":true,"href":"https:\/\/mod.wisdar.net\/tr\/wp-json\/wp\/v2\/media\/188423"}],"wp:attachment":[{"href":"https:\/\/mod.wisdar.net\/tr\/wp-json\/wp\/v2\/media?parent=188427"}],"wp:term":[{"taxonomy":"product_brand","embeddable":true,"href":"https:\/\/mod.wisdar.net\/tr\/wp-json\/wp\/v2\/product_brand?post=188427"},{"taxonomy":"product_cat","embeddable":true,"href":"https:\/\/mod.wisdar.net\/tr\/wp-json\/wp\/v2\/product_cat?post=188427"},{"taxonomy":"product_tag","embeddable":true,"href":"https:\/\/mod.wisdar.net\/tr\/wp-json\/wp\/v2\/product_tag?post=188427"}],"curies":[{"name":"wp","href":"https:\/\/api.w.org\/{rel}","templated":true}]}}