{"id":188631,"date":"2026-03-30T22:27:24","date_gmt":"2026-03-30T22:27:24","guid":{"rendered":"https:\/\/modesthanim.com\/product\/ekru-bebe-yaka-dantelli-kiz-bebek-elbise\/"},"modified":"2026-04-11T11:21:01","modified_gmt":"2026-04-11T11:21:01","slug":"ekru-bebe-yaka-dantelli-kiz-bebek-elbise","status":"publish","type":"product","link":"https:\/\/mod.wisdar.net\/tr\/urun\/ekru-bebe-yaka-dantelli-kiz-bebek-elbise\/","title":{"rendered":"Ekru Bebe Yaka Dantelli K\u0131z Bebek Elbise"},"content":{"rendered":"<p>LCW baby Ekru Bebe Yaka Dantelli K\u0131z Bebek Elbise size \u00f6zel indirim, taksit ve kap\u0131da \u00f6deme avantajlar\u0131yla LCW&#8217;de! Hemen online al\u0131\u015fveri\u015f yap, \u00fcr\u00fcn kap\u0131na gelsin! \u2013 S67641Z1-FDL<\/p>\n<p>\u2014 Technical Details \u2014<br \/>\n\u00dcr\u00fcn Tipi: Elbise<br \/>\nCinsiyet: K\u0131z Bebek<br \/>\nKal\u0131p: Standart &amp; Regular<br \/>\nKuma\u015f: Dantel<br \/>\nSiluet: F\u0131rf\u0131rl\u0131<br \/>\nAstar Detay: Astarl\u0131<br \/>\nUzunluk: K\u0131sa<br \/>\nMalzeme: %100 Pamuk<br \/>\nYaka: Bebe Yaka<br \/>\nKol Boyu: Uzun Kollu<br \/>\nKoleksiyon: Bayram Koleksiyonu<br \/>\nDesen: Desenli<\/p>\n","protected":false},"excerpt":{"rendered":"<p>LCW baby Ekru Bebe Yaka Dantelli K\u0131z Bebek Elbise size \u00f6zel indirim, taksit ve kap\u0131da \u00f6deme avantajlar\u0131yla LCW&#8217;de! Hemen online al\u0131\u015fveri\u015f yap, \u00fcr\u00fcn kap\u0131na gelsin! \u2013 S67641Z1-FDL \u2014 Technical Details \u2014 \u00dcr\u00fcn Tipi: Elbise Cinsiyet: K\u0131z Bebek Kal\u0131p: Standart &amp; Regular Kuma\u015f: Dantel Siluet: F\u0131rf\u0131rl\u0131 Astar Detay: Astarl\u0131 Uzunluk: K\u0131sa Malzeme: %100 Pamuk Yaka: Bebe [&hellip;]<\/p>\n","protected":false},"featured_media":188627,"comment_status":"open","ping_status":"closed","template":"","meta":[],"product_brand":[],"product_cat":[8712,8694,8697],"product_tag":[4579,6921,6769,6757,6778,6768],"class_list":{"0":"post-188631","1":"product","2":"type-product","3":"status-publish","4":"has-post-thumbnail","6":"product_cat-bebek-elbiseleri","7":"product_cat-cocuklar","8":"product_cat-yenidogan-0-12-ay","9":"product_tag-100-cotton","10":"product_tag-astarli","11":"product_tag-desenli","12":"product_tag-ekru","13":"product_tag-kisa","14":"product_tag-uzun-kol","15":"pa_brand-lcw-baby","16":"pa_color-ekru","17":"pa_size-1-3-ay","18":"pa_size-12-18-ay","19":"pa_size-18-24-ay","20":"pa_size-2-3-yas","21":"pa_size-3-4-yas","22":"pa_size-3-6-ay","23":"pa_size-6-9-ay","24":"pa_size-9-12-ay","26":"first","27":"instock","28":"sale","29":"shipping-taxable","30":"purchasable","31":"product-type-variable"},"_links":{"self":[{"href":"https:\/\/mod.wisdar.net\/tr\/wp-json\/wp\/v2\/product\/188631","targetHints":{"allow":["GET"]}}],"collection":[{"href":"https:\/\/mod.wisdar.net\/tr\/wp-json\/wp\/v2\/product"}],"about":[{"href":"https:\/\/mod.wisdar.net\/tr\/wp-json\/wp\/v2\/types\/product"}],"replies":[{"embeddable":true,"href":"https:\/\/mod.wisdar.net\/tr\/wp-json\/wp\/v2\/comments?post=188631"}],"wp:featuredmedia":[{"embeddable":true,"href":"https:\/\/mod.wisdar.net\/tr\/wp-json\/wp\/v2\/media\/188627"}],"wp:attachment":[{"href":"https:\/\/mod.wisdar.net\/tr\/wp-json\/wp\/v2\/media?parent=188631"}],"wp:term":[{"taxonomy":"product_brand","embeddable":true,"href":"https:\/\/mod.wisdar.net\/tr\/wp-json\/wp\/v2\/product_brand?post=188631"},{"taxonomy":"product_cat","embeddable":true,"href":"https:\/\/mod.wisdar.net\/tr\/wp-json\/wp\/v2\/product_cat?post=188631"},{"taxonomy":"product_tag","embeddable":true,"href":"https:\/\/mod.wisdar.net\/tr\/wp-json\/wp\/v2\/product_tag?post=188631"}],"curies":[{"name":"wp","href":"https:\/\/api.w.org\/{rel}","templated":true}]}}