{"id":188795,"date":"2026-03-31T15:06:52","date_gmt":"2026-03-31T15:06:52","guid":{"rendered":"https:\/\/modesthanim.com\/product\/sari-bisiklet-yaka-kiz-cocuk-pijama-takimi\/"},"modified":"2026-03-31T15:58:12","modified_gmt":"2026-03-31T15:58:12","slug":"sari-bisiklet-yaka-kiz-cocuk-pijama-takimi","status":"publish","type":"product","link":"https:\/\/mod.wisdar.net\/tr\/urun\/sari-bisiklet-yaka-kiz-cocuk-pijama-takimi\/","title":{"rendered":"Sar\u0131 Bisiklet Yaka K\u0131z \u00c7ocuk Pijama Tak\u0131m\u0131"},"content":{"rendered":"<p>LCW Kids Sar\u0131 Bisiklet Yaka K\u0131z \u00c7ocuk Pijama Tak\u0131m\u0131 size \u00f6zel indirim, taksit ve kap\u0131da \u00f6deme avantajlar\u0131yla LCW&#8217;de! Hemen online al\u0131\u015fveri\u015f yap, \u00fcr\u00fcn kap\u0131na gelsin! \u2013 S6DT90Z1-LU9<\/p>\n<p>\u2014 Technical Details \u2014<br \/>\nMen\u015fei: Hindistan,Turk\u0131ye<br \/>\nSat\u0131c\u0131: LC Waikiki<br \/>\nMarka: LCW Kids<br \/>\n\u00dcr\u00fcn Tipi: \u015eortlu Pijama Tak\u0131m\u0131<br \/>\nCinsiyet: K\u0131z \u00c7ocuk<br \/>\nDesen: Bask\u0131l\u0131<br \/>\nKal\u0131p: Standart &amp; Regular<br \/>\nKol Boyu: K\u0131sa Kollu<br \/>\nKuma\u015f: Penye<br \/>\nMalzeme: %100 Pamuk<br \/>\nYaka: Bisiklet Yaka<br \/>\nBel Fiti: Beli Lastikli<br \/>\nPar\u00e7a Say\u0131s\u0131: 2 Par\u00e7a<\/p>\n","protected":false},"excerpt":{"rendered":"<p>LCW Kids Sar\u0131 Bisiklet Yaka K\u0131z \u00c7ocuk Pijama Tak\u0131m\u0131 size \u00f6zel indirim, taksit ve kap\u0131da \u00f6deme avantajlar\u0131yla LCW&#8217;de! Hemen online al\u0131\u015fveri\u015f yap, \u00fcr\u00fcn kap\u0131na gelsin! \u2013 S6DT90Z1-LU9 \u2014 Technical Details \u2014 Men\u015fei: Hindistan,Turk\u0131ye Sat\u0131c\u0131: LC Waikiki Marka: LCW Kids \u00dcr\u00fcn Tipi: \u015eortlu Pijama Tak\u0131m\u0131 Cinsiyet: K\u0131z \u00c7ocuk Desen: Bask\u0131l\u0131 Kal\u0131p: Standart &amp; Regular Kol Boyu: [&hellip;]<\/p>\n","protected":false},"featured_media":188788,"comment_status":"open","ping_status":"closed","template":"","meta":[],"product_brand":[],"product_cat":[8715,8694,8730],"product_tag":[9364,11882,9371,9363,10006,10098],"class_list":{"0":"post-188795","1":"product","2":"type-product","3":"status-publish","4":"has-post-thumbnail","6":"product_cat-kiz-cocuklari-2-14-yas","7":"product_cat-cocuklar","8":"product_cat-pijama","9":"product_tag-cotton-pajamas","10":"product_tag-girls-pajamas","11":"product_tag-kids-sleepwear","12":"product_tag-printed-pajamas","13":"product_tag-short-sleeve-pajamas","14":"product_tag-v-neck-pajamas","15":"pa_brand-lcw-kids","16":"pa_color-sari","17":"pa_size-2-3-yas","18":"pa_size-3-4-yas","19":"pa_size-4-5-yas","20":"pa_size-5-6-yas","21":"pa_size-6-7-yas","22":"pa_size-7-8-yas","24":"first","25":"instock","26":"sale","27":"shipping-taxable","28":"purchasable","29":"product-type-variable"},"_links":{"self":[{"href":"https:\/\/mod.wisdar.net\/tr\/wp-json\/wp\/v2\/product\/188795","targetHints":{"allow":["GET"]}}],"collection":[{"href":"https:\/\/mod.wisdar.net\/tr\/wp-json\/wp\/v2\/product"}],"about":[{"href":"https:\/\/mod.wisdar.net\/tr\/wp-json\/wp\/v2\/types\/product"}],"replies":[{"embeddable":true,"href":"https:\/\/mod.wisdar.net\/tr\/wp-json\/wp\/v2\/comments?post=188795"}],"wp:featuredmedia":[{"embeddable":true,"href":"https:\/\/mod.wisdar.net\/tr\/wp-json\/wp\/v2\/media\/188788"}],"wp:attachment":[{"href":"https:\/\/mod.wisdar.net\/tr\/wp-json\/wp\/v2\/media?parent=188795"}],"wp:term":[{"taxonomy":"product_brand","embeddable":true,"href":"https:\/\/mod.wisdar.net\/tr\/wp-json\/wp\/v2\/product_brand?post=188795"},{"taxonomy":"product_cat","embeddable":true,"href":"https:\/\/mod.wisdar.net\/tr\/wp-json\/wp\/v2\/product_cat?post=188795"},{"taxonomy":"product_tag","embeddable":true,"href":"https:\/\/mod.wisdar.net\/tr\/wp-json\/wp\/v2\/product_tag?post=188795"}],"curies":[{"name":"wp","href":"https:\/\/api.w.org\/{rel}","templated":true}]}}