{"id":188905,"date":"2026-03-31T15:27:54","date_gmt":"2026-03-31T15:27:54","guid":{"rendered":"https:\/\/modesthanim.com\/product\/poplin-sort-erkek-bebek\/"},"modified":"2026-03-31T17:07:42","modified_gmt":"2026-03-31T17:07:42","slug":"poplin-sort-erkek-bebek","status":"publish","type":"product","link":"https:\/\/mod.wisdar.net\/tr\/urun\/poplin-sort-erkek-bebek\/","title":{"rendered":"Poplin \u015eort Erkek Bebek"},"content":{"rendered":"<p>Arad\u0131\u011f\u0131n Ye\u015fil Erkek Bebek Poplin \u015eort Erkek Bebek en uygun fiyatla DeFacto&#8217;da! Yeni sezon Ye\u015fil Erkek Bebek Poplin \u015eort Erkek Bebek i\u00e7in hemen DeFacto&#8217;ya t\u0131kla!<\/p>\n<p>\u2014 Technical Details \u2014<br \/>\nRenk: Ye\u015fil<br \/>\nCinsiyet: Erkek Bebek<br \/>\nKuma\u015f: Poplin<br \/>\n\u00dcr\u00fcn Tipi: \u015eort<br \/>\nMen\u015fei: TR<\/p>\n","protected":false},"excerpt":{"rendered":"<p>Arad\u0131\u011f\u0131n Ye\u015fil Erkek Bebek Poplin \u015eort Erkek Bebek en uygun fiyatla DeFacto&#8217;da! Yeni sezon Ye\u015fil Erkek Bebek Poplin \u015eort Erkek Bebek i\u00e7in hemen DeFacto&#8217;ya t\u0131kla! \u2014 Technical Details \u2014 Renk: Ye\u015fil Cinsiyet: Erkek Bebek Kuma\u015f: Poplin \u00dcr\u00fcn Tipi: \u015eort Men\u015fei: TR<\/p>\n","protected":false},"featured_media":188902,"comment_status":"open","ping_status":"closed","template":"","meta":[],"product_brand":[],"product_cat":[8739,8694,8748,8697,8700],"product_tag":[12212,12213,12214,12215],"class_list":{"0":"post-188905","1":"product","2":"type-product","3":"status-publish","4":"has-post-thumbnail","6":"product_cat-erkek-cocuklar-2-14-yas","7":"product_cat-cocuklar","8":"product_cat-pantolonlar-sortlar","9":"product_cat-yenidogan-0-12-ay","10":"product_cat-yenidogan-giyim","11":"product_tag-green-mens-baby-poplin-shorts","12":"product_tag-green-poplin-shorts-mens-baby","13":"product_tag-mens-baby-poplin-shorts","14":"product_tag-poplin-shorts-mens-baby","15":"pa_brand-defacto","16":"pa_color-mint","17":"pa_size-12-18-ay-86cm","18":"pa_size-18-24-ay-92cm","19":"pa_size-2-3-yas-98cm","20":"pa_size-3-4-yas-104-cm","21":"pa_size-4-5-yas-110cm","22":"pa_size-5-6-yas-116cm","23":"pa_size-9-12-ay-80cm","25":"first","26":"instock","27":"sale","28":"shipping-taxable","29":"purchasable","30":"product-type-variable"},"_links":{"self":[{"href":"https:\/\/mod.wisdar.net\/tr\/wp-json\/wp\/v2\/product\/188905","targetHints":{"allow":["GET"]}}],"collection":[{"href":"https:\/\/mod.wisdar.net\/tr\/wp-json\/wp\/v2\/product"}],"about":[{"href":"https:\/\/mod.wisdar.net\/tr\/wp-json\/wp\/v2\/types\/product"}],"replies":[{"embeddable":true,"href":"https:\/\/mod.wisdar.net\/tr\/wp-json\/wp\/v2\/comments?post=188905"}],"wp:featuredmedia":[{"embeddable":true,"href":"https:\/\/mod.wisdar.net\/tr\/wp-json\/wp\/v2\/media\/188902"}],"wp:attachment":[{"href":"https:\/\/mod.wisdar.net\/tr\/wp-json\/wp\/v2\/media?parent=188905"}],"wp:term":[{"taxonomy":"product_brand","embeddable":true,"href":"https:\/\/mod.wisdar.net\/tr\/wp-json\/wp\/v2\/product_brand?post=188905"},{"taxonomy":"product_cat","embeddable":true,"href":"https:\/\/mod.wisdar.net\/tr\/wp-json\/wp\/v2\/product_cat?post=188905"},{"taxonomy":"product_tag","embeddable":true,"href":"https:\/\/mod.wisdar.net\/tr\/wp-json\/wp\/v2\/product_tag?post=188905"}],"curies":[{"name":"wp","href":"https:\/\/api.w.org\/{rel}","templated":true}]}}