{"id":188919,"date":"2026-03-31T15:28:03","date_gmt":"2026-03-31T15:28:03","guid":{"rendered":"https:\/\/modesthanim.com\/product\/pembe-baskili-kiz-bebek-bluz-ve-tayt\/"},"modified":"2026-03-31T16:04:24","modified_gmt":"2026-03-31T16:04:24","slug":"pembe-baskili-kiz-bebek-bluz-ve-tayt","status":"publish","type":"product","link":"https:\/\/mod.wisdar.net\/tr\/urun\/pembe-baskili-kiz-bebek-bluz-ve-tayt\/","title":{"rendered":"Pembe Bask\u0131l\u0131 K\u0131z Bebek Bluz ve Tayt"},"content":{"rendered":"<p>LCW baby Pembe Bask\u0131l\u0131 K\u0131z Bebek Bluz ve Tayt size \u00f6zel indirim, taksit ve kap\u0131da \u00f6deme avantajlar\u0131yla LCW&#8217;de! Hemen online al\u0131\u015fveri\u015f yap, \u00fcr\u00fcn kap\u0131na gelsin! \u2013 S6NJ76Z1-LT4<\/p>\n<p>\u2014 Technical Details \u2014<br \/>\nSat\u0131c\u0131: LC Waikiki<br \/>\nMarka: LCW baby<br \/>\n\u00dcr\u00fcn Tipi: Tak\u0131m<br \/>\nCinsiyet: K\u0131z Bebek<br \/>\nKal\u0131p: Standart &amp; Regular<br \/>\nKuma\u015f: Ribana<br \/>\nBel Fiti: Beli Lastikli<br \/>\nDesen: Bask\u0131l\u0131<br \/>\nYaka: Bebe Yaka<br \/>\nPa\u00e7a Fiti: Ekstra Dar Pa\u00e7a<br \/>\nKal\u0131nl\u0131k: Orta Kal\u0131nl\u0131k<br \/>\nKol Boyu: K\u0131sa Kollu<br \/>\nMalzeme: Y\u00fcksek Pamuk \u0130\u00e7erir<br \/>\nKoleksiyon: Yenido\u011fan<br \/>\nPar\u00e7a Say\u0131s\u0131: 2 Par\u00e7a<br \/>\nSiluet: F\u0131rf\u0131rl\u0131<\/p>\n","protected":false},"excerpt":{"rendered":"<p>LCW baby Pembe Bask\u0131l\u0131 K\u0131z Bebek Bluz ve Tayt size \u00f6zel indirim, taksit ve kap\u0131da \u00f6deme avantajlar\u0131yla LCW&#8217;de! Hemen online al\u0131\u015fveri\u015f yap, \u00fcr\u00fcn kap\u0131na gelsin! \u2013 S6NJ76Z1-LT4 \u2014 Technical Details \u2014 Sat\u0131c\u0131: LC Waikiki Marka: LCW baby \u00dcr\u00fcn Tipi: Tak\u0131m Cinsiyet: K\u0131z Bebek Kal\u0131p: Standart &amp; Regular Kuma\u015f: Ribana Bel Fiti: Beli Lastikli Desen: Bask\u0131l\u0131 [&hellip;]<\/p>\n","protected":false},"featured_media":188913,"comment_status":"open","ping_status":"closed","template":"","meta":[],"product_brand":[],"product_cat":[8703,8694,8697],"product_tag":[8022,7604,7744,7480],"class_list":{"0":"post-188919","1":"product","2":"type-product","3":"status-publish","4":"has-post-thumbnail","6":"product_cat-bebek-setleri","7":"product_cat-cocuklar","8":"product_cat-yenidogan-0-12-ay","9":"product_tag-baskili-2","10":"product_tag-lcw","11":"product_tag-pembe","12":"product_tag-tayt","13":"pa_brand-lcw-baby","14":"pa_color-pembe","15":"pa_size-0-1-ay","16":"pa_size-1-3-ay","17":"pa_size-12-18-ay","18":"pa_size-3-6-ay","19":"pa_size-6-9-ay","20":"pa_size-9-12-ay","22":"first","23":"instock","24":"sale","25":"shipping-taxable","26":"purchasable","27":"product-type-variable"},"_links":{"self":[{"href":"https:\/\/mod.wisdar.net\/tr\/wp-json\/wp\/v2\/product\/188919","targetHints":{"allow":["GET"]}}],"collection":[{"href":"https:\/\/mod.wisdar.net\/tr\/wp-json\/wp\/v2\/product"}],"about":[{"href":"https:\/\/mod.wisdar.net\/tr\/wp-json\/wp\/v2\/types\/product"}],"replies":[{"embeddable":true,"href":"https:\/\/mod.wisdar.net\/tr\/wp-json\/wp\/v2\/comments?post=188919"}],"wp:featuredmedia":[{"embeddable":true,"href":"https:\/\/mod.wisdar.net\/tr\/wp-json\/wp\/v2\/media\/188913"}],"wp:attachment":[{"href":"https:\/\/mod.wisdar.net\/tr\/wp-json\/wp\/v2\/media?parent=188919"}],"wp:term":[{"taxonomy":"product_brand","embeddable":true,"href":"https:\/\/mod.wisdar.net\/tr\/wp-json\/wp\/v2\/product_brand?post=188919"},{"taxonomy":"product_cat","embeddable":true,"href":"https:\/\/mod.wisdar.net\/tr\/wp-json\/wp\/v2\/product_cat?post=188919"},{"taxonomy":"product_tag","embeddable":true,"href":"https:\/\/mod.wisdar.net\/tr\/wp-json\/wp\/v2\/product_tag?post=188919"}],"curies":[{"name":"wp","href":"https:\/\/api.w.org\/{rel}","templated":true}]}}