{"id":189058,"date":"2026-03-31T15:41:17","date_gmt":"2026-03-31T15:41:17","guid":{"rendered":"https:\/\/modesthanim.com\/product\/oversize-baskili-kisa-kollu-tisort-erkek-bebek\/"},"modified":"2026-03-31T17:02:21","modified_gmt":"2026-03-31T17:02:21","slug":"oversize-baskili-kisa-kollu-tisort-erkek-bebek","status":"publish","type":"product","link":"https:\/\/mod.wisdar.net\/tr\/urun\/oversize-baskili-kisa-kollu-tisort-erkek-bebek\/","title":{"rendered":"Overs\u0131ze Bask\u0131l\u0131 K\u0131sa Kollu Ti\u015f\u00f6rt Erkek Bebek"},"content":{"rendered":"<p>Arad\u0131\u011f\u0131n Sar\u0131 Erkek Bebek Overs\u0131ze Bask\u0131l\u0131 K\u0131sa Kollu Ti\u015f\u00f6rt Erkek Bebek en uygun fiyatla DeFacto&#8217;da! Yeni sezon Sar\u0131 Erkek Bebek Overs\u0131ze Bask\u0131l\u0131 K\u0131sa Kollu Ti\u015f\u00f6rt Erkek Bebek i\u00e7in hemen DeFacto&#8217;ya t\u0131kla!<\/p>\n<p>\u2014 Technical Details \u2014<br \/>\nDesen: Bask\u0131l\u0131<br \/>\nRenk: Sar\u0131<br \/>\n\u00dcr\u00fcn Tipi: K\u0131sa Kollu Ti\u015f\u00f6rt<br \/>\nKal\u0131p: Overs\u0131ze<br \/>\nCinsiyet: Erkek Bebek<br \/>\nKol Boyu: K\u0131sa Kollu<br \/>\nMen\u015fei: TR<br \/>\n\u00dcr\u00fcn Grubu: Erkek Bebek Ti\u015f\u00f6rt<\/p>\n","protected":false},"excerpt":{"rendered":"<p>Arad\u0131\u011f\u0131n Sar\u0131 Erkek Bebek Overs\u0131ze Bask\u0131l\u0131 K\u0131sa Kollu Ti\u015f\u00f6rt Erkek Bebek en uygun fiyatla DeFacto&#8217;da! Yeni sezon Sar\u0131 Erkek Bebek Overs\u0131ze Bask\u0131l\u0131 K\u0131sa Kollu Ti\u015f\u00f6rt Erkek Bebek i\u00e7in hemen DeFacto&#8217;ya t\u0131kla! \u2014 Technical Details \u2014 Desen: Bask\u0131l\u0131 Renk: Sar\u0131 \u00dcr\u00fcn Tipi: K\u0131sa Kollu Ti\u015f\u00f6rt Kal\u0131p: Overs\u0131ze Cinsiyet: Erkek Bebek Kol Boyu: K\u0131sa Kollu Men\u015fei: TR [&hellip;]<\/p>\n","protected":false},"featured_media":189055,"comment_status":"open","ping_status":"closed","template":"","meta":[],"product_brand":[],"product_cat":[8739,8694,8742,8697,8700],"product_tag":[12223,12224,12221,12222],"class_list":{"0":"post-189058","1":"product","2":"type-product","3":"status-publish","4":"has-post-thumbnail","6":"product_cat-erkek-cocuklar-2-14-yas","7":"product_cat-cocuklar","8":"product_cat-tisortler-gomlekler","9":"product_cat-yenidogan-0-12-ay","10":"product_cat-yenidogan-giyim","11":"product_tag-baby-boy-oversize-printed-short-sleeve-t-shirt","12":"product_tag-oversize-printed-short-sleeve-t-shirt-for-baby-boys","13":"product_tag-yellow-baby-boy-oversize-printed-short-sleeve-t-shirt","14":"product_tag-yellow-oversize-printed-short-sleeve-t-shirt-for-baby-boys","15":"pa_brand-defacto","16":"pa_color-sari","17":"pa_size-18-24-ay-92cm","18":"pa_size-2-3-yas-98cm","19":"pa_size-3-4-yas-104-cm","20":"pa_size-5-6-yas-116cm","21":"pa_size-9-12-ay-80cm","23":"first","24":"instock","25":"sale","26":"shipping-taxable","27":"purchasable","28":"product-type-variable"},"_links":{"self":[{"href":"https:\/\/mod.wisdar.net\/tr\/wp-json\/wp\/v2\/product\/189058","targetHints":{"allow":["GET"]}}],"collection":[{"href":"https:\/\/mod.wisdar.net\/tr\/wp-json\/wp\/v2\/product"}],"about":[{"href":"https:\/\/mod.wisdar.net\/tr\/wp-json\/wp\/v2\/types\/product"}],"replies":[{"embeddable":true,"href":"https:\/\/mod.wisdar.net\/tr\/wp-json\/wp\/v2\/comments?post=189058"}],"wp:featuredmedia":[{"embeddable":true,"href":"https:\/\/mod.wisdar.net\/tr\/wp-json\/wp\/v2\/media\/189055"}],"wp:attachment":[{"href":"https:\/\/mod.wisdar.net\/tr\/wp-json\/wp\/v2\/media?parent=189058"}],"wp:term":[{"taxonomy":"product_brand","embeddable":true,"href":"https:\/\/mod.wisdar.net\/tr\/wp-json\/wp\/v2\/product_brand?post=189058"},{"taxonomy":"product_cat","embeddable":true,"href":"https:\/\/mod.wisdar.net\/tr\/wp-json\/wp\/v2\/product_cat?post=189058"},{"taxonomy":"product_tag","embeddable":true,"href":"https:\/\/mod.wisdar.net\/tr\/wp-json\/wp\/v2\/product_tag?post=189058"}],"curies":[{"name":"wp","href":"https:\/\/api.w.org\/{rel}","templated":true}]}}