{"id":189096,"date":"2026-03-31T15:43:15","date_gmt":"2026-03-31T15:43:15","guid":{"rendered":"https:\/\/modesthanim.com\/product\/baskili-2li-takim-erkek-bebek\/"},"modified":"2026-03-31T16:58:00","modified_gmt":"2026-03-31T16:58:00","slug":"baskili-2li-takim-erkek-bebek","status":"publish","type":"product","link":"https:\/\/mod.wisdar.net\/tr\/urun\/baskili-2li-takim-erkek-bebek\/","title":{"rendered":"Bask\u0131l\u0131 2&#8217;li Tak\u0131m Erkek Bebek"},"content":{"rendered":"<p>Yumu\u015fak kuma\u015f\u0131 ve rahat kesimiyle g\u00fcn boyu konfor sa\u011flar. Sevimli ve renkli bask\u0131 detaylar\u0131, tak\u0131ma e\u011flenceli bir hava katar.<\/p>\n<p>\u2014 Technical Details \u2014<br \/>\nDesen: Slogan Bask\u0131l\u0131<br \/>\nCinsiyet: Erkek Bebek<br \/>\nKal\u0131p: Regular F\u0131t<br \/>\nTak\u0131m \u0130\u00e7eri\u011fi: 2&#8217;li<br \/>\nMarka: Defacto<br \/>\nMen\u015fei: TR<br \/>\n\u00dcr\u00fcn Grubu: Erkek Bebek Tak\u0131m \u2013 Set<\/p>\n","protected":false},"excerpt":{"rendered":"<p>Yumu\u015fak kuma\u015f\u0131 ve rahat kesimiyle g\u00fcn boyu konfor sa\u011flar. Sevimli ve renkli bask\u0131 detaylar\u0131, tak\u0131ma e\u011flenceli bir hava katar. \u2014 Technical Details \u2014 Desen: Slogan Bask\u0131l\u0131 Cinsiyet: Erkek Bebek Kal\u0131p: Regular F\u0131t Tak\u0131m \u0130\u00e7eri\u011fi: 2&#8217;li Marka: Defacto Men\u015fei: TR \u00dcr\u00fcn Grubu: Erkek Bebek Tak\u0131m \u2013 Set<\/p>\n","protected":false},"featured_media":189092,"comment_status":"open","ping_status":"closed","template":"","meta":[],"product_brand":[],"product_cat":[8703,8745,8739,8694,8697],"product_tag":[12227,12225,12226,12228],"class_list":{"0":"post-189096","1":"product","2":"type-product","3":"status-publish","4":"has-post-thumbnail","6":"product_cat-bebek-setleri","7":"product_cat-erkek-cocuk-takimlari","8":"product_cat-erkek-cocuklar-2-14-yas","9":"product_cat-cocuklar","10":"product_cat-yenidogan-0-12-ay","11":"product_tag-baby-boy-printed-2-piece-set","12":"product_tag-gray-baby-boy-printed-2-piece-set","13":"product_tag-gray-printed-2-piece-set-baby-boy","14":"product_tag-printed-2-piece-set-baby-boy","15":"pa_brand-defacto","16":"pa_color-acik-gri","17":"pa_size-12-18-ay-86cm","18":"pa_size-18-24-ay-92cm","19":"pa_size-2-3-yas-98cm","20":"pa_size-3-4-yas-104-cm","21":"pa_size-4-5-yas-110cm","22":"pa_size-5-6-yas-116cm","23":"pa_size-9-12-ay-80cm","25":"first","26":"instock","27":"sale","28":"shipping-taxable","29":"purchasable","30":"product-type-variable"},"_links":{"self":[{"href":"https:\/\/mod.wisdar.net\/tr\/wp-json\/wp\/v2\/product\/189096","targetHints":{"allow":["GET"]}}],"collection":[{"href":"https:\/\/mod.wisdar.net\/tr\/wp-json\/wp\/v2\/product"}],"about":[{"href":"https:\/\/mod.wisdar.net\/tr\/wp-json\/wp\/v2\/types\/product"}],"replies":[{"embeddable":true,"href":"https:\/\/mod.wisdar.net\/tr\/wp-json\/wp\/v2\/comments?post=189096"}],"wp:featuredmedia":[{"embeddable":true,"href":"https:\/\/mod.wisdar.net\/tr\/wp-json\/wp\/v2\/media\/189092"}],"wp:attachment":[{"href":"https:\/\/mod.wisdar.net\/tr\/wp-json\/wp\/v2\/media?parent=189096"}],"wp:term":[{"taxonomy":"product_brand","embeddable":true,"href":"https:\/\/mod.wisdar.net\/tr\/wp-json\/wp\/v2\/product_brand?post=189096"},{"taxonomy":"product_cat","embeddable":true,"href":"https:\/\/mod.wisdar.net\/tr\/wp-json\/wp\/v2\/product_cat?post=189096"},{"taxonomy":"product_tag","embeddable":true,"href":"https:\/\/mod.wisdar.net\/tr\/wp-json\/wp\/v2\/product_tag?post=189096"}],"curies":[{"name":"wp","href":"https:\/\/api.w.org\/{rel}","templated":true}]}}