{"id":189143,"date":"2026-03-31T15:45:47","date_gmt":"2026-03-31T15:45:47","guid":{"rendered":"https:\/\/modesthanim.com\/product\/kahverengi-capyfun-baskili-kiz-cocuk-tisort-ve-esofman-alt\/"},"modified":"2026-03-31T16:24:56","modified_gmt":"2026-03-31T16:24:56","slug":"kahverengi-capyfun-baskili-kiz-cocuk-tisort-ve-esofman-alt","status":"publish","type":"product","link":"https:\/\/mod.wisdar.net\/tr\/urun\/kahverengi-capyfun-baskili-kiz-cocuk-tisort-ve-esofman-alt\/","title":{"rendered":"Kahverengi Capyfun Bask\u0131l\u0131 K\u0131z \u00c7ocuk Ti\u015f\u00f6rt Ve E\u015fofman Alt"},"content":{"rendered":"<p>LCW Kids Kahverengi Capyfun Bask\u0131l\u0131 K\u0131z \u00c7ocuk Ti\u015f\u00f6rt ve E\u015fofman Alt size \u00f6zel indirim, taksit ve kap\u0131da \u00f6deme avantajlar\u0131yla LCW&#8217;de! Hemen online al\u0131\u015fveri\u015f yap, \u00fcr\u00fcn kap\u0131na gelsin! \u2013 S6OF17Z4-HSK<\/p>\n<p>\u2014 Technical Details \u2014<br \/>\nSat\u0131c\u0131: LC Waikiki<br \/>\nMarka: LCW Kids<br \/>\n\u00dcr\u00fcn Tipi: Tak\u0131m<br \/>\nCinsiyet: K\u0131z \u00c7ocuk<br \/>\nKal\u0131p: Loose &amp; Bol<br \/>\nBel Fiti: Beli Lastikli<br \/>\nDesen: Bask\u0131l\u0131<br \/>\nYaka: Bisiklet Yaka<br \/>\nPa\u00e7a Fiti: Geni\u015f Pa\u00e7a<br \/>\nKol Boyu: K\u0131sa Kollu<br \/>\nLisans: Capyfun<br \/>\nPar\u00e7a Say\u0131s\u0131: 2 Par\u00e7a<\/p>\n","protected":false},"excerpt":{"rendered":"<p>LCW Kids Kahverengi Capyfun Bask\u0131l\u0131 K\u0131z \u00c7ocuk Ti\u015f\u00f6rt ve E\u015fofman Alt size \u00f6zel indirim, taksit ve kap\u0131da \u00f6deme avantajlar\u0131yla LCW&#8217;de! Hemen online al\u0131\u015fveri\u015f yap, \u00fcr\u00fcn kap\u0131na gelsin! \u2013 S6OF17Z4-HSK \u2014 Technical Details \u2014 Sat\u0131c\u0131: LC Waikiki Marka: LCW Kids \u00dcr\u00fcn Tipi: Tak\u0131m Cinsiyet: K\u0131z \u00c7ocuk Kal\u0131p: Loose &amp; Bol Bel Fiti: Beli Lastikli Desen: Bask\u0131l\u0131 [&hellip;]<\/p>\n","protected":false},"featured_media":189137,"comment_status":"open","ping_status":"closed","template":"","meta":[],"product_brand":[],"product_cat":[8721,8715,8694],"product_tag":[11050,12230,8856,9201,8906,8667,12229],"class_list":{"0":"post-189143","1":"product","2":"type-product","3":"status-publish","4":"has-post-thumbnail","6":"product_cat-kiz-cocuk-takimlari","7":"product_cat-kiz-cocuklari-2-14-yas","8":"product_cat-cocuklar","9":"product_tag-brown-outfit","10":"product_tag-capyfun","11":"product_tag-girls-clothing","12":"product_tag-kids-fashion","13":"product_tag-lcw-kids","14":"product_tag-printed-design","15":"product_tag-t-shirt-and-sweatpants-set","16":"pa_brand-lcw-kids","17":"pa_color-dark-brown-2","18":"pa_size-10-11-yas","19":"pa_size-11-12-yas","20":"pa_size-12-13-yas","21":"pa_size-13-14-yas","22":"pa_size-7-8-yas","23":"pa_size-8-9-yas","24":"pa_size-9-10-yas","26":"first","27":"instock","28":"sale","29":"shipping-taxable","30":"purchasable","31":"product-type-variable"},"_links":{"self":[{"href":"https:\/\/mod.wisdar.net\/tr\/wp-json\/wp\/v2\/product\/189143","targetHints":{"allow":["GET"]}}],"collection":[{"href":"https:\/\/mod.wisdar.net\/tr\/wp-json\/wp\/v2\/product"}],"about":[{"href":"https:\/\/mod.wisdar.net\/tr\/wp-json\/wp\/v2\/types\/product"}],"replies":[{"embeddable":true,"href":"https:\/\/mod.wisdar.net\/tr\/wp-json\/wp\/v2\/comments?post=189143"}],"wp:featuredmedia":[{"embeddable":true,"href":"https:\/\/mod.wisdar.net\/tr\/wp-json\/wp\/v2\/media\/189137"}],"wp:attachment":[{"href":"https:\/\/mod.wisdar.net\/tr\/wp-json\/wp\/v2\/media?parent=189143"}],"wp:term":[{"taxonomy":"product_brand","embeddable":true,"href":"https:\/\/mod.wisdar.net\/tr\/wp-json\/wp\/v2\/product_brand?post=189143"},{"taxonomy":"product_cat","embeddable":true,"href":"https:\/\/mod.wisdar.net\/tr\/wp-json\/wp\/v2\/product_cat?post=189143"},{"taxonomy":"product_tag","embeddable":true,"href":"https:\/\/mod.wisdar.net\/tr\/wp-json\/wp\/v2\/product_tag?post=189143"}],"curies":[{"name":"wp","href":"https:\/\/api.w.org\/{rel}","templated":true}]}}