{"id":189276,"date":"2026-03-31T15:53:40","date_gmt":"2026-03-31T15:53:40","guid":{"rendered":"https:\/\/modesthanim.com\/product\/bej-hayvan-desenli-erkek-bebek-salopet-ve-tisort\/"},"modified":"2026-03-31T17:22:29","modified_gmt":"2026-03-31T17:22:29","slug":"bej-hayvan-desenli-erkek-bebek-salopet-ve-tisort","status":"publish","type":"product","link":"https:\/\/mod.wisdar.net\/tr\/urun\/bej-hayvan-desenli-erkek-bebek-salopet-ve-tisort\/","title":{"rendered":"Bej Hayvan Desenli Erkek Bebek Salopet ve Ti\u015f\u00f6rt"},"content":{"rendered":"<p>LCW baby Bej Hayvan Desenli Erkek Bebek Salopet ve Ti\u015f\u00f6rt size \u00f6zel indirim, taksit ve kap\u0131da \u00f6deme avantajlar\u0131yla LCW&#8217;de! Hemen online al\u0131\u015fveri\u015f yap, \u00fcr\u00fcn kap\u0131na gelsin! \u2013 S6CP52Z1-LQB<\/p>\n<p>\u2014 Technical Details \u2014<br \/>\nSat\u0131c\u0131: LC Waikiki<br \/>\nMarka: LCW baby<br \/>\n\u00dcr\u00fcn Tipi: Salopet<br \/>\nCinsiyet: Erkek Bebek<br \/>\nKal\u0131p: Standart &amp; Regular<br \/>\nKuma\u015f: 2 \u0130plik<br \/>\nDesen: Desenli<br \/>\nYaka: Bisiklet Yaka<br \/>\nKal\u0131nl\u0131k: \u0130nce<br \/>\nKol Boyu: K\u0131sa Kollu<br \/>\nMalzeme: %100 Pamuk<br \/>\nKoleksiyon: Yenido\u011fan<br \/>\nPar\u00e7a Say\u0131s\u0131: 2 Par\u00e7a<\/p>\n","protected":false},"excerpt":{"rendered":"<p>LCW baby Bej Hayvan Desenli Erkek Bebek Salopet ve Ti\u015f\u00f6rt size \u00f6zel indirim, taksit ve kap\u0131da \u00f6deme avantajlar\u0131yla LCW&#8217;de! Hemen online al\u0131\u015fveri\u015f yap, \u00fcr\u00fcn kap\u0131na gelsin! \u2013 S6CP52Z1-LQB \u2014 Technical Details \u2014 Sat\u0131c\u0131: LC Waikiki Marka: LCW baby \u00dcr\u00fcn Tipi: Salopet Cinsiyet: Erkek Bebek Kal\u0131p: Standart &amp; Regular Kuma\u015f: 2 \u0130plik Desen: Desenli Yaka: Bisiklet [&hellip;]<\/p>\n","protected":false},"featured_media":189269,"comment_status":"open","ping_status":"closed","template":"","meta":[],"product_brand":[],"product_cat":[8703,8694,8706,8697],"product_tag":[8790,12233,9031,12232,8896,8937],"class_list":{"0":"post-189276","1":"product","2":"type-product","3":"status-publish","4":"has-post-thumbnail","6":"product_cat-bebek-setleri","7":"product_cat-cocuklar","8":"product_cat-tulum","9":"product_cat-yenidogan-0-12-ay","10":"product_tag-2-piece-set","11":"product_tag-animal-print-romper","12":"product_tag-beige-baby-clothes","13":"product_tag-boys-baby-romper","14":"product_tag-cotton-baby-clothes","15":"product_tag-newborn-outfit","16":"pa_brand-lcw-baby","17":"pa_color-bej","18":"pa_size-1-3-ay","19":"pa_size-12-18-ay","20":"pa_size-18-24-ay","21":"pa_size-2-3-yas","22":"pa_size-3-4-yas","23":"pa_size-3-6-ay","24":"pa_size-6-9-ay","25":"pa_size-9-12-ay","27":"first","28":"instock","29":"sale","30":"shipping-taxable","31":"purchasable","32":"product-type-variable"},"_links":{"self":[{"href":"https:\/\/mod.wisdar.net\/tr\/wp-json\/wp\/v2\/product\/189276","targetHints":{"allow":["GET"]}}],"collection":[{"href":"https:\/\/mod.wisdar.net\/tr\/wp-json\/wp\/v2\/product"}],"about":[{"href":"https:\/\/mod.wisdar.net\/tr\/wp-json\/wp\/v2\/types\/product"}],"replies":[{"embeddable":true,"href":"https:\/\/mod.wisdar.net\/tr\/wp-json\/wp\/v2\/comments?post=189276"}],"wp:featuredmedia":[{"embeddable":true,"href":"https:\/\/mod.wisdar.net\/tr\/wp-json\/wp\/v2\/media\/189269"}],"wp:attachment":[{"href":"https:\/\/mod.wisdar.net\/tr\/wp-json\/wp\/v2\/media?parent=189276"}],"wp:term":[{"taxonomy":"product_brand","embeddable":true,"href":"https:\/\/mod.wisdar.net\/tr\/wp-json\/wp\/v2\/product_brand?post=189276"},{"taxonomy":"product_cat","embeddable":true,"href":"https:\/\/mod.wisdar.net\/tr\/wp-json\/wp\/v2\/product_cat?post=189276"},{"taxonomy":"product_tag","embeddable":true,"href":"https:\/\/mod.wisdar.net\/tr\/wp-json\/wp\/v2\/product_tag?post=189276"}],"curies":[{"name":"wp","href":"https:\/\/api.w.org\/{rel}","templated":true}]}}