{"id":189743,"date":"2026-03-31T16:16:30","date_gmt":"2026-03-31T16:16:30","guid":{"rendered":"https:\/\/modesthanim.com\/product\/ekru-hello-kitty-baskili-kiz-cocuk-soft-touch-esofman-alti\/"},"modified":"2026-03-31T16:17:16","modified_gmt":"2026-03-31T16:17:16","slug":"ekru-hello-kitty-baskili-kiz-cocuk-soft-touch-esofman-alti","status":"publish","type":"product","link":"https:\/\/mod.wisdar.net\/tr\/urun\/ekru-hello-kitty-baskili-kiz-cocuk-soft-touch-esofman-alti\/","title":{"rendered":"Ekru Hello Kitty Bask\u0131l\u0131 K\u0131z \u00c7ocuk Soft Touch E\u015fofman Alt\u0131"},"content":{"rendered":"<p>LCW Kids Ekru Hello Kitty Bask\u0131l\u0131 K\u0131z \u00c7ocuk Soft Touch E\u015fofman Alt\u0131 size \u00f6zel indirim, taksit ve kap\u0131da \u00f6deme avantajlar\u0131yla LCW&#8217;de! Hemen online al\u0131\u015fveri\u015f yap, \u00fcr\u00fcn kap\u0131na gelsin! \u2013 S6LS73Z4-R9J<\/p>\n<p>\u2014 Technical Details \u2014<br \/>\nMen\u015fei: T\u00fcrkiye<br \/>\nSat\u0131c\u0131: LC Waikiki<br \/>\nMarka: LCW Kids<br \/>\n\u00dcr\u00fcn Tipi: E\u015fofman Alt\u0131<br \/>\nCinsiyet: K\u0131z \u00c7ocuk<br \/>\nKal\u0131p: Loose &amp; Bol<br \/>\nKal\u0131nl\u0131k: Orta Kal\u0131nl\u0131k<br \/>\nBel Fiti: Beli Lastikli<br \/>\nPa\u00e7a Fiti: Geni\u015f Pa\u00e7a<br \/>\nDesen: Bask\u0131l\u0131<br \/>\nLisans: Hello Kitty<br \/>\nFonksiyonel \u00d6zellik: Soft Touch<br \/>\nKap\u00fc\u015fon Detay: Kap\u00fc\u015fonsuz<\/p>\n","protected":false},"excerpt":{"rendered":"<p>LCW Kids Ekru Hello Kitty Bask\u0131l\u0131 K\u0131z \u00c7ocuk Soft Touch E\u015fofman Alt\u0131 size \u00f6zel indirim, taksit ve kap\u0131da \u00f6deme avantajlar\u0131yla LCW&#8217;de! Hemen online al\u0131\u015fveri\u015f yap, \u00fcr\u00fcn kap\u0131na gelsin! \u2013 S6LS73Z4-R9J \u2014 Technical Details \u2014 Men\u015fei: T\u00fcrkiye Sat\u0131c\u0131: LC Waikiki Marka: LCW Kids \u00dcr\u00fcn Tipi: E\u015fofman Alt\u0131 Cinsiyet: K\u0131z \u00c7ocuk Kal\u0131p: Loose &amp; Bol Kal\u0131nl\u0131k: Orta [&hellip;]<\/p>\n","protected":false},"featured_media":189740,"comment_status":"open","ping_status":"closed","template":"","meta":[],"product_brand":[],"product_cat":[8715,8694,8727],"product_tag":[6761,6757,6765,7742],"class_list":{"0":"post-189743","1":"product","2":"type-product","3":"status-publish","4":"has-post-thumbnail","6":"product_cat-kiz-cocuklari-2-14-yas","7":"product_cat-cocuklar","8":"product_cat-pantolon","9":"product_tag-bol-paca","10":"product_tag-ekru","11":"product_tag-lastikli-bel","12":"product_tag-yumusak-dokunus","13":"pa_brand-lcw-kids","14":"pa_color-ekru","15":"pa_size-10-11-yas","16":"pa_size-11-12-yas","17":"pa_size-12-13-yas","18":"pa_size-13-14-yas","19":"pa_size-7-8-yas","20":"pa_size-8-9-yas","21":"pa_size-9-10-yas","23":"first","24":"instock","25":"sale","26":"shipping-taxable","27":"purchasable","28":"product-type-variable"},"_links":{"self":[{"href":"https:\/\/mod.wisdar.net\/tr\/wp-json\/wp\/v2\/product\/189743","targetHints":{"allow":["GET"]}}],"collection":[{"href":"https:\/\/mod.wisdar.net\/tr\/wp-json\/wp\/v2\/product"}],"about":[{"href":"https:\/\/mod.wisdar.net\/tr\/wp-json\/wp\/v2\/types\/product"}],"replies":[{"embeddable":true,"href":"https:\/\/mod.wisdar.net\/tr\/wp-json\/wp\/v2\/comments?post=189743"}],"wp:featuredmedia":[{"embeddable":true,"href":"https:\/\/mod.wisdar.net\/tr\/wp-json\/wp\/v2\/media\/189740"}],"wp:attachment":[{"href":"https:\/\/mod.wisdar.net\/tr\/wp-json\/wp\/v2\/media?parent=189743"}],"wp:term":[{"taxonomy":"product_brand","embeddable":true,"href":"https:\/\/mod.wisdar.net\/tr\/wp-json\/wp\/v2\/product_brand?post=189743"},{"taxonomy":"product_cat","embeddable":true,"href":"https:\/\/mod.wisdar.net\/tr\/wp-json\/wp\/v2\/product_cat?post=189743"},{"taxonomy":"product_tag","embeddable":true,"href":"https:\/\/mod.wisdar.net\/tr\/wp-json\/wp\/v2\/product_tag?post=189743"}],"curies":[{"name":"wp","href":"https:\/\/api.w.org\/{rel}","templated":true}]}}