{"id":189920,"date":"2026-03-31T16:28:27","date_gmt":"2026-03-31T16:28:27","guid":{"rendered":"https:\/\/modesthanim.com\/product\/yesil-polo-yaka-desenli-erkek-cocuk-pike-tisort\/"},"modified":"2026-04-11T05:13:09","modified_gmt":"2026-04-11T05:13:09","slug":"yesil-polo-yaka-desenli-erkek-cocuk-pike-tisort","status":"publish","type":"product","link":"https:\/\/mod.wisdar.net\/tr\/urun\/yesil-polo-yaka-desenli-erkek-cocuk-pike-tisort\/","title":{"rendered":"Ye\u015fil Polo Yaka Desenli Erkek \u00c7ocuk Pike Ti\u015f\u00f6rt"},"content":{"rendered":"<p>LCW Kids Ye\u015fil Polo Yaka Desenli Erkek \u00c7ocuk Pike Ti\u015f\u00f6rt size \u00f6zel indirim, taksit ve kap\u0131da \u00f6deme avantajlar\u0131yla LCW&#8217;de! Hemen online al\u0131\u015fveri\u015f yap, \u00fcr\u00fcn kap\u0131na gelsin! \u2013 S6F740Z1-LRF<\/p>\n<p>\u2014 Technical Details \u2014<br \/>\nMen\u015fei: Turk\u0131ye<br \/>\nSat\u0131c\u0131: LC Waikiki<br \/>\nMarka: LCW Kids<br \/>\n\u00dcr\u00fcn Tipi: Ti\u015f\u00f6rt<br \/>\nCinsiyet: Erkek \u00c7ocuk<br \/>\nKal\u0131p: Standart &amp; Regular<br \/>\nYaka: Polo Yaka<br \/>\nDesen: Bask\u0131l\u0131<br \/>\nKuma\u015f: Pike<br \/>\nKol Boyu: K\u0131sa Kollu<br \/>\nMalzeme: %100 Pamuk<br \/>\nKoleksiyon: Bayram Koleksiyonu<\/p>\n","protected":false},"excerpt":{"rendered":"<p>LCW Kids Ye\u015fil Polo Yaka Desenli Erkek \u00c7ocuk Pike Ti\u015f\u00f6rt size \u00f6zel indirim, taksit ve kap\u0131da \u00f6deme avantajlar\u0131yla LCW&#8217;de! Hemen online al\u0131\u015fveri\u015f yap, \u00fcr\u00fcn kap\u0131na gelsin! \u2013 S6F740Z1-LRF \u2014 Technical Details \u2014 Men\u015fei: Turk\u0131ye Sat\u0131c\u0131: LC Waikiki Marka: LCW Kids \u00dcr\u00fcn Tipi: Ti\u015f\u00f6rt Cinsiyet: Erkek \u00c7ocuk Kal\u0131p: Standart &amp; Regular Yaka: Polo Yaka Desen: Bask\u0131l\u0131 [&hellip;]<\/p>\n","protected":false},"featured_media":189917,"comment_status":"open","ping_status":"closed","template":"","meta":[],"product_brand":[],"product_cat":[8739,8694,8742],"product_tag":[9812,9023,12244,12243,8906,8919,4953,8667],"class_list":{"0":"post-189920","1":"product","2":"type-product","3":"status-publish","4":"has-post-thumbnail","6":"product_cat-erkek-cocuklar-2-14-yas","7":"product_cat-cocuklar","8":"product_cat-tisortler-gomlekler","9":"product_tag-boys-t-shirt","10":"product_tag-cotton-t-shirt","11":"product_tag-festival-collection","12":"product_tag-green-clothing","13":"product_tag-lcw-kids","14":"product_tag-pique-fabric","15":"product_tag-polo-collar","16":"product_tag-printed-design","17":"pa_brand-lcw-kids","18":"pa_color-acik-yesil-baskili","19":"pa_size-1-2-yas","20":"pa_size-2-3-yas","21":"pa_size-3-4-yas","22":"pa_size-4-5-yas","23":"pa_size-5-6-yas","24":"pa_size-6-7-yas","25":"pa_size-7-8-yas","26":"pa_size-9-12-ay","28":"first","29":"instock","30":"sale","31":"shipping-taxable","32":"purchasable","33":"product-type-variable"},"_links":{"self":[{"href":"https:\/\/mod.wisdar.net\/tr\/wp-json\/wp\/v2\/product\/189920","targetHints":{"allow":["GET"]}}],"collection":[{"href":"https:\/\/mod.wisdar.net\/tr\/wp-json\/wp\/v2\/product"}],"about":[{"href":"https:\/\/mod.wisdar.net\/tr\/wp-json\/wp\/v2\/types\/product"}],"replies":[{"embeddable":true,"href":"https:\/\/mod.wisdar.net\/tr\/wp-json\/wp\/v2\/comments?post=189920"}],"wp:featuredmedia":[{"embeddable":true,"href":"https:\/\/mod.wisdar.net\/tr\/wp-json\/wp\/v2\/media\/189917"}],"wp:attachment":[{"href":"https:\/\/mod.wisdar.net\/tr\/wp-json\/wp\/v2\/media?parent=189920"}],"wp:term":[{"taxonomy":"product_brand","embeddable":true,"href":"https:\/\/mod.wisdar.net\/tr\/wp-json\/wp\/v2\/product_brand?post=189920"},{"taxonomy":"product_cat","embeddable":true,"href":"https:\/\/mod.wisdar.net\/tr\/wp-json\/wp\/v2\/product_cat?post=189920"},{"taxonomy":"product_tag","embeddable":true,"href":"https:\/\/mod.wisdar.net\/tr\/wp-json\/wp\/v2\/product_tag?post=189920"}],"curies":[{"name":"wp","href":"https:\/\/api.w.org\/{rel}","templated":true}]}}