{"id":189994,"date":"2026-03-31T16:31:01","date_gmt":"2026-03-31T16:31:01","guid":{"rendered":"https:\/\/modesthanim.com\/product\/mavi-stitch-baskili-kiz-cocuk-jean-ceket\/"},"modified":"2026-04-04T11:54:54","modified_gmt":"2026-04-04T11:54:54","slug":"mavi-stitch-baskili-kiz-cocuk-jean-ceket","status":"publish","type":"product","link":"https:\/\/mod.wisdar.net\/tr\/urun\/mavi-stitch-baskili-kiz-cocuk-jean-ceket\/","title":{"rendered":"Mavi Stitch Bask\u0131l\u0131 K\u0131z \u00c7ocuk Jean Ceket"},"content":{"rendered":"<p>LCW Kids Mavi Stitch Bask\u0131l\u0131 K\u0131z \u00c7ocuk Jean Ceket size \u00f6zel indirim, taksit ve kap\u0131da \u00f6deme avantajlar\u0131yla LCW&#8217;de! Hemen online al\u0131\u015fveri\u015f yap, \u00fcr\u00fcn kap\u0131na gelsin! \u2013 S6FH49Z4-V2T<\/p>\n<p>\u2014 Technical Details \u2014<br \/>\nMen\u015fei: Turk\u0131ye<br \/>\nSat\u0131c\u0131: LC Waikiki<br \/>\nMarka: LCW Kids<br \/>\n\u00dcr\u00fcn Tipi: Jean Ceket<br \/>\nCinsiyet: K\u0131z \u00c7ocuk<br \/>\nKal\u0131p: Loose &amp; Bol<br \/>\nKuma\u015f: Denim<br \/>\nDesen: Bask\u0131l\u0131<br \/>\nYaka: G\u00f6mlek Yaka<br \/>\nKal\u0131nl\u0131k: Orta Kal\u0131nl\u0131k<br \/>\nKol Boyu: Uzun Kollu<br \/>\nLisans: Lilo &amp; Stitch<br \/>\nMalzeme: %100 Pamuk<\/p>\n","protected":false},"excerpt":{"rendered":"<p>LCW Kids Mavi Stitch Bask\u0131l\u0131 K\u0131z \u00c7ocuk Jean Ceket size \u00f6zel indirim, taksit ve kap\u0131da \u00f6deme avantajlar\u0131yla LCW&#8217;de! Hemen online al\u0131\u015fveri\u015f yap, \u00fcr\u00fcn kap\u0131na gelsin! \u2013 S6FH49Z4-V2T \u2014 Technical Details \u2014 Men\u015fei: Turk\u0131ye Sat\u0131c\u0131: LC Waikiki Marka: LCW Kids \u00dcr\u00fcn Tipi: Jean Ceket Cinsiyet: K\u0131z \u00c7ocuk Kal\u0131p: Loose &amp; Bol Kuma\u015f: Denim Desen: Bask\u0131l\u0131 Yaka: [&hellip;]<\/p>\n","protected":false},"featured_media":189991,"comment_status":"open","ping_status":"closed","template":"","meta":[],"product_brand":[],"product_cat":[10820,8715,8694],"product_tag":[12193,9201,8906,10389,12245],"class_list":{"0":"post-189994","1":"product","2":"type-product","3":"status-publish","4":"has-post-thumbnail","6":"product_cat-kiz-cocuk-ceket-yelek","7":"product_cat-kiz-cocuklari-2-14-yas","8":"product_cat-cocuklar","9":"product_tag-girls-denim-jacket","10":"product_tag-kids-fashion","11":"product_tag-lcw-kids","12":"product_tag-lilo-stitch","13":"product_tag-printed-jacket","14":"pa_brand-lcw-kids","15":"pa_color-acik-mavi-asit-yikamali","16":"pa_size-10-11-yas","17":"pa_size-11-12-yas","18":"pa_size-12-13-yas","19":"pa_size-13-14-yas","20":"pa_size-7-8-yas","21":"pa_size-8-9-yas","22":"pa_size-9-10-yas","24":"first","25":"instock","26":"sale","27":"shipping-taxable","28":"purchasable","29":"product-type-variable"},"_links":{"self":[{"href":"https:\/\/mod.wisdar.net\/tr\/wp-json\/wp\/v2\/product\/189994","targetHints":{"allow":["GET"]}}],"collection":[{"href":"https:\/\/mod.wisdar.net\/tr\/wp-json\/wp\/v2\/product"}],"about":[{"href":"https:\/\/mod.wisdar.net\/tr\/wp-json\/wp\/v2\/types\/product"}],"replies":[{"embeddable":true,"href":"https:\/\/mod.wisdar.net\/tr\/wp-json\/wp\/v2\/comments?post=189994"}],"wp:featuredmedia":[{"embeddable":true,"href":"https:\/\/mod.wisdar.net\/tr\/wp-json\/wp\/v2\/media\/189991"}],"wp:attachment":[{"href":"https:\/\/mod.wisdar.net\/tr\/wp-json\/wp\/v2\/media?parent=189994"}],"wp:term":[{"taxonomy":"product_brand","embeddable":true,"href":"https:\/\/mod.wisdar.net\/tr\/wp-json\/wp\/v2\/product_brand?post=189994"},{"taxonomy":"product_cat","embeddable":true,"href":"https:\/\/mod.wisdar.net\/tr\/wp-json\/wp\/v2\/product_cat?post=189994"},{"taxonomy":"product_tag","embeddable":true,"href":"https:\/\/mod.wisdar.net\/tr\/wp-json\/wp\/v2\/product_tag?post=189994"}],"curies":[{"name":"wp","href":"https:\/\/api.w.org\/{rel}","templated":true}]}}