{"id":190013,"date":"2026-03-31T16:31:16","date_gmt":"2026-03-31T16:31:16","guid":{"rendered":"https:\/\/modesthanim.com\/product\/ekru-baskili-erkek-cocuk-tisort-ve-sort\/"},"modified":"2026-04-15T21:23:32","modified_gmt":"2026-04-15T21:23:32","slug":"ekru-baskili-erkek-cocuk-tisort-ve-sort","status":"publish","type":"product","link":"https:\/\/mod.wisdar.net\/tr\/urun\/ekru-baskili-erkek-cocuk-tisort-ve-sort\/","title":{"rendered":"Ekru Bask\u0131l\u0131 Erkek \u00c7ocuk Ti\u015f\u00f6rt ve \u015eort"},"content":{"rendered":"<p>LCW Kids Ekru Bask\u0131l\u0131 Erkek \u00c7ocuk Ti\u015f\u00f6rt ve \u015eort size \u00f6zel indirim, taksit ve kap\u0131da \u00f6deme avantajlar\u0131yla LCW&#8217;de! Hemen online al\u0131\u015fveri\u015f yap, \u00fcr\u00fcn kap\u0131na gelsin! \u2013 S6C369Z1-R9J<\/p>\n<p>\u2014 Technical Details \u2014<br \/>\nMen\u015fei: Turk\u0131ye<br \/>\nSat\u0131c\u0131: LC Waikiki<br \/>\nMarka: LCW Kids<br \/>\n\u00dcr\u00fcn Tipi: Tak\u0131m<br \/>\nCinsiyet: Erkek \u00c7ocuk<br \/>\nKal\u0131p: Standart &amp; Regular<br \/>\nKuma\u015f: Penye<br \/>\nBel Fiti: Beli Lastikli<br \/>\nDesen: Bask\u0131l\u0131<br \/>\nYaka: Bisiklet Yaka<br \/>\nKal\u0131nl\u0131k: \u0130nce<br \/>\nKol Boyu: K\u0131sa Kollu<br \/>\nMalzeme: %100 Pamuk<br \/>\nPar\u00e7a Say\u0131s\u0131: 2 Par\u00e7a<\/p>\n","protected":false},"excerpt":{"rendered":"<p>LCW Kids Ekru Bask\u0131l\u0131 Erkek \u00c7ocuk Ti\u015f\u00f6rt ve \u015eort size \u00f6zel indirim, taksit ve kap\u0131da \u00f6deme avantajlar\u0131yla LCW&#8217;de! Hemen online al\u0131\u015fveri\u015f yap, \u00fcr\u00fcn kap\u0131na gelsin! \u2013 S6C369Z1-R9J \u2014 Technical Details \u2014 Men\u015fei: Turk\u0131ye Sat\u0131c\u0131: LC Waikiki Marka: LCW Kids \u00dcr\u00fcn Tipi: Tak\u0131m Cinsiyet: Erkek \u00c7ocuk Kal\u0131p: Standart &amp; Regular Kuma\u015f: Penye Bel Fiti: Beli Lastikli [&hellip;]<\/p>\n","protected":false},"featured_media":190002,"comment_status":"open","ping_status":"closed","template":"","meta":[],"product_brand":[],"product_cat":[8745,8739,8694],"product_tag":[8850,5427,8827,9201,8906,9655,8793,9013],"class_list":{"0":"post-190013","1":"product","2":"type-product","3":"status-publish","4":"has-post-thumbnail","6":"product_cat-erkek-cocuk-takimlari","7":"product_cat-erkek-cocuklar-2-14-yas","8":"product_cat-cocuklar","9":"product_tag-boys-clothing","10":"product_tag-cotton-set","11":"product_tag-ecru-print","12":"product_tag-kids-fashion","13":"product_tag-lcw-kids","14":"product_tag-shorts-set","15":"product_tag-summer-outfit","16":"product_tag-t-shirt-set","17":"pa_brand-lcw-kids","18":"pa_color-ekru","19":"pa_size-1-2-yas","20":"pa_size-2-3-yas","21":"pa_size-3-4-yas","22":"pa_size-4-5-yas","23":"pa_size-5-6-yas","24":"pa_size-6-7-yas","25":"pa_size-7-8-yas","27":"first","28":"instock","29":"sale","30":"shipping-taxable","31":"purchasable","32":"product-type-variable"},"_links":{"self":[{"href":"https:\/\/mod.wisdar.net\/tr\/wp-json\/wp\/v2\/product\/190013","targetHints":{"allow":["GET"]}}],"collection":[{"href":"https:\/\/mod.wisdar.net\/tr\/wp-json\/wp\/v2\/product"}],"about":[{"href":"https:\/\/mod.wisdar.net\/tr\/wp-json\/wp\/v2\/types\/product"}],"replies":[{"embeddable":true,"href":"https:\/\/mod.wisdar.net\/tr\/wp-json\/wp\/v2\/comments?post=190013"}],"wp:featuredmedia":[{"embeddable":true,"href":"https:\/\/mod.wisdar.net\/tr\/wp-json\/wp\/v2\/media\/190002"}],"wp:attachment":[{"href":"https:\/\/mod.wisdar.net\/tr\/wp-json\/wp\/v2\/media?parent=190013"}],"wp:term":[{"taxonomy":"product_brand","embeddable":true,"href":"https:\/\/mod.wisdar.net\/tr\/wp-json\/wp\/v2\/product_brand?post=190013"},{"taxonomy":"product_cat","embeddable":true,"href":"https:\/\/mod.wisdar.net\/tr\/wp-json\/wp\/v2\/product_cat?post=190013"},{"taxonomy":"product_tag","embeddable":true,"href":"https:\/\/mod.wisdar.net\/tr\/wp-json\/wp\/v2\/product_tag?post=190013"}],"curies":[{"name":"wp","href":"https:\/\/api.w.org\/{rel}","templated":true}]}}