{"id":190244,"date":"2026-03-31T16:40:34","date_gmt":"2026-03-31T16:40:34","guid":{"rendered":"https:\/\/modesthanim.com\/product\/yesil-bisiklet-yaka-erkek-cocuk-tisort-3lu\/"},"modified":"2026-04-11T20:31:00","modified_gmt":"2026-04-11T20:31:00","slug":"yesil-bisiklet-yaka-erkek-cocuk-tisort-3lu","status":"publish","type":"product","link":"https:\/\/mod.wisdar.net\/tr\/urun\/yesil-bisiklet-yaka-erkek-cocuk-tisort-3lu\/","title":{"rendered":"Ye\u015fil Bisiklet Yaka Erkek \u00c7ocuk Ti\u015f\u00f6rt 3&#8217;l\u00fc"},"content":{"rendered":"<p>LCW Kids Ye\u015fil Bisiklet Yaka Erkek \u00c7ocuk Ti\u015f\u00f6rt 3&#8217;l\u00fc size \u00f6zel indirim, taksit ve kap\u0131da \u00f6deme avantajlar\u0131yla LCW&#8217;de! Hemen online al\u0131\u015fveri\u015f yap, \u00fcr\u00fcn kap\u0131na gelsin! \u2013 S6A923Z1-GX7<\/p>\n<p>\u2014 Technical Details \u2014<br \/>\nYaka: Bisiklet Yaka<br \/>\nDesen: D\u00fcz<br \/>\nKol Boyu: K\u0131sa Kollu<br \/>\nMalzeme: %100 Pamuk<br \/>\nStil: Basic<br \/>\nPar\u00e7a Say\u0131s\u0131: 3 Par\u00e7a<br \/>\nPaket \u0130\u00e7eri\u011fi: 3&#8217;l\u00fc Paket<br \/>\nKal\u0131p: Standart &amp; Regular<br \/>\nCinsiyet: Erkek \u00c7ocuk<br \/>\n\u00dcr\u00fcn Tipi: Ti\u015f\u00f6rt<\/p>\n","protected":false},"excerpt":{"rendered":"<p>LCW Kids Ye\u015fil Bisiklet Yaka Erkek \u00c7ocuk Ti\u015f\u00f6rt 3&#8217;l\u00fc size \u00f6zel indirim, taksit ve kap\u0131da \u00f6deme avantajlar\u0131yla LCW&#8217;de! Hemen online al\u0131\u015fveri\u015f yap, \u00fcr\u00fcn kap\u0131na gelsin! \u2013 S6A923Z1-GX7 \u2014 Technical Details \u2014 Yaka: Bisiklet Yaka Desen: D\u00fcz Kol Boyu: K\u0131sa Kollu Malzeme: %100 Pamuk Stil: Basic Par\u00e7a Say\u0131s\u0131: 3 Par\u00e7a Paket \u0130\u00e7eri\u011fi: 3&#8217;l\u00fc Paket Kal\u0131p: Standart [&hellip;]<\/p>\n","protected":false},"featured_media":190234,"comment_status":"open","ping_status":"closed","template":"","meta":[],"product_brand":[],"product_cat":[8739,8694,8742],"product_tag":[4886,8110,7488],"class_list":{"0":"post-190244","1":"product","2":"type-product","3":"status-publish","4":"has-post-thumbnail","6":"product_cat-erkek-cocuklar-2-14-yas","7":"product_cat-cocuklar","8":"product_cat-tisortler-gomlekler","9":"product_tag-basic","10":"product_tag-bisiklet-yaka-2","11":"product_tag-pamuk","12":"pa_brand-lcw-kids","13":"pa_color-mat-yesil","14":"pa_size-1-2-yas","15":"pa_size-2-3-yas","16":"pa_size-3-4-yas","17":"pa_size-4-5-yas","18":"pa_size-5-6-yas","19":"pa_size-6-7-yas","20":"pa_size-7-8-yas","22":"first","23":"instock","24":"sale","25":"shipping-taxable","26":"purchasable","27":"product-type-variable"},"_links":{"self":[{"href":"https:\/\/mod.wisdar.net\/tr\/wp-json\/wp\/v2\/product\/190244","targetHints":{"allow":["GET"]}}],"collection":[{"href":"https:\/\/mod.wisdar.net\/tr\/wp-json\/wp\/v2\/product"}],"about":[{"href":"https:\/\/mod.wisdar.net\/tr\/wp-json\/wp\/v2\/types\/product"}],"replies":[{"embeddable":true,"href":"https:\/\/mod.wisdar.net\/tr\/wp-json\/wp\/v2\/comments?post=190244"}],"wp:featuredmedia":[{"embeddable":true,"href":"https:\/\/mod.wisdar.net\/tr\/wp-json\/wp\/v2\/media\/190234"}],"wp:attachment":[{"href":"https:\/\/mod.wisdar.net\/tr\/wp-json\/wp\/v2\/media?parent=190244"}],"wp:term":[{"taxonomy":"product_brand","embeddable":true,"href":"https:\/\/mod.wisdar.net\/tr\/wp-json\/wp\/v2\/product_brand?post=190244"},{"taxonomy":"product_cat","embeddable":true,"href":"https:\/\/mod.wisdar.net\/tr\/wp-json\/wp\/v2\/product_cat?post=190244"},{"taxonomy":"product_tag","embeddable":true,"href":"https:\/\/mod.wisdar.net\/tr\/wp-json\/wp\/v2\/product_tag?post=190244"}],"curies":[{"name":"wp","href":"https:\/\/api.w.org\/{rel}","templated":true}]}}