{"id":190285,"date":"2026-03-31T16:41:16","date_gmt":"2026-03-31T16:41:16","guid":{"rendered":"https:\/\/modesthanim.com\/product\/arac-baskili-tisort-sort-2li-takim-erkek-bebek\/"},"modified":"2026-04-15T21:47:49","modified_gmt":"2026-04-15T21:47:49","slug":"arac-baskili-tisort-sort-2li-takim-erkek-bebek","status":"publish","type":"product","link":"https:\/\/mod.wisdar.net\/tr\/urun\/arac-baskili-tisort-sort-2li-takim-erkek-bebek\/","title":{"rendered":"Ara\u00e7 Bask\u0131l\u0131 Ti\u015f\u00f6rt \u015eort 2&#8217;li Tak\u0131m Erkek Bebek"},"content":{"rendered":"<p>Ara\u00e7 bask\u0131l\u0131 ti\u015f\u00f6rt ve \u015forttan olu\u015fan 2\u2019li erkek bebek tak\u0131m, renkli ve e\u011flenceli bir g\u00f6r\u00fcn\u00fcm sunar. Hafif ve yumu\u015fak kuma\u015f\u0131, g\u00fcn boyu konfor sa\u011flar ve g\u00fcnl\u00fck kombinlerle kolayca uyum sa\u011flar.<\/p>\n<p>\u2014 Technical Details \u2014<br \/>\nKal\u0131p: Regular F\u0131t<br \/>\nTak\u0131m \u0130\u00e7eri\u011fi: 2&#8217;li<br \/>\nCinsiyet: Erkek Bebek<br \/>\nRenk: Gri<br \/>\nMarka: Defacto<br \/>\nMen\u015fei: TR<br \/>\n\u00dcr\u00fcn Grubu: Erkek Bebek Tak\u0131m \u2013 Set<\/p>\n","protected":false},"excerpt":{"rendered":"<p>Ara\u00e7 bask\u0131l\u0131 ti\u015f\u00f6rt ve \u015forttan olu\u015fan 2\u2019li erkek bebek tak\u0131m, renkli ve e\u011flenceli bir g\u00f6r\u00fcn\u00fcm sunar. Hafif ve yumu\u015fak kuma\u015f\u0131, g\u00fcn boyu konfor sa\u011flar ve g\u00fcnl\u00fck kombinlerle kolayca uyum sa\u011flar. \u2014 Technical Details \u2014 Kal\u0131p: Regular F\u0131t Tak\u0131m \u0130\u00e7eri\u011fi: 2&#8217;li Cinsiyet: Erkek Bebek Renk: Gri Marka: Defacto Men\u015fei: TR \u00dcr\u00fcn Grubu: Erkek Bebek Tak\u0131m \u2013 [&hellip;]<\/p>\n","protected":false},"featured_media":190281,"comment_status":"open","ping_status":"closed","template":"","meta":[],"product_brand":[],"product_cat":[8703,8694,8697],"product_tag":[12250,12248,12249,12251],"class_list":{"0":"post-190285","1":"product","2":"type-product","3":"status-publish","4":"has-post-thumbnail","6":"product_cat-bebek-setleri","7":"product_cat-cocuklar","8":"product_cat-yenidogan-0-12-ay","9":"product_tag-baby-boy-vehicle-print-t-shirt-shorts-2-piece-set","10":"product_tag-gray-baby-boy-vehicle-print-t-shirt-shorts-2-piece-set","11":"product_tag-gray-vehicle-print-t-shirt-shorts-2-piece-set-baby-boy","12":"product_tag-vehicle-print-t-shirt-shorts-2-piece-set-baby-boy","13":"pa_brand-defacto","14":"pa_color-gri","15":"pa_size-12-18-ay-86cm","16":"pa_size-18-24-ay-92cm","17":"pa_size-2-3-yas-98cm","18":"pa_size-3-4-yas-104-cm","19":"pa_size-4-5-yas-110cm","20":"pa_size-5-6-yas-116cm","21":"pa_size-9-12-ay-80cm","23":"first","24":"instock","25":"sale","26":"shipping-taxable","27":"purchasable","28":"product-type-variable"},"_links":{"self":[{"href":"https:\/\/mod.wisdar.net\/tr\/wp-json\/wp\/v2\/product\/190285","targetHints":{"allow":["GET"]}}],"collection":[{"href":"https:\/\/mod.wisdar.net\/tr\/wp-json\/wp\/v2\/product"}],"about":[{"href":"https:\/\/mod.wisdar.net\/tr\/wp-json\/wp\/v2\/types\/product"}],"replies":[{"embeddable":true,"href":"https:\/\/mod.wisdar.net\/tr\/wp-json\/wp\/v2\/comments?post=190285"}],"wp:featuredmedia":[{"embeddable":true,"href":"https:\/\/mod.wisdar.net\/tr\/wp-json\/wp\/v2\/media\/190281"}],"wp:attachment":[{"href":"https:\/\/mod.wisdar.net\/tr\/wp-json\/wp\/v2\/media?parent=190285"}],"wp:term":[{"taxonomy":"product_brand","embeddable":true,"href":"https:\/\/mod.wisdar.net\/tr\/wp-json\/wp\/v2\/product_brand?post=190285"},{"taxonomy":"product_cat","embeddable":true,"href":"https:\/\/mod.wisdar.net\/tr\/wp-json\/wp\/v2\/product_cat?post=190285"},{"taxonomy":"product_tag","embeddable":true,"href":"https:\/\/mod.wisdar.net\/tr\/wp-json\/wp\/v2\/product_tag?post=190285"}],"curies":[{"name":"wp","href":"https:\/\/api.w.org\/{rel}","templated":true}]}}