{"id":190325,"date":"2026-03-31T16:43:44","date_gmt":"2026-03-31T16:43:44","guid":{"rendered":"https:\/\/modesthanim.com\/product\/marvel-spiderman-tisort-erkek-bebek\/"},"modified":"2026-04-15T22:00:23","modified_gmt":"2026-04-15T22:00:23","slug":"marvel-spiderman-tisort-erkek-bebek","status":"publish","type":"product","link":"https:\/\/mod.wisdar.net\/tr\/urun\/marvel-spiderman-tisort-erkek-bebek\/","title":{"rendered":"Marvel Sp\u0131derman Ti\u015f\u00f6rt Erkek Bebek"},"content":{"rendered":"<p>Marvel Spiderman bask\u0131l\u0131 erkek bebek ti\u015f\u00f6rt\u00fc, yumu\u015fak ve nefes alabilen kuma\u015f\u0131yla g\u00fcn boyu rahatl\u0131k sa\u011flar. Canl\u0131 ve e\u011flenceli bask\u0131s\u0131, k\u00fc\u00e7\u00fck kahramanlar i\u00e7in dikkat \u00e7ekici bir g\u00f6r\u00fcn\u00fcm sunar.<\/p>\n<p>\u2014 Technical Details \u2014<br \/>\nRenk: Mavi<br \/>\nLisans Bilgisi: Marvel Sp\u0131derman<br \/>\nKol Boyu: K\u0131sa Kollu<br \/>\nKal\u0131p: Regular F\u0131t<br \/>\nCinsiyet: Erkek Bebek<br \/>\n\u00dcr\u00fcn Tipi: K\u0131sa Kollu Ti\u015f\u00f6rt<br \/>\nMen\u015fei: TR<\/p>\n","protected":false},"excerpt":{"rendered":"<p>Marvel Spiderman bask\u0131l\u0131 erkek bebek ti\u015f\u00f6rt\u00fc, yumu\u015fak ve nefes alabilen kuma\u015f\u0131yla g\u00fcn boyu rahatl\u0131k sa\u011flar. Canl\u0131 ve e\u011flenceli bask\u0131s\u0131, k\u00fc\u00e7\u00fck kahramanlar i\u00e7in dikkat \u00e7ekici bir g\u00f6r\u00fcn\u00fcm sunar. \u2014 Technical Details \u2014 Renk: Mavi Lisans Bilgisi: Marvel Sp\u0131derman Kol Boyu: K\u0131sa Kollu Kal\u0131p: Regular F\u0131t Cinsiyet: Erkek Bebek \u00dcr\u00fcn Tipi: K\u0131sa Kollu Ti\u015f\u00f6rt Men\u015fei: TR<\/p>\n","protected":false},"featured_media":190320,"comment_status":"open","ping_status":"closed","template":"","meta":[],"product_brand":[],"product_cat":[8739,8694,8742,8697,8700],"product_tag":[12254,12252,12253,12256],"class_list":{"0":"post-190325","1":"product","2":"type-product","3":"status-publish","4":"has-post-thumbnail","6":"product_cat-erkek-cocuklar-2-14-yas","7":"product_cat-cocuklar","8":"product_cat-tisortler-gomlekler","9":"product_cat-yenidogan-0-12-ay","10":"product_cat-yenidogan-giyim","11":"product_tag-baby-boy-marvel-spiderman-t-shirt","12":"product_tag-blue-baby-boy-marvel-spiderman-t-shirt","13":"product_tag-blue-marvel-spiderman-baby-boy-t-shirt","14":"product_tag-marvel-spiderman-baby-boy-t-shirt","15":"pa_brand-defacto","16":"pa_color-mavi","17":"pa_size-18-24-ay-92cm","18":"pa_size-2-3-yas-98cm","19":"pa_size-3-4-yas-104-cm","20":"pa_size-4-5-yas-110cm","21":"pa_size-5-6-yas-116cm","23":"first","24":"instock","25":"sale","26":"shipping-taxable","27":"purchasable","28":"product-type-variable"},"_links":{"self":[{"href":"https:\/\/mod.wisdar.net\/tr\/wp-json\/wp\/v2\/product\/190325","targetHints":{"allow":["GET"]}}],"collection":[{"href":"https:\/\/mod.wisdar.net\/tr\/wp-json\/wp\/v2\/product"}],"about":[{"href":"https:\/\/mod.wisdar.net\/tr\/wp-json\/wp\/v2\/types\/product"}],"replies":[{"embeddable":true,"href":"https:\/\/mod.wisdar.net\/tr\/wp-json\/wp\/v2\/comments?post=190325"}],"wp:featuredmedia":[{"embeddable":true,"href":"https:\/\/mod.wisdar.net\/tr\/wp-json\/wp\/v2\/media\/190320"}],"wp:attachment":[{"href":"https:\/\/mod.wisdar.net\/tr\/wp-json\/wp\/v2\/media?parent=190325"}],"wp:term":[{"taxonomy":"product_brand","embeddable":true,"href":"https:\/\/mod.wisdar.net\/tr\/wp-json\/wp\/v2\/product_brand?post=190325"},{"taxonomy":"product_cat","embeddable":true,"href":"https:\/\/mod.wisdar.net\/tr\/wp-json\/wp\/v2\/product_cat?post=190325"},{"taxonomy":"product_tag","embeddable":true,"href":"https:\/\/mod.wisdar.net\/tr\/wp-json\/wp\/v2\/product_tag?post=190325"}],"curies":[{"name":"wp","href":"https:\/\/api.w.org\/{rel}","templated":true}]}}