{"id":190356,"date":"2026-03-31T16:44:30","date_gmt":"2026-03-31T16:44:30","guid":{"rendered":"https:\/\/modesthanim.com\/product\/pamuklu-denim-sort-erkek-bebek\/"},"modified":"2026-03-31T16:45:24","modified_gmt":"2026-03-31T16:45:24","slug":"pamuklu-denim-sort-erkek-bebek","status":"publish","type":"product","link":"https:\/\/mod.wisdar.net\/tr\/urun\/pamuklu-denim-sort-erkek-bebek\/","title":{"rendered":"Pamuklu Denim \u015eort Erkek Bebek"},"content":{"rendered":"<p>Yumu\u015fak pamuklu dokusuyla tasarlanan denim \u015fort, erkek bebekler i\u00e7in konforlu ve \u015f\u0131k bir se\u00e7enektir. Hafif yap\u0131s\u0131 sayesinde s\u0131cak g\u00fcnlerde rahat bir kullan\u0131m sunarken, dayan\u0131kl\u0131 kuma\u015f\u0131yla g\u00fcnl\u00fck kombinlere kolayca uyum sa\u011flar.<\/p>\n<p>\u2014 Technical Details \u2014<br \/>\nCinsiyet: Erkek Bebek<br \/>\nKuma\u015f: Pamuklu<br \/>\nKal\u0131p: Regular F\u0131t<br \/>\nMen\u015fei: TR<br \/>\n\u00dcr\u00fcn Grubu: Erkek Bebek \u015eort<\/p>\n","protected":false},"excerpt":{"rendered":"<p>Yumu\u015fak pamuklu dokusuyla tasarlanan denim \u015fort, erkek bebekler i\u00e7in konforlu ve \u015f\u0131k bir se\u00e7enektir. Hafif yap\u0131s\u0131 sayesinde s\u0131cak g\u00fcnlerde rahat bir kullan\u0131m sunarken, dayan\u0131kl\u0131 kuma\u015f\u0131yla g\u00fcnl\u00fck kombinlere kolayca uyum sa\u011flar. \u2014 Technical Details \u2014 Cinsiyet: Erkek Bebek Kuma\u015f: Pamuklu Kal\u0131p: Regular F\u0131t Men\u015fei: TR \u00dcr\u00fcn Grubu: Erkek Bebek \u015eort<\/p>\n","protected":false},"featured_media":190353,"comment_status":"open","ping_status":"closed","template":"","meta":[],"product_brand":[],"product_cat":[8739,8694,8748,8697,8700],"product_tag":[12258,12259,12255,12257],"class_list":{"0":"post-190356","1":"product","2":"type-product","3":"status-publish","4":"has-post-thumbnail","6":"product_cat-erkek-cocuklar-2-14-yas","7":"product_cat-cocuklar","8":"product_cat-pantolonlar-sortlar","9":"product_cat-yenidogan-0-12-ay","10":"product_cat-yenidogan-giyim","11":"product_tag-baby-boy-cotton-denim-shorts-baby-boy","12":"product_tag-cotton-denim-shorts-baby-boy","13":"product_tag-gray-baby-boy-cotton-denim-shorts-baby-boy","14":"product_tag-gray-cotton-denim-shorts-baby-boy","15":"pa_brand-defacto","16":"pa_color-gri","17":"pa_size-12-18-ay-86cm","18":"pa_size-18-24-ay-92cm","19":"pa_size-2-3-yas-98cm","20":"pa_size-3-4-yas-104-cm","21":"pa_size-4-5-yas-110cm","22":"pa_size-5-6-yas-116cm","24":"first","25":"instock","26":"sale","27":"shipping-taxable","28":"purchasable","29":"product-type-variable"},"_links":{"self":[{"href":"https:\/\/mod.wisdar.net\/tr\/wp-json\/wp\/v2\/product\/190356","targetHints":{"allow":["GET"]}}],"collection":[{"href":"https:\/\/mod.wisdar.net\/tr\/wp-json\/wp\/v2\/product"}],"about":[{"href":"https:\/\/mod.wisdar.net\/tr\/wp-json\/wp\/v2\/types\/product"}],"replies":[{"embeddable":true,"href":"https:\/\/mod.wisdar.net\/tr\/wp-json\/wp\/v2\/comments?post=190356"}],"wp:featuredmedia":[{"embeddable":true,"href":"https:\/\/mod.wisdar.net\/tr\/wp-json\/wp\/v2\/media\/190353"}],"wp:attachment":[{"href":"https:\/\/mod.wisdar.net\/tr\/wp-json\/wp\/v2\/media?parent=190356"}],"wp:term":[{"taxonomy":"product_brand","embeddable":true,"href":"https:\/\/mod.wisdar.net\/tr\/wp-json\/wp\/v2\/product_brand?post=190356"},{"taxonomy":"product_cat","embeddable":true,"href":"https:\/\/mod.wisdar.net\/tr\/wp-json\/wp\/v2\/product_cat?post=190356"},{"taxonomy":"product_tag","embeddable":true,"href":"https:\/\/mod.wisdar.net\/tr\/wp-json\/wp\/v2\/product_tag?post=190356"}],"curies":[{"name":"wp","href":"https:\/\/api.w.org\/{rel}","templated":true}]}}