{"id":190418,"date":"2026-03-31T16:47:15","date_gmt":"2026-03-31T16:47:15","guid":{"rendered":"https:\/\/modesthanim.com\/product\/hayvan-baskili-2li-takim-erkek-bebek\/"},"modified":"2026-03-31T17:36:23","modified_gmt":"2026-03-31T17:36:23","slug":"hayvan-baskili-2li-takim-erkek-bebek","status":"publish","type":"product","link":"https:\/\/mod.wisdar.net\/tr\/urun\/hayvan-baskili-2li-takim-erkek-bebek\/","title":{"rendered":"Hayvan Bask\u0131l\u0131 2&#8217;li Tak\u0131m Erkek Bebek"},"content":{"rendered":"<p>Bebekler i\u00e7in \u015f\u0131k ve rahat 2 par\u00e7al\u0131 tak\u0131m; yumu\u015fak k\u0131sa kollu ti\u015f\u00f6rt ve ayarlanabilir ask\u0131l\u0131 tulumdan olu\u015fur. Nefes alabilen kuma\u015f\u0131 sayesinde miniklerin g\u00fcn boyu konforunu sa\u011flar.<\/p>\n<p>\u2014 Technical Details \u2014<br \/>\nCinsiyet: Erkek Bebek<br \/>\nKal\u0131p: Regular F\u0131t<br \/>\nTak\u0131m \u0130\u00e7eri\u011fi: 2&#8217;li<br \/>\nMarka: Defacto<br \/>\nMen\u015fei: TR<br \/>\n\u00dcr\u00fcn Grubu: Erkek Bebek Tak\u0131m \u2013 Set<\/p>\n","protected":false},"excerpt":{"rendered":"<p>Bebekler i\u00e7in \u015f\u0131k ve rahat 2 par\u00e7al\u0131 tak\u0131m; yumu\u015fak k\u0131sa kollu ti\u015f\u00f6rt ve ayarlanabilir ask\u0131l\u0131 tulumdan olu\u015fur. Nefes alabilen kuma\u015f\u0131 sayesinde miniklerin g\u00fcn boyu konforunu sa\u011flar. \u2014 Technical Details \u2014 Cinsiyet: Erkek Bebek Kal\u0131p: Regular F\u0131t Tak\u0131m \u0130\u00e7eri\u011fi: 2&#8217;li Marka: Defacto Men\u015fei: TR \u00dcr\u00fcn Grubu: Erkek Bebek Tak\u0131m \u2013 Set<\/p>\n","protected":false},"featured_media":190413,"comment_status":"open","ping_status":"closed","template":"","meta":[],"product_brand":[],"product_cat":[8703,8694,8706,8697],"product_tag":[7089,6751],"class_list":{"0":"post-190418","1":"product","2":"type-product","3":"status-publish","4":"has-post-thumbnail","6":"product_cat-bebek-setleri","7":"product_cat-cocuklar","8":"product_cat-tulum","9":"product_cat-yenidogan-0-12-ay","10":"product_tag-defacto","11":"product_tag-rahat","12":"pa_brand-defacto","13":"pa_color-sari","14":"pa_size-12-18-ay-86cm","15":"pa_size-18-24-ay-92cm","16":"pa_size-2-3-yas-98cm","17":"pa_size-3-4-yas-104-cm","18":"pa_size-4-5-yas-110cm","19":"pa_size-5-6-yas-116cm","20":"pa_size-9-12-ay-80cm","22":"first","23":"instock","24":"sale","25":"shipping-taxable","26":"purchasable","27":"product-type-variable"},"_links":{"self":[{"href":"https:\/\/mod.wisdar.net\/tr\/wp-json\/wp\/v2\/product\/190418","targetHints":{"allow":["GET"]}}],"collection":[{"href":"https:\/\/mod.wisdar.net\/tr\/wp-json\/wp\/v2\/product"}],"about":[{"href":"https:\/\/mod.wisdar.net\/tr\/wp-json\/wp\/v2\/types\/product"}],"replies":[{"embeddable":true,"href":"https:\/\/mod.wisdar.net\/tr\/wp-json\/wp\/v2\/comments?post=190418"}],"wp:featuredmedia":[{"embeddable":true,"href":"https:\/\/mod.wisdar.net\/tr\/wp-json\/wp\/v2\/media\/190413"}],"wp:attachment":[{"href":"https:\/\/mod.wisdar.net\/tr\/wp-json\/wp\/v2\/media?parent=190418"}],"wp:term":[{"taxonomy":"product_brand","embeddable":true,"href":"https:\/\/mod.wisdar.net\/tr\/wp-json\/wp\/v2\/product_brand?post=190418"},{"taxonomy":"product_cat","embeddable":true,"href":"https:\/\/mod.wisdar.net\/tr\/wp-json\/wp\/v2\/product_cat?post=190418"},{"taxonomy":"product_tag","embeddable":true,"href":"https:\/\/mod.wisdar.net\/tr\/wp-json\/wp\/v2\/product_tag?post=190418"}],"curies":[{"name":"wp","href":"https:\/\/api.w.org\/{rel}","templated":true}]}}