{"id":190431,"date":"2026-03-31T16:47:27","date_gmt":"2026-03-31T16:47:27","guid":{"rendered":"https:\/\/modesthanim.com\/product\/hayvan-baskili-2li-takim-erkek-bebek-2\/"},"modified":"2026-04-11T22:21:12","modified_gmt":"2026-04-11T22:21:12","slug":"hayvan-baskili-2li-takim-erkek-bebek-2","status":"publish","type":"product","link":"https:\/\/mod.wisdar.net\/tr\/urun\/hayvan-baskili-2li-takim-erkek-bebek-2\/","title":{"rendered":"Hayvan Bask\u0131l\u0131 2&#8217;li Tak\u0131m Erkek Bebek"},"content":{"rendered":"<p>Bebekler i\u00e7in \u015f\u0131k ve rahat 2 par\u00e7al\u0131 tak\u0131m; yumu\u015fak krem rengi k\u0131sa kollu ti\u015f\u00f6rt ve ayarlanabilir ask\u0131l\u0131 tulumdan olu\u015fur. Nefes alabilen kuma\u015f\u0131 sayesinde miniklerin g\u00fcn boyu konforunu sa\u011flar.<\/p>\n<p>\u2014 Technical Details \u2014<br \/>\nKal\u0131p: Regular F\u0131t<br \/>\nTak\u0131m \u0130\u00e7eri\u011fi: 2&#8217;li<br \/>\nCinsiyet: Erkek Bebek<br \/>\nRenk: Ekru \/ A\u00e7\u0131k Ta\u015f<br \/>\nMarka: Defacto<br \/>\nMen\u015fei: TR<br \/>\n\u00dcr\u00fcn Grubu: Erkek Bebek Tak\u0131m \u2013 Set<\/p>\n","protected":false},"excerpt":{"rendered":"<p>Bebekler i\u00e7in \u015f\u0131k ve rahat 2 par\u00e7al\u0131 tak\u0131m; yumu\u015fak krem rengi k\u0131sa kollu ti\u015f\u00f6rt ve ayarlanabilir ask\u0131l\u0131 tulumdan olu\u015fur. Nefes alabilen kuma\u015f\u0131 sayesinde miniklerin g\u00fcn boyu konforunu sa\u011flar. \u2014 Technical Details \u2014 Kal\u0131p: Regular F\u0131t Tak\u0131m \u0130\u00e7eri\u011fi: 2&#8217;li Cinsiyet: Erkek Bebek Renk: Ekru \/ A\u00e7\u0131k Ta\u015f Marka: Defacto Men\u015fei: TR \u00dcr\u00fcn Grubu: Erkek Bebek Tak\u0131m [&hellip;]<\/p>\n","protected":false},"featured_media":190426,"comment_status":"open","ping_status":"closed","template":"","meta":[],"product_brand":[],"product_cat":[8703,8694,8706,8697],"product_tag":[12263,12262,12261,12260],"class_list":{"0":"post-190431","1":"product","2":"type-product","3":"status-publish","4":"has-post-thumbnail","6":"product_cat-bebek-setleri","7":"product_cat-cocuklar","8":"product_cat-tulum","9":"product_cat-yenidogan-0-12-ay","10":"product_tag-animal-print-2-piece-set-baby-boy","11":"product_tag-baby-boy-animal-print-2-piece-set","12":"product_tag-ecru-animal-print-2-piece-set-baby-boy","13":"product_tag-ecru-baby-boy-animal-print-2-piece-set","14":"pa_brand-defacto","15":"pa_color-acik-tas","16":"pa_color-sari","17":"pa_size-12-18-ay-86cm","18":"pa_size-18-24-ay-92cm","19":"pa_size-2-3-yas-98cm","20":"pa_size-3-4-yas-104-cm","21":"pa_size-4-5-yas-110cm","22":"pa_size-5-6-yas-116cm","23":"pa_size-9-12-ay-80cm","25":"first","26":"instock","27":"sale","28":"shipping-taxable","29":"purchasable","30":"product-type-variable"},"_links":{"self":[{"href":"https:\/\/mod.wisdar.net\/tr\/wp-json\/wp\/v2\/product\/190431","targetHints":{"allow":["GET"]}}],"collection":[{"href":"https:\/\/mod.wisdar.net\/tr\/wp-json\/wp\/v2\/product"}],"about":[{"href":"https:\/\/mod.wisdar.net\/tr\/wp-json\/wp\/v2\/types\/product"}],"replies":[{"embeddable":true,"href":"https:\/\/mod.wisdar.net\/tr\/wp-json\/wp\/v2\/comments?post=190431"}],"wp:featuredmedia":[{"embeddable":true,"href":"https:\/\/mod.wisdar.net\/tr\/wp-json\/wp\/v2\/media\/190426"}],"wp:attachment":[{"href":"https:\/\/mod.wisdar.net\/tr\/wp-json\/wp\/v2\/media?parent=190431"}],"wp:term":[{"taxonomy":"product_brand","embeddable":true,"href":"https:\/\/mod.wisdar.net\/tr\/wp-json\/wp\/v2\/product_brand?post=190431"},{"taxonomy":"product_cat","embeddable":true,"href":"https:\/\/mod.wisdar.net\/tr\/wp-json\/wp\/v2\/product_cat?post=190431"},{"taxonomy":"product_tag","embeddable":true,"href":"https:\/\/mod.wisdar.net\/tr\/wp-json\/wp\/v2\/product_tag?post=190431"}],"curies":[{"name":"wp","href":"https:\/\/api.w.org\/{rel}","templated":true}]}}