{"id":190510,"date":"2026-03-31T16:52:44","date_gmt":"2026-03-31T16:52:44","guid":{"rendered":"https:\/\/modesthanim.com\/product\/kaykay-baskili-2li-takim-erkek-bebek\/"},"modified":"2026-04-15T22:04:29","modified_gmt":"2026-04-15T22:04:29","slug":"kaykay-baskili-2li-takim-erkek-bebek","status":"publish","type":"product","link":"https:\/\/mod.wisdar.net\/tr\/urun\/kaykay-baskili-2li-takim-erkek-bebek\/","title":{"rendered":"Kaykay Bask\u0131l\u0131 2&#8217;li Tak\u0131m Erkek Bebek"},"content":{"rendered":"<p>Erkek bebek kaykay bask\u0131l\u0131 2\u2019li tak\u0131m, yumu\u015fak ve nefes alabilen kuma\u015f\u0131yla g\u00fcn boyu rahatl\u0131k sa\u011flar. Ti\u015f\u00f6rt ve alt par\u00e7adan olu\u015fan set, miniklere hem \u015f\u0131k hem de e\u011flenceli bir g\u00f6r\u00fcn\u00fcm kazand\u0131r\u0131r.<\/p>\n<p>\u2014 Technical Details \u2014<br \/>\nKal\u0131p: Regular F\u0131t<br \/>\nYaka: Bisiklet Yaka<br \/>\nTak\u0131m \u0130\u00e7eri\u011fi: 2&#8217;li<br \/>\nCinsiyet: Erkek Bebek<br \/>\nRenk: K\u0131rm\u0131z\u0131<br \/>\nMen\u015fei: TR<\/p>\n","protected":false},"excerpt":{"rendered":"<p>Erkek bebek kaykay bask\u0131l\u0131 2\u2019li tak\u0131m, yumu\u015fak ve nefes alabilen kuma\u015f\u0131yla g\u00fcn boyu rahatl\u0131k sa\u011flar. Ti\u015f\u00f6rt ve alt par\u00e7adan olu\u015fan set, miniklere hem \u015f\u0131k hem de e\u011flenceli bir g\u00f6r\u00fcn\u00fcm kazand\u0131r\u0131r. \u2014 Technical Details \u2014 Kal\u0131p: Regular F\u0131t Yaka: Bisiklet Yaka Tak\u0131m \u0130\u00e7eri\u011fi: 2&#8217;li Cinsiyet: Erkek Bebek Renk: K\u0131rm\u0131z\u0131 Men\u015fei: TR<\/p>\n","protected":false},"featured_media":190505,"comment_status":"open","ping_status":"closed","template":"","meta":[],"product_brand":[],"product_cat":[8703,8745,8739,8694,8697],"product_tag":[12266,12264,12265,12267],"class_list":{"0":"post-190510","1":"product","2":"type-product","3":"status-publish","4":"has-post-thumbnail","6":"product_cat-bebek-setleri","7":"product_cat-erkek-cocuk-takimlari","8":"product_cat-erkek-cocuklar-2-14-yas","9":"product_cat-cocuklar","10":"product_cat-yenidogan-0-12-ay","11":"product_tag-baby-boy-skateboard-print-2-piece-set","12":"product_tag-red-baby-boy-skateboard-print-2-piece-set","13":"product_tag-red-skateboard-print-2-piece-set-baby-boy","14":"product_tag-skateboard-print-2-piece-set-baby-boy","15":"pa_brand-defacto","16":"pa_color-kirmizi","17":"pa_size-12-18-ay-86cm","18":"pa_size-18-24-ay-92cm","19":"pa_size-2-3-yas-98cm","20":"pa_size-3-4-yas-104-cm","21":"pa_size-4-5-yas-110cm","22":"pa_size-5-6-yas-116cm","23":"pa_size-9-12-ay-80cm","25":"first","26":"instock","27":"sale","28":"shipping-taxable","29":"purchasable","30":"product-type-variable"},"_links":{"self":[{"href":"https:\/\/mod.wisdar.net\/tr\/wp-json\/wp\/v2\/product\/190510","targetHints":{"allow":["GET"]}}],"collection":[{"href":"https:\/\/mod.wisdar.net\/tr\/wp-json\/wp\/v2\/product"}],"about":[{"href":"https:\/\/mod.wisdar.net\/tr\/wp-json\/wp\/v2\/types\/product"}],"replies":[{"embeddable":true,"href":"https:\/\/mod.wisdar.net\/tr\/wp-json\/wp\/v2\/comments?post=190510"}],"wp:featuredmedia":[{"embeddable":true,"href":"https:\/\/mod.wisdar.net\/tr\/wp-json\/wp\/v2\/media\/190505"}],"wp:attachment":[{"href":"https:\/\/mod.wisdar.net\/tr\/wp-json\/wp\/v2\/media?parent=190510"}],"wp:term":[{"taxonomy":"product_brand","embeddable":true,"href":"https:\/\/mod.wisdar.net\/tr\/wp-json\/wp\/v2\/product_brand?post=190510"},{"taxonomy":"product_cat","embeddable":true,"href":"https:\/\/mod.wisdar.net\/tr\/wp-json\/wp\/v2\/product_cat?post=190510"},{"taxonomy":"product_tag","embeddable":true,"href":"https:\/\/mod.wisdar.net\/tr\/wp-json\/wp\/v2\/product_tag?post=190510"}],"curies":[{"name":"wp","href":"https:\/\/api.w.org\/{rel}","templated":true}]}}