{"id":190525,"date":"2026-03-31T16:53:00","date_gmt":"2026-03-31T16:53:00","guid":{"rendered":"https:\/\/modesthanim.com\/product\/pike-polo-tisort-sort-2li-takim-erkek-bebek\/"},"modified":"2026-04-15T22:11:20","modified_gmt":"2026-04-15T22:11:20","slug":"pike-polo-tisort-sort-2li-takim-erkek-bebek","status":"publish","type":"product","link":"https:\/\/mod.wisdar.net\/tr\/urun\/pike-polo-tisort-sort-2li-takim-erkek-bebek\/","title":{"rendered":"Pike Polo Ti\u015f\u00f6rt \u015eort 2&#8217;li Tak\u0131m Erkek Bebek"},"content":{"rendered":"<p>Pike polo ti\u015f\u00f6rt ve \u015forttan olu\u015fan 2\u2019li tak\u0131m, yumu\u015fak ve nefes alabilen pike kuma\u015f\u0131, g\u00fcn boyu rahatl\u0131k sa\u011flar. \u00dcst ve alt par\u00e7an\u0131n uyumlu tasar\u0131m\u0131, g\u00fcnl\u00fck kullan\u0131m ve kombinler i\u00e7in pratik bir se\u00e7enek sunar.<\/p>\n<p>\u2014 Technical Details \u2014<br \/>\nsize_system: EU<br \/>\nsize_group: regular<br \/>\ngender: Erkek Bebek<br \/>\nfabric: Pike<br \/>\nfit: Regular F\u0131t<br \/>\nset_content: 2&#8217;li<br \/>\ncountry_of_origin: TR<\/p>\n","protected":false},"excerpt":{"rendered":"<p>Pike polo ti\u015f\u00f6rt ve \u015forttan olu\u015fan 2\u2019li tak\u0131m, yumu\u015fak ve nefes alabilen pike kuma\u015f\u0131, g\u00fcn boyu rahatl\u0131k sa\u011flar. \u00dcst ve alt par\u00e7an\u0131n uyumlu tasar\u0131m\u0131, g\u00fcnl\u00fck kullan\u0131m ve kombinler i\u00e7in pratik bir se\u00e7enek sunar. \u2014 Technical Details \u2014 size_system: EU size_group: regular gender: Erkek Bebek fabric: Pike fit: Regular F\u0131t set_content: 2&#8217;li country_of_origin: TR<\/p>\n","protected":false},"featured_media":190518,"comment_status":"open","ping_status":"closed","template":"","meta":[],"product_brand":[],"product_cat":[8703,8745,8739,8694,8697],"product_tag":[7354,6751],"class_list":{"0":"post-190525","1":"product","2":"type-product","3":"status-publish","4":"has-post-thumbnail","6":"product_cat-bebek-setleri","7":"product_cat-erkek-cocuk-takimlari","8":"product_cat-erkek-cocuklar-2-14-yas","9":"product_cat-cocuklar","10":"product_cat-yenidogan-0-12-ay","11":"product_tag-gunluk-giyim-2","12":"product_tag-rahat","13":"pa_brand-defacto","14":"pa_color-ekru","15":"pa_size-12-18-ay-86cm","16":"pa_size-18-24-ay-92cm","17":"pa_size-2-3-yas-98cm","18":"pa_size-3-4-yas-104-cm","19":"pa_size-4-5-yas-110cm","20":"pa_size-5-6-yas-116cm","21":"pa_size-9-12-ay-80cm","23":"first","24":"instock","25":"sale","26":"shipping-taxable","27":"purchasable","28":"product-type-variable"},"_links":{"self":[{"href":"https:\/\/mod.wisdar.net\/tr\/wp-json\/wp\/v2\/product\/190525","targetHints":{"allow":["GET"]}}],"collection":[{"href":"https:\/\/mod.wisdar.net\/tr\/wp-json\/wp\/v2\/product"}],"about":[{"href":"https:\/\/mod.wisdar.net\/tr\/wp-json\/wp\/v2\/types\/product"}],"replies":[{"embeddable":true,"href":"https:\/\/mod.wisdar.net\/tr\/wp-json\/wp\/v2\/comments?post=190525"}],"wp:featuredmedia":[{"embeddable":true,"href":"https:\/\/mod.wisdar.net\/tr\/wp-json\/wp\/v2\/media\/190518"}],"wp:attachment":[{"href":"https:\/\/mod.wisdar.net\/tr\/wp-json\/wp\/v2\/media?parent=190525"}],"wp:term":[{"taxonomy":"product_brand","embeddable":true,"href":"https:\/\/mod.wisdar.net\/tr\/wp-json\/wp\/v2\/product_brand?post=190525"},{"taxonomy":"product_cat","embeddable":true,"href":"https:\/\/mod.wisdar.net\/tr\/wp-json\/wp\/v2\/product_cat?post=190525"},{"taxonomy":"product_tag","embeddable":true,"href":"https:\/\/mod.wisdar.net\/tr\/wp-json\/wp\/v2\/product_tag?post=190525"}],"curies":[{"name":"wp","href":"https:\/\/api.w.org\/{rel}","templated":true}]}}