{"id":190582,"date":"2026-03-31T16:58:07","date_gmt":"2026-03-31T16:58:07","guid":{"rendered":"https:\/\/modesthanim.com\/product\/hayvan-desenli-pamuklu-2li-takim-erkek-bebek\/"},"modified":"2026-03-31T17:38:52","modified_gmt":"2026-03-31T17:38:52","slug":"hayvan-desenli-pamuklu-2li-takim-erkek-bebek","status":"publish","type":"product","link":"https:\/\/mod.wisdar.net\/tr\/urun\/hayvan-desenli-pamuklu-2li-takim-erkek-bebek\/","title":{"rendered":"Hayvan Desenli Pamuklu 2&#8217;li Tak\u0131m Erkek Bebek"},"content":{"rendered":"<p>Erkek bebek hayvan desenli pamuklu 2\u2019li tak\u0131m, yumu\u015fak ve nefes alabilen kuma\u015f\u0131yla miniklerin g\u00fcn boyu rahat etmesini sa\u011flar. Sevimli hayvan desenleri, e\u011flenceli ve \u015f\u0131k bir g\u00f6r\u00fcn\u00fcm kazand\u0131r\u0131r.<\/p>\n<p>\u2014 Technical Details \u2014<br \/>\nTak\u0131m \u0130\u00e7eri\u011fi: 2&#8217;li<br \/>\nRenk: Ekru<br \/>\nYaka: Polo Yaka<br \/>\nDesen: Hayvan Desenli<br \/>\nKal\u0131p: Regular F\u0131t<br \/>\nCinsiyet: Erkek Bebek<br \/>\nKuma\u015f: Pamuklu<br \/>\nMarka: Defacto<br \/>\nMen\u015fei: TR<br \/>\n\u00dcr\u00fcn Grubu: Erkek Bebek Tak\u0131m \u2013 Set<\/p>\n","protected":false},"excerpt":{"rendered":"<p>Erkek bebek hayvan desenli pamuklu 2\u2019li tak\u0131m, yumu\u015fak ve nefes alabilen kuma\u015f\u0131yla miniklerin g\u00fcn boyu rahat etmesini sa\u011flar. Sevimli hayvan desenleri, e\u011flenceli ve \u015f\u0131k bir g\u00f6r\u00fcn\u00fcm kazand\u0131r\u0131r. \u2014 Technical Details \u2014 Tak\u0131m \u0130\u00e7eri\u011fi: 2&#8217;li Renk: Ekru Yaka: Polo Yaka Desen: Hayvan Desenli Kal\u0131p: Regular F\u0131t Cinsiyet: Erkek Bebek Kuma\u015f: Pamuklu Marka: Defacto Men\u015fei: TR \u00dcr\u00fcn [&hellip;]<\/p>\n","protected":false},"featured_media":190577,"comment_status":"open","ping_status":"closed","template":"","meta":[],"product_brand":[],"product_cat":[8703,8745,8739,8694,8697],"product_tag":[12271,12270,12269,12268],"class_list":{"0":"post-190582","1":"product","2":"type-product","3":"status-publish","4":"has-post-thumbnail","6":"product_cat-bebek-setleri","7":"product_cat-erkek-cocuk-takimlari","8":"product_cat-erkek-cocuklar-2-14-yas","9":"product_cat-cocuklar","10":"product_cat-yenidogan-0-12-ay","11":"product_tag-animal-print-cotton-2-piece-set-baby-boy","12":"product_tag-baby-boy-animal-print-cotton-2-piece-set","13":"product_tag-ecru-animal-print-cotton-2-piece-set-baby-boy","14":"product_tag-ecru-baby-boy-animal-print-cotton-2-piece-set","15":"pa_brand-defacto","16":"pa_color-ekru","17":"pa_size-12-18-ay-86cm","18":"pa_size-18-24-ay-92cm","19":"pa_size-2-3-yas-98cm","20":"pa_size-3-4-yas-104-cm","21":"pa_size-4-5-yas-110cm","22":"pa_size-5-6-yas-116cm","23":"pa_size-9-12-ay-80cm","25":"first","26":"instock","27":"sale","28":"shipping-taxable","29":"purchasable","30":"product-type-variable"},"_links":{"self":[{"href":"https:\/\/mod.wisdar.net\/tr\/wp-json\/wp\/v2\/product\/190582","targetHints":{"allow":["GET"]}}],"collection":[{"href":"https:\/\/mod.wisdar.net\/tr\/wp-json\/wp\/v2\/product"}],"about":[{"href":"https:\/\/mod.wisdar.net\/tr\/wp-json\/wp\/v2\/types\/product"}],"replies":[{"embeddable":true,"href":"https:\/\/mod.wisdar.net\/tr\/wp-json\/wp\/v2\/comments?post=190582"}],"wp:featuredmedia":[{"embeddable":true,"href":"https:\/\/mod.wisdar.net\/tr\/wp-json\/wp\/v2\/media\/190577"}],"wp:attachment":[{"href":"https:\/\/mod.wisdar.net\/tr\/wp-json\/wp\/v2\/media?parent=190582"}],"wp:term":[{"taxonomy":"product_brand","embeddable":true,"href":"https:\/\/mod.wisdar.net\/tr\/wp-json\/wp\/v2\/product_brand?post=190582"},{"taxonomy":"product_cat","embeddable":true,"href":"https:\/\/mod.wisdar.net\/tr\/wp-json\/wp\/v2\/product_cat?post=190582"},{"taxonomy":"product_tag","embeddable":true,"href":"https:\/\/mod.wisdar.net\/tr\/wp-json\/wp\/v2\/product_tag?post=190582"}],"curies":[{"name":"wp","href":"https:\/\/api.w.org\/{rel}","templated":true}]}}