{"id":190716,"date":"2026-03-31T19:18:05","date_gmt":"2026-03-31T19:18:05","guid":{"rendered":"https:\/\/modesthanim.com\/product\/ekru-baskili-erkek-bebek-hastane-cikisi-seti\/"},"modified":"2026-04-15T21:03:50","modified_gmt":"2026-04-15T21:03:50","slug":"ekru-baskili-erkek-bebek-hastane-cikisi-seti","status":"publish","type":"product","link":"https:\/\/mod.wisdar.net\/tr\/urun\/ekru-baskili-erkek-bebek-hastane-cikisi-seti\/","title":{"rendered":"Ekru Bask\u0131l\u0131 Erkek Bebek Hastane \u00c7\u0131k\u0131\u015f\u0131 Seti"},"content":{"rendered":"<p>LCW baby Ekru Bask\u0131l\u0131 Erkek Bebek Hastane \u00c7\u0131k\u0131\u015f\u0131 Seti size \u00f6zel indirim, taksit ve kap\u0131da \u00f6deme avantajlar\u0131yla LCW&#8217;de! Hemen online al\u0131\u015fveri\u015f yap, \u00fcr\u00fcn kap\u0131na gelsin! \u2013 S6CO51Z1-LRA<\/p>\n<p>\u2014 Technical Details \u2014<br \/>\nMen\u015fei: Hindistan,Turk\u0131ye<br \/>\nSat\u0131c\u0131: LC Waikiki<br \/>\nMarka: LCW baby<br \/>\n\u00dcr\u00fcn Tipi: Tak\u0131m<br \/>\nCinsiyet: Erkek Bebek<br \/>\nKal\u0131p: Standart &amp; Regular<br \/>\nKuma\u015f: Penye<br \/>\nDesen: Bask\u0131l\u0131<br \/>\nYaka: Bisiklet Yaka<br \/>\nKal\u0131nl\u0131k: \u0130nce<br \/>\nKol Boyu: Uzun Kollu<br \/>\nPaket \u0130\u00e7eri\u011fi: 3&#8217;l\u00fc Paket<br \/>\nMalzeme: %100 Pamuk<br \/>\nKoleksiyon: Yenido\u011fan<br \/>\nPar\u00e7a Say\u0131s\u0131: 3 Par\u00e7a<br \/>\n\u00dcr\u00fcn Aksesuar\u0131: Bere<br \/>\nPatik \u00d6zelli\u011fi: Patikli<\/p>\n","protected":false},"excerpt":{"rendered":"<p>LCW baby Ekru Bask\u0131l\u0131 Erkek Bebek Hastane \u00c7\u0131k\u0131\u015f\u0131 Seti size \u00f6zel indirim, taksit ve kap\u0131da \u00f6deme avantajlar\u0131yla LCW&#8217;de! Hemen online al\u0131\u015fveri\u015f yap, \u00fcr\u00fcn kap\u0131na gelsin! \u2013 S6CO51Z1-LRA \u2014 Technical Details \u2014 Men\u015fei: Hindistan,Turk\u0131ye Sat\u0131c\u0131: LC Waikiki Marka: LCW baby \u00dcr\u00fcn Tipi: Tak\u0131m Cinsiyet: Erkek Bebek Kal\u0131p: Standart &amp; Regular Kuma\u015f: Penye Desen: Bask\u0131l\u0131 Yaka: Bisiklet [&hellip;]<\/p>\n","protected":false},"featured_media":190710,"comment_status":"open","ping_status":"closed","template":"","meta":[],"product_brand":[],"product_cat":[8703,8694,8706,8697],"product_tag":[8829,9015,12276,5427,8827,8825,8823,8836],"class_list":{"0":"post-190716","1":"product","2":"type-product","3":"status-publish","4":"has-post-thumbnail","6":"product_cat-bebek-setleri","7":"product_cat-cocuklar","8":"product_cat-tulum","9":"product_cat-yenidogan-0-12-ay","10":"product_tag-3-piece-set","11":"product_tag-baby-clothes","12":"product_tag-baby-shower-gift","13":"product_tag-cotton-set","14":"product_tag-ecru-print","15":"product_tag-hospital-set","16":"product_tag-newborn-boy","17":"product_tag-newborn-essentials","18":"pa_brand-lcw-baby","19":"pa_color-ekru","20":"pa_size-0-1-ay","21":"pa_size-1-3-ay","22":"pa_size-3-6-ay","23":"pa_size-6-9-ay","25":"first","26":"instock","27":"sale","28":"shipping-taxable","29":"purchasable","30":"product-type-variable"},"_links":{"self":[{"href":"https:\/\/mod.wisdar.net\/tr\/wp-json\/wp\/v2\/product\/190716","targetHints":{"allow":["GET"]}}],"collection":[{"href":"https:\/\/mod.wisdar.net\/tr\/wp-json\/wp\/v2\/product"}],"about":[{"href":"https:\/\/mod.wisdar.net\/tr\/wp-json\/wp\/v2\/types\/product"}],"replies":[{"embeddable":true,"href":"https:\/\/mod.wisdar.net\/tr\/wp-json\/wp\/v2\/comments?post=190716"}],"wp:featuredmedia":[{"embeddable":true,"href":"https:\/\/mod.wisdar.net\/tr\/wp-json\/wp\/v2\/media\/190710"}],"wp:attachment":[{"href":"https:\/\/mod.wisdar.net\/tr\/wp-json\/wp\/v2\/media?parent=190716"}],"wp:term":[{"taxonomy":"product_brand","embeddable":true,"href":"https:\/\/mod.wisdar.net\/tr\/wp-json\/wp\/v2\/product_brand?post=190716"},{"taxonomy":"product_cat","embeddable":true,"href":"https:\/\/mod.wisdar.net\/tr\/wp-json\/wp\/v2\/product_cat?post=190716"},{"taxonomy":"product_tag","embeddable":true,"href":"https:\/\/mod.wisdar.net\/tr\/wp-json\/wp\/v2\/product_tag?post=190716"}],"curies":[{"name":"wp","href":"https:\/\/api.w.org\/{rel}","templated":true}]}}