{"id":190850,"date":"2026-03-31T19:54:42","date_gmt":"2026-03-31T19:54:42","guid":{"rendered":"https:\/\/modesthanim.com\/product\/ekru-kiz-bebek-patik-corap-5li-2\/"},"modified":"2026-04-04T09:54:32","modified_gmt":"2026-04-04T09:54:32","slug":"ekru-kiz-bebek-patik-corap-5li-2","status":"publish","type":"product","link":"https:\/\/mod.wisdar.net\/tr\/urun\/ekru-kiz-bebek-patik-corap-5li-2\/","title":{"rendered":"Ekru K\u0131z Bebek Patik \u00c7orap 5&#8217;li"},"content":{"rendered":"<p>LCW baby Ekru K\u0131z Bebek Patik \u00c7orap 5&#8217;li size \u00f6zel indirim, taksit ve kap\u0131da \u00f6deme avantajlar\u0131yla LCW&#8217;de! Hemen online al\u0131\u015fveri\u015f yap, \u00fcr\u00fcn kap\u0131na gelsin! \u2013 S6EG39Z1-FDU<\/p>\n<p>\u2014 Technical Details \u2014<br \/>\nMen\u015fei: \u00c7in,Turk\u0131ye<br \/>\nSat\u0131c\u0131: LC Waikiki<br \/>\nMarka: LCW baby<br \/>\n\u00dcr\u00fcn Tipi: Patik \u00c7orap<br \/>\nCinsiyet: K\u0131z Bebek<br \/>\nDesen: Desenli<br \/>\nPaket \u0130\u00e7eri\u011fi: 5&#8217;li Paket<br \/>\nKal\u0131nl\u0131k: Orta Kal\u0131nl\u0131k<br \/>\nMalzeme: Y\u00fcksek Pamuk \u0130\u00e7erir<br \/>\nKoleksiyon: Yenido\u011fan<br \/>\nPar\u00e7a Say\u0131s\u0131: 5 Par\u00e7a<br \/>\nFonksiyonel \u00d6zellik: Kayd\u0131rmaz Taban<\/p>\n","protected":false},"excerpt":{"rendered":"<p>LCW baby Ekru K\u0131z Bebek Patik \u00c7orap 5&#8217;li size \u00f6zel indirim, taksit ve kap\u0131da \u00f6deme avantajlar\u0131yla LCW&#8217;de! Hemen online al\u0131\u015fveri\u015f yap, \u00fcr\u00fcn kap\u0131na gelsin! \u2013 S6EG39Z1-FDU \u2014 Technical Details \u2014 Men\u015fei: \u00c7in,Turk\u0131ye Sat\u0131c\u0131: LC Waikiki Marka: LCW baby \u00dcr\u00fcn Tipi: Patik \u00c7orap Cinsiyet: K\u0131z Bebek Desen: Desenli Paket \u0130\u00e7eri\u011fi: 5&#8217;li Paket Kal\u0131nl\u0131k: Orta Kal\u0131nl\u0131k Malzeme: [&hellip;]<\/p>\n","protected":false},"featured_media":190846,"comment_status":"open","ping_status":"closed","template":"","meta":[],"product_brand":[],"product_cat":[8694,8697,8700],"product_tag":[6753,7488],"class_list":{"0":"post-190850","1":"product","2":"type-product","3":"status-publish","4":"has-post-thumbnail","6":"product_cat-cocuklar","7":"product_cat-yenidogan-0-12-ay","8":"product_cat-yenidogan-giyim","9":"product_tag-bej","10":"product_tag-pamuk","11":"pa_brand-lcw-baby","12":"pa_color-ekru","13":"pa_size-14-16-0-6-ay","14":"pa_size-17-18-6-12-ay","15":"pa_size-19-22-12-24-ay","16":"pa_size-22-24-24-36-ay","17":"pa_size-23-26-3-4-yas","18":"pa_size-5-6-yas","20":"first","21":"instock","22":"sale","23":"shipping-taxable","24":"purchasable","25":"product-type-variable"},"_links":{"self":[{"href":"https:\/\/mod.wisdar.net\/tr\/wp-json\/wp\/v2\/product\/190850","targetHints":{"allow":["GET"]}}],"collection":[{"href":"https:\/\/mod.wisdar.net\/tr\/wp-json\/wp\/v2\/product"}],"about":[{"href":"https:\/\/mod.wisdar.net\/tr\/wp-json\/wp\/v2\/types\/product"}],"replies":[{"embeddable":true,"href":"https:\/\/mod.wisdar.net\/tr\/wp-json\/wp\/v2\/comments?post=190850"}],"wp:featuredmedia":[{"embeddable":true,"href":"https:\/\/mod.wisdar.net\/tr\/wp-json\/wp\/v2\/media\/190846"}],"wp:attachment":[{"href":"https:\/\/mod.wisdar.net\/tr\/wp-json\/wp\/v2\/media?parent=190850"}],"wp:term":[{"taxonomy":"product_brand","embeddable":true,"href":"https:\/\/mod.wisdar.net\/tr\/wp-json\/wp\/v2\/product_brand?post=190850"},{"taxonomy":"product_cat","embeddable":true,"href":"https:\/\/mod.wisdar.net\/tr\/wp-json\/wp\/v2\/product_cat?post=190850"},{"taxonomy":"product_tag","embeddable":true,"href":"https:\/\/mod.wisdar.net\/tr\/wp-json\/wp\/v2\/product_tag?post=190850"}],"curies":[{"name":"wp","href":"https:\/\/api.w.org\/{rel}","templated":true}]}}