{"id":190947,"date":"2026-03-31T19:59:29","date_gmt":"2026-03-31T19:59:29","guid":{"rendered":"https:\/\/modesthanim.com\/product\/turuncu-mickey-mouse-baskili-erkek-bebek-tisort-ve-sort\/"},"modified":"2026-04-15T20:26:21","modified_gmt":"2026-04-15T20:26:21","slug":"turuncu-mickey-mouse-baskili-erkek-bebek-tisort-ve-sort","status":"publish","type":"product","link":"https:\/\/mod.wisdar.net\/tr\/urun\/turuncu-mickey-mouse-baskili-erkek-bebek-tisort-ve-sort\/","title":{"rendered":"Turuncu Mickey Mouse Bask\u0131l\u0131 Erkek Bebek Ti\u015f\u00f6rt Ve \u015eort"},"content":{"rendered":"<p>LCW baby Turuncu Mickey Mouse Bask\u0131l\u0131 Erkek Bebek Ti\u015f\u00f6rt ve \u015eort size \u00f6zel indirim, taksit ve kap\u0131da \u00f6deme avantajlar\u0131yla LCW&#8217;de! Hemen online al\u0131\u015fveri\u015f yap, \u00fcr\u00fcn kap\u0131na gelsin! \u2013 S6BL56Z1-FXZ<\/p>\n<p>\u2014 Technical Details \u2014<br \/>\nMen\u015fei: Turk\u0131ye<br \/>\nSat\u0131c\u0131: LC Waikiki<br \/>\nMarka: LCW baby<br \/>\n\u00dcr\u00fcn Tipi: Tak\u0131m<br \/>\nCinsiyet: Erkek Bebek<br \/>\nKal\u0131p: Standart &amp; Regular<br \/>\nKuma\u015f: Penye<br \/>\nBel Fiti: Beli Lastikli<br \/>\nDesen: Bask\u0131l\u0131<br \/>\nYaka: Bisiklet Yaka<br \/>\nKal\u0131nl\u0131k: \u0130nce<br \/>\nKol Boyu: K\u0131sa Kollu<br \/>\nLisans: Mickey Mouse<br \/>\nMalzeme: %100 Pamuk<br \/>\nKoleksiyon: Yenido\u011fan<br \/>\nPar\u00e7a Say\u0131s\u0131: 2 Par\u00e7a<\/p>\n","protected":false},"excerpt":{"rendered":"<p>LCW baby Turuncu Mickey Mouse Bask\u0131l\u0131 Erkek Bebek Ti\u015f\u00f6rt ve \u015eort size \u00f6zel indirim, taksit ve kap\u0131da \u00f6deme avantajlar\u0131yla LCW&#8217;de! Hemen online al\u0131\u015fveri\u015f yap, \u00fcr\u00fcn kap\u0131na gelsin! \u2013 S6BL56Z1-FXZ \u2014 Technical Details \u2014 Men\u015fei: Turk\u0131ye Sat\u0131c\u0131: LC Waikiki Marka: LCW baby \u00dcr\u00fcn Tipi: Tak\u0131m Cinsiyet: Erkek Bebek Kal\u0131p: Standart &amp; Regular Kuma\u015f: Penye Bel Fiti: [&hellip;]<\/p>\n","protected":false},"featured_media":190941,"comment_status":"open","ping_status":"closed","template":"","meta":[],"product_brand":[],"product_cat":[8703,8694,8697],"product_tag":[8915,5427,10122,8937,12282,8916],"class_list":{"0":"post-190947","1":"product","2":"type-product","3":"status-publish","4":"has-post-thumbnail","6":"product_cat-bebek-setleri","7":"product_cat-cocuklar","8":"product_cat-yenidogan-0-12-ay","9":"product_tag-boys-baby-set","10":"product_tag-cotton-set","11":"product_tag-mickey-mouse-print","12":"product_tag-newborn-outfit","13":"product_tag-orange-clothing","14":"product_tag-t-shirt-and-shorts","15":"pa_brand-lcw-baby","16":"pa_color-turuncu","17":"pa_size-12-18-ay","18":"pa_size-18-24-ay","19":"pa_size-2-3-yas","20":"pa_size-3-4-yas","21":"pa_size-3-6-ay","22":"pa_size-6-9-ay","23":"pa_size-9-12-ay","25":"first","26":"instock","27":"sale","28":"shipping-taxable","29":"purchasable","30":"product-type-variable"},"_links":{"self":[{"href":"https:\/\/mod.wisdar.net\/tr\/wp-json\/wp\/v2\/product\/190947","targetHints":{"allow":["GET"]}}],"collection":[{"href":"https:\/\/mod.wisdar.net\/tr\/wp-json\/wp\/v2\/product"}],"about":[{"href":"https:\/\/mod.wisdar.net\/tr\/wp-json\/wp\/v2\/types\/product"}],"replies":[{"embeddable":true,"href":"https:\/\/mod.wisdar.net\/tr\/wp-json\/wp\/v2\/comments?post=190947"}],"wp:featuredmedia":[{"embeddable":true,"href":"https:\/\/mod.wisdar.net\/tr\/wp-json\/wp\/v2\/media\/190941"}],"wp:attachment":[{"href":"https:\/\/mod.wisdar.net\/tr\/wp-json\/wp\/v2\/media?parent=190947"}],"wp:term":[{"taxonomy":"product_brand","embeddable":true,"href":"https:\/\/mod.wisdar.net\/tr\/wp-json\/wp\/v2\/product_brand?post=190947"},{"taxonomy":"product_cat","embeddable":true,"href":"https:\/\/mod.wisdar.net\/tr\/wp-json\/wp\/v2\/product_cat?post=190947"},{"taxonomy":"product_tag","embeddable":true,"href":"https:\/\/mod.wisdar.net\/tr\/wp-json\/wp\/v2\/product_tag?post=190947"}],"curies":[{"name":"wp","href":"https:\/\/api.w.org\/{rel}","templated":true}]}}