{"id":19106,"date":"2025-11-07T20:16:06","date_gmt":"2025-11-02T14:05:07","guid":{"rendered":"https:\/\/modesthanim.com\/product\/yelekli-takim-elbise\/"},"modified":"2026-04-10T18:43:52","modified_gmt":"2026-04-10T18:43:52","slug":"yelekli-takim-elbise","status":"publish","type":"product","link":"https:\/\/mod.wisdar.net\/tr\/urun\/yelekli-takim-elbise\/","title":{"rendered":"Yelekli Tak\u0131m Elbise"},"content":{"rendered":"<p>Dokulu dokuma kuma\u015ftan \u00fcretilmi\u015f bu tak\u0131m, mandarin yaka, d\u00fc\u011fmeli yelek ve fermuarl\u0131 kapan\u0131\u015fa sahip panel detayl\u0131 geni\u015f maxi etek i\u00e7erir.<\/p>\n","protected":false},"excerpt":{"rendered":"<p>Dokulu dokuma kuma\u015ftan \u00fcretilmi\u015f bu tak\u0131m, mandarin yaka, d\u00fc\u011fmeli yelek ve fermuarl\u0131 kapan\u0131\u015fa sahip panel detayl\u0131 geni\u015f maxi etek i\u00e7erir.<\/p>\n","protected":false},"featured_media":19073,"comment_status":"open","ping_status":"closed","template":"","meta":[],"product_brand":[],"product_cat":[1900],"product_tag":[7865],"class_list":{"0":"post-19106","1":"product","2":"type-product","3":"status-publish","4":"has-post-thumbnail","6":"product_cat-koordinatlar-setler","7":"product_tag-dokulu","8":"pa_brand-fahhar","9":"pa_color-tas","10":"pa_size-1-36-38","11":"pa_size-2-40-42","12":"pa_size-4701","13":"pa_size-4706","14":"pa_size-4711","15":"pa_size-4713","17":"first","18":"instock","19":"sale","20":"shipping-taxable","21":"purchasable","22":"product-type-variable"},"_links":{"self":[{"href":"https:\/\/mod.wisdar.net\/tr\/wp-json\/wp\/v2\/product\/19106","targetHints":{"allow":["GET"]}}],"collection":[{"href":"https:\/\/mod.wisdar.net\/tr\/wp-json\/wp\/v2\/product"}],"about":[{"href":"https:\/\/mod.wisdar.net\/tr\/wp-json\/wp\/v2\/types\/product"}],"replies":[{"embeddable":true,"href":"https:\/\/mod.wisdar.net\/tr\/wp-json\/wp\/v2\/comments?post=19106"}],"wp:featuredmedia":[{"embeddable":true,"href":"https:\/\/mod.wisdar.net\/tr\/wp-json\/wp\/v2\/media\/19073"}],"wp:attachment":[{"href":"https:\/\/mod.wisdar.net\/tr\/wp-json\/wp\/v2\/media?parent=19106"}],"wp:term":[{"taxonomy":"product_brand","embeddable":true,"href":"https:\/\/mod.wisdar.net\/tr\/wp-json\/wp\/v2\/product_brand?post=19106"},{"taxonomy":"product_cat","embeddable":true,"href":"https:\/\/mod.wisdar.net\/tr\/wp-json\/wp\/v2\/product_cat?post=19106"},{"taxonomy":"product_tag","embeddable":true,"href":"https:\/\/mod.wisdar.net\/tr\/wp-json\/wp\/v2\/product_tag?post=19106"}],"curies":[{"name":"wp","href":"https:\/\/api.w.org\/{rel}","templated":true}]}}