{"id":191111,"date":"2026-03-31T20:12:04","date_gmt":"2026-03-31T20:12:04","guid":{"rendered":"https:\/\/modesthanim.com\/product\/gri-baskili-erkek-bebek-patik-corap-5li\/"},"modified":"2026-04-01T11:07:18","modified_gmt":"2026-04-01T11:07:18","slug":"gri-baskili-erkek-bebek-patik-corap-5li","status":"publish","type":"product","link":"https:\/\/mod.wisdar.net\/tr\/urun\/gri-baskili-erkek-bebek-patik-corap-5li\/","title":{"rendered":"Gri Bask\u0131l\u0131 Erkek Bebek Patik \u00c7orap 5&#8217;li"},"content":{"rendered":"<p>LCW baby Gri Bask\u0131l\u0131 Erkek Bebek Patik \u00c7orap 5&#8217;li size \u00f6zel indirim, taksit ve kap\u0131da \u00f6deme avantajlar\u0131yla LCW&#8217;de! Hemen online al\u0131\u015fveri\u015f yap, \u00fcr\u00fcn kap\u0131na gelsin! \u2013 S6EG52Z1-D2X<\/p>\n<p>\u2014 Technical Details \u2014<br \/>\nMen\u015fei: \u00c7in,Turk\u0131ye<br \/>\nSat\u0131c\u0131: LC Waikiki<br \/>\nMarka: LCW baby<br \/>\n\u00dcr\u00fcn Tipi: Patik \u00c7orap<br \/>\nCinsiyet: Erkek Bebek<br \/>\nKal\u0131p: Standart &amp; Regular<br \/>\nDesen: Bask\u0131l\u0131<br \/>\nPaket \u0130\u00e7eri\u011fi: 5&#8217;li Paket<br \/>\nKal\u0131nl\u0131k: Orta Kal\u0131nl\u0131k<br \/>\nMalzeme: Y\u00fcksek Pamuk \u0130\u00e7erir<br \/>\nKoleksiyon: Yenido\u011fan<br \/>\nPar\u00e7a Say\u0131s\u0131: 5 Par\u00e7a<\/p>\n","protected":false},"excerpt":{"rendered":"<p>LCW baby Gri Bask\u0131l\u0131 Erkek Bebek Patik \u00c7orap 5&#8217;li size \u00f6zel indirim, taksit ve kap\u0131da \u00f6deme avantajlar\u0131yla LCW&#8217;de! Hemen online al\u0131\u015fveri\u015f yap, \u00fcr\u00fcn kap\u0131na gelsin! \u2013 S6EG52Z1-D2X \u2014 Technical Details \u2014 Men\u015fei: \u00c7in,Turk\u0131ye Sat\u0131c\u0131: LC Waikiki Marka: LCW baby \u00dcr\u00fcn Tipi: Patik \u00c7orap Cinsiyet: Erkek Bebek Kal\u0131p: Standart &amp; Regular Desen: Bask\u0131l\u0131 Paket \u0130\u00e7eri\u011fi: 5&#8217;li [&hellip;]<\/p>\n","protected":false},"featured_media":191108,"comment_status":"open","ping_status":"closed","template":"","meta":[],"product_brand":[],"product_cat":[8694,8697,8700],"product_tag":[12288],"class_list":{"0":"post-191111","1":"product","2":"type-product","3":"status-publish","4":"has-post-thumbnail","6":"product_cat-cocuklar","7":"product_cat-yenidogan-0-12-ay","8":"product_cat-yenidogan-giyim","9":"product_tag-printed-mens-baby-sock-booties-5-pack","10":"pa_brand-lcw-baby","11":"pa_color-gri-melanj","12":"pa_size-14-16-1-6-ay","13":"pa_size-17-18-6-12-ay","14":"pa_size-19-22-12-24-ay","15":"pa_size-22-24-24-36-ay","16":"pa_size-23-26-3-4-yas","17":"pa_size-5-6-yas","19":"first","20":"instock","21":"sale","22":"shipping-taxable","23":"purchasable","24":"product-type-variable"},"_links":{"self":[{"href":"https:\/\/mod.wisdar.net\/tr\/wp-json\/wp\/v2\/product\/191111","targetHints":{"allow":["GET"]}}],"collection":[{"href":"https:\/\/mod.wisdar.net\/tr\/wp-json\/wp\/v2\/product"}],"about":[{"href":"https:\/\/mod.wisdar.net\/tr\/wp-json\/wp\/v2\/types\/product"}],"replies":[{"embeddable":true,"href":"https:\/\/mod.wisdar.net\/tr\/wp-json\/wp\/v2\/comments?post=191111"}],"wp:featuredmedia":[{"embeddable":true,"href":"https:\/\/mod.wisdar.net\/tr\/wp-json\/wp\/v2\/media\/191108"}],"wp:attachment":[{"href":"https:\/\/mod.wisdar.net\/tr\/wp-json\/wp\/v2\/media?parent=191111"}],"wp:term":[{"taxonomy":"product_brand","embeddable":true,"href":"https:\/\/mod.wisdar.net\/tr\/wp-json\/wp\/v2\/product_brand?post=191111"},{"taxonomy":"product_cat","embeddable":true,"href":"https:\/\/mod.wisdar.net\/tr\/wp-json\/wp\/v2\/product_cat?post=191111"},{"taxonomy":"product_tag","embeddable":true,"href":"https:\/\/mod.wisdar.net\/tr\/wp-json\/wp\/v2\/product_tag?post=191111"}],"curies":[{"name":"wp","href":"https:\/\/api.w.org\/{rel}","templated":true}]}}