{"id":191327,"date":"2026-03-31T20:25:29","date_gmt":"2026-03-31T20:25:29","guid":{"rendered":"https:\/\/modesthanim.com\/product\/kahverengi-bisiklet-yaka-erkek-bebek-tisort-3lu\/"},"modified":"2026-04-11T23:20:53","modified_gmt":"2026-04-11T23:20:53","slug":"kahverengi-bisiklet-yaka-erkek-bebek-tisort-3lu","status":"publish","type":"product","link":"https:\/\/mod.wisdar.net\/tr\/urun\/kahverengi-bisiklet-yaka-erkek-bebek-tisort-3lu\/","title":{"rendered":"Kahverengi Bisiklet Yaka Erkek Bebek Ti\u015f\u00f6rt 3&#8217;l\u00fc"},"content":{"rendered":"<p>LCW baby Kahverengi Bisiklet Yaka Erkek Bebek Ti\u015f\u00f6rt 3&#8217;l\u00fc size \u00f6zel indirim, taksit ve kap\u0131da \u00f6deme avantajlar\u0131yla LCW&#8217;de! Hemen online al\u0131\u015fveri\u015f yap, \u00fcr\u00fcn kap\u0131na gelsin! \u2013 S6E891Z1-GBL<\/p>\n<p>\u2014 Technical Details \u2014<br \/>\nMen\u015fei: Turk\u0131ye<br \/>\nSat\u0131c\u0131: LC Waikiki<br \/>\nMarka: LCW baby<br \/>\n\u00dcr\u00fcn Tipi: Ti\u015f\u00f6rt<br \/>\nCinsiyet: Erkek Bebek<br \/>\nKal\u0131p: Standart &amp; Regular<br \/>\nYaka: Bisiklet Yaka<br \/>\nDesen: D\u00fcz<br \/>\nKol Boyu: Uzun Kollu<br \/>\nMalzeme: Y\u00fcksek Pamuk \u0130\u00e7erir<br \/>\nKoleksiyon: Yenido\u011fan<br \/>\nPar\u00e7a Say\u0131s\u0131: 3 Par\u00e7a<br \/>\nPaket \u0130\u00e7eri\u011fi: 3&#8217;l\u00fc Paket<\/p>\n","protected":false},"excerpt":{"rendered":"<p>LCW baby Kahverengi Bisiklet Yaka Erkek Bebek Ti\u015f\u00f6rt 3&#8217;l\u00fc size \u00f6zel indirim, taksit ve kap\u0131da \u00f6deme avantajlar\u0131yla LCW&#8217;de! Hemen online al\u0131\u015fveri\u015f yap, \u00fcr\u00fcn kap\u0131na gelsin! \u2013 S6E891Z1-GBL \u2014 Technical Details \u2014 Men\u015fei: Turk\u0131ye Sat\u0131c\u0131: LC Waikiki Marka: LCW baby \u00dcr\u00fcn Tipi: Ti\u015f\u00f6rt Cinsiyet: Erkek Bebek Kal\u0131p: Standart &amp; Regular Yaka: Bisiklet Yaka Desen: D\u00fcz Kol [&hellip;]<\/p>\n","protected":false},"featured_media":191320,"comment_status":"open","ping_status":"closed","template":"","meta":[],"product_brand":[],"product_cat":[8694,8697,8700],"product_tag":[8110],"class_list":{"0":"post-191327","1":"product","2":"type-product","3":"status-publish","4":"has-post-thumbnail","6":"product_cat-cocuklar","7":"product_cat-yenidogan-0-12-ay","8":"product_cat-yenidogan-giyim","9":"product_tag-bisiklet-yaka-2","10":"pa_brand-lcw-baby","11":"pa_color-kahverengi","12":"pa_size-1-3-ay","13":"pa_size-12-18-ay","14":"pa_size-18-24-ay","15":"pa_size-2-3-yas","16":"pa_size-3-4-yas","17":"pa_size-3-6-ay","18":"pa_size-6-9-ay","19":"pa_size-9-12-ay","21":"first","22":"instock","23":"sale","24":"shipping-taxable","25":"purchasable","26":"product-type-variable"},"_links":{"self":[{"href":"https:\/\/mod.wisdar.net\/tr\/wp-json\/wp\/v2\/product\/191327","targetHints":{"allow":["GET"]}}],"collection":[{"href":"https:\/\/mod.wisdar.net\/tr\/wp-json\/wp\/v2\/product"}],"about":[{"href":"https:\/\/mod.wisdar.net\/tr\/wp-json\/wp\/v2\/types\/product"}],"replies":[{"embeddable":true,"href":"https:\/\/mod.wisdar.net\/tr\/wp-json\/wp\/v2\/comments?post=191327"}],"wp:featuredmedia":[{"embeddable":true,"href":"https:\/\/mod.wisdar.net\/tr\/wp-json\/wp\/v2\/media\/191320"}],"wp:attachment":[{"href":"https:\/\/mod.wisdar.net\/tr\/wp-json\/wp\/v2\/media?parent=191327"}],"wp:term":[{"taxonomy":"product_brand","embeddable":true,"href":"https:\/\/mod.wisdar.net\/tr\/wp-json\/wp\/v2\/product_brand?post=191327"},{"taxonomy":"product_cat","embeddable":true,"href":"https:\/\/mod.wisdar.net\/tr\/wp-json\/wp\/v2\/product_cat?post=191327"},{"taxonomy":"product_tag","embeddable":true,"href":"https:\/\/mod.wisdar.net\/tr\/wp-json\/wp\/v2\/product_tag?post=191327"}],"curies":[{"name":"wp","href":"https:\/\/api.w.org\/{rel}","templated":true}]}}