{"id":19136,"date":"2025-11-07T20:16:06","date_gmt":"2025-11-02T14:05:44","guid":{"rendered":"https:\/\/modesthanim.com\/product\/bordo-pece-ceket-elbise-takimi\/"},"modified":"2026-04-15T20:37:38","modified_gmt":"2026-04-15T20:37:38","slug":"bordo-pece-ceket-elbise-takimi","status":"publish","type":"product","link":"https:\/\/mod.wisdar.net\/tr\/urun\/bordo-pece-ceket-elbise-takimi\/","title":{"rendered":"Bordo Pe\u00e7e Ceket Elbise Tak\u0131m\u0131"},"content":{"rendered":"<p>Y\u00fczde y\u00fcz pamuk pe\u00e7e kuma\u015ftan yap\u0131lm\u0131\u015f bu tak\u0131m, \u00f6n ba\u011flamal\u0131 k\u0131sa ceket ve geni\u015f kollu, arkas\u0131 fermuarl\u0131 kal\u0131n ask\u0131l\u0131 elbise ile e\u015fle\u015ftirilmi\u015ftir.<\/p>\n<p>Beden 36 \u00d6l\u00e7\u00fcleri: Uzunluk: 143 cm, Kol Uzunlu\u011fu: 61 cm, Omuz Geni\u015fli\u011fi: 39 cm, G\u00f6\u011f\u00fcs: 47 cm, Bel: 42 cm.<\/p>\n<p>\u2014 Teknik Detaylar \u2014<br \/>\nBeden 36 \u00d6l\u00e7\u00fcleri: Uzunluk: 143 cm, Kol Uzunlu\u011fu: 61 cm, Omuz Geni\u015fli\u011fi: 39 cm, G\u00f6\u011f\u00fcs: 47 cm, Bel: 42 cm.<\/p>\n","protected":false},"excerpt":{"rendered":"<p>Y\u00fczde y\u00fcz pamuk pe\u00e7e kuma\u015ftan yap\u0131lm\u0131\u015f bu tak\u0131m, \u00f6n ba\u011flamal\u0131 k\u0131sa ceket ve geni\u015f kollu, arkas\u0131 fermuarl\u0131 kal\u0131n ask\u0131l\u0131 elbise ile e\u015fle\u015ftirilmi\u015ftir. Beden 36 \u00d6l\u00e7\u00fcleri: Uzunluk: 143 cm, Kol Uzunlu\u011fu: 61 cm, Omuz Geni\u015fli\u011fi: 39 cm, G\u00f6\u011f\u00fcs: 47 cm, Bel: 42 cm. \u2014 Teknik Detaylar \u2014 Beden 36 \u00d6l\u00e7\u00fcleri: Uzunluk: 143 cm, Kol Uzunlu\u011fu: 61 [&hellip;]<\/p>\n","protected":false},"featured_media":19108,"comment_status":"open","ping_status":"closed","template":"","meta":[],"product_brand":[],"product_cat":[1900],"product_tag":[5012,7547],"class_list":{"0":"post-19136","1":"product","2":"type-product","3":"status-publish","4":"has-post-thumbnail","6":"product_cat-koordinatlar-setler","7":"product_tag-elegant","8":"product_tag-kadin-giyim","9":"pa_brand-fahhar","10":"pa_color-bordo","11":"pa_size-1-36-38","12":"pa_size-2-40-42","14":"first","15":"outofstock","16":"shipping-taxable","17":"product-type-variable"},"_links":{"self":[{"href":"https:\/\/mod.wisdar.net\/tr\/wp-json\/wp\/v2\/product\/19136","targetHints":{"allow":["GET"]}}],"collection":[{"href":"https:\/\/mod.wisdar.net\/tr\/wp-json\/wp\/v2\/product"}],"about":[{"href":"https:\/\/mod.wisdar.net\/tr\/wp-json\/wp\/v2\/types\/product"}],"replies":[{"embeddable":true,"href":"https:\/\/mod.wisdar.net\/tr\/wp-json\/wp\/v2\/comments?post=19136"}],"wp:featuredmedia":[{"embeddable":true,"href":"https:\/\/mod.wisdar.net\/tr\/wp-json\/wp\/v2\/media\/19108"}],"wp:attachment":[{"href":"https:\/\/mod.wisdar.net\/tr\/wp-json\/wp\/v2\/media?parent=19136"}],"wp:term":[{"taxonomy":"product_brand","embeddable":true,"href":"https:\/\/mod.wisdar.net\/tr\/wp-json\/wp\/v2\/product_brand?post=19136"},{"taxonomy":"product_cat","embeddable":true,"href":"https:\/\/mod.wisdar.net\/tr\/wp-json\/wp\/v2\/product_cat?post=19136"},{"taxonomy":"product_tag","embeddable":true,"href":"https:\/\/mod.wisdar.net\/tr\/wp-json\/wp\/v2\/product_tag?post=19136"}],"curies":[{"name":"wp","href":"https:\/\/api.w.org\/{rel}","templated":true}]}}