{"id":191713,"date":"2026-03-31T20:47:18","date_gmt":"2026-03-31T20:47:18","guid":{"rendered":"https:\/\/modesthanim.com\/product\/mor-kiz-bebek-tisort-ve-desenli-tayt\/"},"modified":"2026-04-15T22:46:18","modified_gmt":"2026-04-15T22:46:18","slug":"mor-kiz-bebek-tisort-ve-desenli-tayt","status":"publish","type":"product","link":"https:\/\/mod.wisdar.net\/tr\/urun\/mor-kiz-bebek-tisort-ve-desenli-tayt\/","title":{"rendered":"Mor K\u0131z Bebek Ti\u015f\u00f6rt ve Desenli Tayt"},"content":{"rendered":"<p>LCW baby Mor K\u0131z Bebek Ti\u015f\u00f6rt ve Desenli Tayt size \u00f6zel indirim, taksit ve kap\u0131da \u00f6deme avantajlar\u0131yla LCW&#8217;de! Hemen online al\u0131\u015fveri\u015f yap, \u00fcr\u00fcn kap\u0131na gelsin! \u2013 S6B452Z1-HPD<\/p>\n<p>\u2014 Technical Details \u2014<br \/>\n\u00dcr\u00fcn Tipi: Tak\u0131m<br \/>\nCinsiyet: K\u0131z Bebek<br \/>\nKuma\u015f: Penye<br \/>\nBel Fiti: Beli Lastikli<br \/>\nDesen: Bask\u0131l\u0131<br \/>\nYaka: Bisiklet Yaka<br \/>\nPa\u00e7a Fiti: Dar Pa\u00e7a<br \/>\nKal\u0131nl\u0131k: \u0130nce<br \/>\nKol Boyu: K\u0131sa Kollu<br \/>\nMalzeme: %100 Pamuk<br \/>\nKoleksiyon: Yenido\u011fan<br \/>\nPar\u00e7a Say\u0131s\u0131: 2 Par\u00e7a<\/p>\n","protected":false},"excerpt":{"rendered":"<p>LCW baby Mor K\u0131z Bebek Ti\u015f\u00f6rt ve Desenli Tayt size \u00f6zel indirim, taksit ve kap\u0131da \u00f6deme avantajlar\u0131yla LCW&#8217;de! Hemen online al\u0131\u015fveri\u015f yap, \u00fcr\u00fcn kap\u0131na gelsin! \u2013 S6B452Z1-HPD \u2014 Technical Details \u2014 \u00dcr\u00fcn Tipi: Tak\u0131m Cinsiyet: K\u0131z Bebek Kuma\u015f: Penye Bel Fiti: Beli Lastikli Desen: Bask\u0131l\u0131 Yaka: Bisiklet Yaka Pa\u00e7a Fiti: Dar Pa\u00e7a Kal\u0131nl\u0131k: \u0130nce Kol [&hellip;]<\/p>\n","protected":false},"featured_media":191707,"comment_status":"open","ping_status":"closed","template":"","meta":[],"product_brand":[],"product_cat":[8703,8694,8697],"product_tag":[8022,7444,7054,7488,7480],"class_list":{"0":"post-191713","1":"product","2":"type-product","3":"status-publish","4":"has-post-thumbnail","6":"product_cat-bebek-setleri","7":"product_cat-cocuklar","8":"product_cat-yenidogan-0-12-ay","9":"product_tag-baskili-2","10":"product_tag-jarse","11":"product_tag-mor","12":"product_tag-pamuk","13":"product_tag-tayt","14":"pa_brand-lcw-baby","15":"pa_color-mor","16":"pa_size-1-3-ay","17":"pa_size-12-18-ay","18":"pa_size-18-24-ay","19":"pa_size-2-3-yas","20":"pa_size-3-4-yas","21":"pa_size-3-6-ay","22":"pa_size-6-9-ay","23":"pa_size-9-12-ay","25":"first","26":"instock","27":"sale","28":"shipping-taxable","29":"purchasable","30":"product-type-variable"},"_links":{"self":[{"href":"https:\/\/mod.wisdar.net\/tr\/wp-json\/wp\/v2\/product\/191713","targetHints":{"allow":["GET"]}}],"collection":[{"href":"https:\/\/mod.wisdar.net\/tr\/wp-json\/wp\/v2\/product"}],"about":[{"href":"https:\/\/mod.wisdar.net\/tr\/wp-json\/wp\/v2\/types\/product"}],"replies":[{"embeddable":true,"href":"https:\/\/mod.wisdar.net\/tr\/wp-json\/wp\/v2\/comments?post=191713"}],"wp:featuredmedia":[{"embeddable":true,"href":"https:\/\/mod.wisdar.net\/tr\/wp-json\/wp\/v2\/media\/191707"}],"wp:attachment":[{"href":"https:\/\/mod.wisdar.net\/tr\/wp-json\/wp\/v2\/media?parent=191713"}],"wp:term":[{"taxonomy":"product_brand","embeddable":true,"href":"https:\/\/mod.wisdar.net\/tr\/wp-json\/wp\/v2\/product_brand?post=191713"},{"taxonomy":"product_cat","embeddable":true,"href":"https:\/\/mod.wisdar.net\/tr\/wp-json\/wp\/v2\/product_cat?post=191713"},{"taxonomy":"product_tag","embeddable":true,"href":"https:\/\/mod.wisdar.net\/tr\/wp-json\/wp\/v2\/product_tag?post=191713"}],"curies":[{"name":"wp","href":"https:\/\/api.w.org\/{rel}","templated":true}]}}