{"id":191758,"date":"2026-03-31T20:48:39","date_gmt":"2026-03-31T20:48:39","guid":{"rendered":"https:\/\/modesthanim.com\/product\/ekru-askili-kiz-bebek-citcitli-body-3lu\/"},"modified":"2026-04-15T20:33:53","modified_gmt":"2026-04-15T20:33:53","slug":"ekru-askili-kiz-bebek-citcitli-body-3lu","status":"publish","type":"product","link":"https:\/\/mod.wisdar.net\/tr\/urun\/ekru-askili-kiz-bebek-citcitli-body-3lu\/","title":{"rendered":"Ekru Ask\u0131l\u0131 K\u0131z Bebek \u00c7\u0131t\u00e7\u0131tl\u0131 Body 3&#8217;l\u00fc"},"content":{"rendered":"<p>LCW baby Ekru Ask\u0131l\u0131 K\u0131z Bebek \u00c7\u0131t\u00e7\u0131tl\u0131 Body 3&#8217;l\u00fc size \u00f6zel indirim, taksit ve kap\u0131da \u00f6deme avantajlar\u0131yla LCW&#8217;de! Hemen online al\u0131\u015fveri\u015f yap, \u00fcr\u00fcn kap\u0131na gelsin! \u2013 S68205Z1-R9J<\/p>\n<p>\u2014 Technical Details \u2014<br \/>\n\u00dcr\u00fcn Tipi: \u00c7\u0131t\u00e7\u0131tl\u0131 Body<br \/>\nCinsiyet: K\u0131z Bebek<br \/>\nKal\u0131p: Dar &amp; Slim<br \/>\nDesen: D\u00fcz<br \/>\nYaka: U Yaka<br \/>\nKol Boyu: Ask\u0131l\u0131<br \/>\nMalzeme: %100 Pamuk<br \/>\nPaket \u0130\u00e7eri\u011fi: 3&#8217;l\u00fc Paket<br \/>\nKoleksiyon: Yenido\u011fan<br \/>\nPar\u00e7a Say\u0131s\u0131: 3 Par\u00e7a<\/p>\n","protected":false},"excerpt":{"rendered":"<p>LCW baby Ekru Ask\u0131l\u0131 K\u0131z Bebek \u00c7\u0131t\u00e7\u0131tl\u0131 Body 3&#8217;l\u00fc size \u00f6zel indirim, taksit ve kap\u0131da \u00f6deme avantajlar\u0131yla LCW&#8217;de! Hemen online al\u0131\u015fveri\u015f yap, \u00fcr\u00fcn kap\u0131na gelsin! \u2013 S68205Z1-R9J \u2014 Technical Details \u2014 \u00dcr\u00fcn Tipi: \u00c7\u0131t\u00e7\u0131tl\u0131 Body Cinsiyet: K\u0131z Bebek Kal\u0131p: Dar &amp; Slim Desen: D\u00fcz Yaka: U Yaka Kol Boyu: Ask\u0131l\u0131 Malzeme: %100 Pamuk Paket \u0130\u00e7eri\u011fi: [&hellip;]<\/p>\n","protected":false},"featured_media":191753,"comment_status":"open","ping_status":"closed","template":"","meta":[],"product_brand":[],"product_cat":[8709,8694,8697],"product_tag":[4579,7700],"class_list":{"0":"post-191758","1":"product","2":"type-product","3":"status-publish","4":"has-post-thumbnail","6":"product_cat-bodyler-tulumlar","7":"product_cat-cocuklar","8":"product_cat-yenidogan-0-12-ay","9":"product_tag-100-cotton","10":"product_tag-lc-waikiki","11":"pa_brand-lcw-baby","12":"pa_color-ekru","13":"pa_size-1-3-ay","14":"pa_size-12-18-ay","15":"pa_size-3-6-ay","16":"pa_size-6-9-ay","17":"pa_size-9-12-ay","19":"first","20":"instock","21":"sale","22":"shipping-taxable","23":"purchasable","24":"product-type-variable"},"_links":{"self":[{"href":"https:\/\/mod.wisdar.net\/tr\/wp-json\/wp\/v2\/product\/191758","targetHints":{"allow":["GET"]}}],"collection":[{"href":"https:\/\/mod.wisdar.net\/tr\/wp-json\/wp\/v2\/product"}],"about":[{"href":"https:\/\/mod.wisdar.net\/tr\/wp-json\/wp\/v2\/types\/product"}],"replies":[{"embeddable":true,"href":"https:\/\/mod.wisdar.net\/tr\/wp-json\/wp\/v2\/comments?post=191758"}],"wp:featuredmedia":[{"embeddable":true,"href":"https:\/\/mod.wisdar.net\/tr\/wp-json\/wp\/v2\/media\/191753"}],"wp:attachment":[{"href":"https:\/\/mod.wisdar.net\/tr\/wp-json\/wp\/v2\/media?parent=191758"}],"wp:term":[{"taxonomy":"product_brand","embeddable":true,"href":"https:\/\/mod.wisdar.net\/tr\/wp-json\/wp\/v2\/product_brand?post=191758"},{"taxonomy":"product_cat","embeddable":true,"href":"https:\/\/mod.wisdar.net\/tr\/wp-json\/wp\/v2\/product_cat?post=191758"},{"taxonomy":"product_tag","embeddable":true,"href":"https:\/\/mod.wisdar.net\/tr\/wp-json\/wp\/v2\/product_tag?post=191758"}],"curies":[{"name":"wp","href":"https:\/\/api.w.org\/{rel}","templated":true}]}}